{"id":9921,"date":"2022-01-24T10:59:26","date_gmt":"2022-01-24T08:59:26","guid":{"rendered":"https:\/\/nicoteam.gr\/?post_type=product&#038;p=9921"},"modified":"2023-08-28T10:21:42","modified_gmt":"2023-08-28T08:21:42","slug":"accu-vtc5-18650-2600mah-30a","status":"publish","type":"product","link":"https:\/\/nicoteam.gr\/tr\/product\/accu-vtc5-18650-2600mah-30a\/","title":{"rendered":"Pil VTC5 18650 2600mAh 30A \u2013 SONY"},"content":{"rendered":"","protected":false},"excerpt":{"rendered":"<ul>\n<li>Kapasite: 2500 mAh<\/li>\n<li>A\u011f\u0131rl\u0131k: 48 gram<\/li>\n<li>Uzunluk 65 mm<\/li>\n<li>\u00c7ap 18mm<\/li>\n<li>S\u00fcrekli de\u015farj ak\u0131m\u0131 25A ve maksimum de\u015farj ak\u0131m\u0131 30A&#039;d\u0131r.<\/li>\n<li>Gerilim: 3,7V<\/li>\n<li>Minimum voltaj: 2,5V<\/li>\n<li>Maksimum voltaj: 4,2V<\/li>\n<\/ul>","protected":false},"featured_media":9923,"template":"","meta":{"_acf_changed":false,"_kadence_starter_templates_imported_post":false,"_kad_post_transparent":"","_kad_post_title":"","_kad_post_layout":"","_kad_post_sidebar_id":"","_kad_post_content_style":"","_kad_post_vertical_padding":"","_kad_post_feature":"","_kad_post_feature_position":"","_kad_post_header":false,"_kad_post_footer":false},"product_cat":[424],"product_tag":[441],"class_list":{"0":"post-9921","1":"product","2":"type-product","3":"status-publish","4":"has-post-thumbnail","6":"product_cat-batteries","7":"product_tag-sony","8":"product_shipping_class-mi-kapnika","10":"first","11":"instock","12":"taxable","13":"shipping-taxable","14":"purchasable","15":"product-type-simple","16":"entry","17":"content-bg","18":"loop-entry"},"acf":[],"_links":{"self":[{"href":"https:\/\/nicoteam.gr\/tr\/wp-json\/wp\/v2\/product\/9921","targetHints":{"allow":["GET"]}}],"collection":[{"href":"https:\/\/nicoteam.gr\/tr\/wp-json\/wp\/v2\/product"}],"about":[{"href":"https:\/\/nicoteam.gr\/tr\/wp-json\/wp\/v2\/types\/product"}],"wp:featuredmedia":[{"embeddable":true,"href":"https:\/\/nicoteam.gr\/tr\/wp-json\/wp\/v2\/media\/9923"}],"wp:attachment":[{"href":"https:\/\/nicoteam.gr\/tr\/wp-json\/wp\/v2\/media?parent=9921"}],"wp:term":[{"taxonomy":"product_cat","embeddable":true,"href":"https:\/\/nicoteam.gr\/tr\/wp-json\/wp\/v2\/product_cat?post=9921"},{"taxonomy":"product_tag","embeddable":true,"href":"https:\/\/nicoteam.gr\/tr\/wp-json\/wp\/v2\/product_tag?post=9921"}],"curies":[{"name":"wp","href":"https:\/\/api.w.org\/{rel}","templated":true}]}}