{"id":9899,"date":"2022-01-22T14:36:27","date_gmt":"2022-01-22T12:36:27","guid":{"rendered":"https:\/\/nicoteam.gr\/?post_type=product&#038;p=9899"},"modified":"2022-07-08T08:23:00","modified_gmt":"2022-07-08T06:23:00","slug":"joyetech-bf-ss316-1ohm","status":"publish","type":"product","link":"https:\/\/nicoteam.gr\/tr\/product\/joyetech-bf-ss316-1ohm\/","title":{"rendered":"Joyetech BF SS316 1,0 ohm"},"content":{"rendered":"","protected":false},"excerpt":{"rendered":"<p>BF serisi saf pamuk ba\u015fl\u0131klar hem elektronik sigara hem de elektronik sigara kullan\u0131m\u0131 i\u00e7in tasarlanm\u0131\u015ft\u0131r. \u00c7ok temiz lezzet sunumuyla p\u00fcr\u00fczs\u00fcz buhar \u00fcretirler.<\/p>","protected":false},"featured_media":9900,"template":"","meta":{"_acf_changed":false,"_kadence_starter_templates_imported_post":false,"_kad_post_transparent":"","_kad_post_title":"","_kad_post_layout":"","_kad_post_sidebar_id":"","_kad_post_content_style":"","_kad_post_vertical_padding":"","_kad_post_feature":"","_kad_post_feature_position":"","_kad_post_header":false,"_kad_post_footer":false},"product_cat":[147],"product_tag":[],"class_list":{"0":"post-9899","1":"product","2":"type-product","3":"status-publish","4":"has-post-thumbnail","6":"product_cat-coils","7":"product_shipping_class-mi-kapnika","9":"first","10":"instock","11":"taxable","12":"shipping-taxable","13":"purchasable","14":"product-type-simple","15":"entry","16":"content-bg","17":"loop-entry"},"acf":[],"_links":{"self":[{"href":"https:\/\/nicoteam.gr\/tr\/wp-json\/wp\/v2\/product\/9899","targetHints":{"allow":["GET"]}}],"collection":[{"href":"https:\/\/nicoteam.gr\/tr\/wp-json\/wp\/v2\/product"}],"about":[{"href":"https:\/\/nicoteam.gr\/tr\/wp-json\/wp\/v2\/types\/product"}],"wp:featuredmedia":[{"embeddable":true,"href":"https:\/\/nicoteam.gr\/tr\/wp-json\/wp\/v2\/media\/9900"}],"wp:attachment":[{"href":"https:\/\/nicoteam.gr\/tr\/wp-json\/wp\/v2\/media?parent=9899"}],"wp:term":[{"taxonomy":"product_cat","embeddable":true,"href":"https:\/\/nicoteam.gr\/tr\/wp-json\/wp\/v2\/product_cat?post=9899"},{"taxonomy":"product_tag","embeddable":true,"href":"https:\/\/nicoteam.gr\/tr\/wp-json\/wp\/v2\/product_tag?post=9899"}],"curies":[{"name":"wp","href":"https:\/\/api.w.org\/{rel}","templated":true}]}}