{"id":9894,"date":"2022-01-22T14:29:13","date_gmt":"2022-01-22T12:29:13","guid":{"rendered":"https:\/\/nicoteam.gr\/?post_type=product&#038;p=9894"},"modified":"2023-08-28T10:21:43","modified_gmt":"2023-08-28T08:21:43","slug":"nobacco-l-200-black","status":"publish","type":"product","link":"https:\/\/nicoteam.gr\/tr\/product\/nobacco-l-200-black\/","title":{"rendered":"Nobacco L-200 \u2013 Siyah"},"content":{"rendered":"<p class=\"cs95E872D0\"><span class=\"cs27F096C6\">\u039f NOBACCO L-200 \u03b5\u03af\u03bd\u03b1\u03b9 \u03ad\u03bd\u03b1\u03c2 \u03b1\u03c4\u03bc\u03bf\u03c0\u03bf\u03b9\u03b7\u03c4\u03ae\u03c2\u00a0<\/span><span class=\"cs6F1892A3\">T.P.D. Compliant<\/span><span class=\"cs27F096C6\">\u00a0\u03ba\u03b1\u03b8\u03ce\u03c2 \u03b7 \u03b4\u03b5\u03be\u03b1\u03bc\u03b5\u03bd\u03ae (tank) \u03c4\u03bf\u03c5 \u03ad\u03c7\u03b5\u03b9\u00a0<\/span><span class=\"cs6F1892A3\">\u03c7\u03c9\u03c1\u03b7\u03c4\u03b9\u03ba\u03cc\u03c4\u03b7\u03c4\u03b1 2ml<\/span><span class=\"cs27F096C6\">, \u03b5\u03bd\u03ce \u03bf \u03c3\u03c7\u03b5\u03b4\u03b9\u03b1\u03c3\u03bc\u03cc\u03c2 \u03c4\u03cd\u03c0\u03bf\u03c5 \u201c\u03c0\u03bf\u03c4\u03b7\u03c1\u03b9\u03bf\u03cd\u201d (top fill) \u03b5\u03ba\u03bc\u03b7\u03b4\u03b5\u03bd\u03af\u03b6\u03b5\u03b9 \u03c4\u03c5\u03c7\u03cc\u03bd \u03b4\u03b9\u03b1\u03c1\u03c1\u03bf\u03ad\u03c2.<\/span><\/p>\n<p class=\"cs95E872D0\"><span class=\"csBD37D128\">\u00a0<\/span><\/p>\n<p class=\"cs95E872D0\"><span class=\"cs27F096C6\">O \u03ba\u03bf\u03bc\u03c8\u03cc\u03c2 \u03c3\u03c7\u03b5\u03b4\u03b9\u03b1\u03c3\u03bc\u03cc\u03c2 \u03ba\u03b1\u03b9 \u03c4\u03bf \u03b9\u03b4\u03b1\u03bd\u03b9\u03ba\u03cc \u03c4\u03bf\u03c5 \u03bc\u03ad\u03b3\u03b5\u03b8\u03bf\u03c2 \u03ba\u03ac\u03bd\u03bf\u03c5\u03bd \u03c4\u03bf\u03bd L-200 \u03bd\u03b1 \u03be\u03b5\u03c7\u03c9\u03c1\u03af\u03b6\u03b5\u03b9 \u03b1\u03bc\u03ad\u03c3\u03c9\u03c2.<\/span><\/p>\n<p class=\"cs95E872D0\"><span class=\"cs27F096C6\">O \u03b1\u03c4\u03bc\u03bf\u03c0\u03bf\u03b9\u03b7\u03c4\u03ae\u03c2 \u03ad\u03c7\u03b5\u03b9\u00a0<\/span><span class=\"cs6F1892A3\">\u03b4\u03b9\u03ac\u03bc\u03b5\u03c4\u03c1\u03bf 22mm<\/span><span class=\"cs27F096C6\">,\u00a0<\/span><span class=\"cs6F1892A3\">\u03cd\u03c8\u03bf\u03c2 30mm<\/span><span class=\"cs27F096C6\">\u00a0(\u03c7\u03c9\u03c1\u03af\u03c2 \u03b5\u03c0\u03b9\u03c3\u03c4\u03cc\u03bc\u03b9\u03bf) \u03ba\u03b1\u03b9 \u03b5\u03be\u03b1\u03b9\u03c1\u03b5\u03c4\u03b9\u03ba\u03ac \u03bc\u03b9\u03ba\u03c1\u03cc\u00a0<\/span><span class=\"cs6F1892A3\">\u03b2\u03ac\u03c1\u03bf\u03c2 32\u03b3\u03c1<\/span><span class=\"cs27F096C6\">. (\u03c7\u03c9\u03c1\u03af\u03c2 \u03b5\u03c0\u03b9\u03c3\u03c4\u03cc\u03bc\u03b9\u03bf).<\/span><\/p>\n<p class=\"cs95E872D0\"><span class=\"cs27F096C6\">\u039f \u039d\u039fBACCO L-200, \u03bc\u03ad\u03c3\u03c9 \u03c4\u03bf\u03c5\u00a0<\/span><span class=\"cs6F1892A3\">\u03c3\u03c5\u03c3\u03c4\u03ae\u03bc\u03b1\u03c4\u03bf\u03c2 \u03b5\u03b9\u03c3\u03b1\u03b3\u03c9\u03b3\u03ae\u03c2 \u03b1\u03ad\u03c1\u03b1 \u03c3\u03c4\u03b7\u03bd \u03ba\u03bf\u03c1\u03c5\u03c6\u03ae<\/span><span class=\"cs27F096C6\">\u00a0(top airflow),\u00a0\u03bc\u03c0\u03bf\u03c1\u03b5\u03af \u03ba\u03b1\u03b9 \u03b4\u03b9\u03b1\u03c7\u03ad\u03b5\u03b9 \u03c4\u03bf\u03bd \u03b1\u03ad\u03c1\u03b1 \u03c4\u03cc\u03c3\u03bf \u03c3\u03c4\u03bf \u03ba\u03ac\u03c4\u03c9, \u03cc\u03c3\u03bf \u03ba\u03b1\u03b9 \u03c4\u03bf \u03ac\u03bd\u03c9 \u03bc\u03ad\u03c1\u03bf\u03c2 \u03c4\u03b7\u03c2 \u03b1\u03bd\u03c4\u03af\u03c3\u03c4\u03b1\u03c3\u03b7\u03c2, \u03c0\u03c1\u03bf\u03c3\u03c6\u03ad\u03c1\u03bf\u03bd\u03c4\u03b1\u03c2\u00a0<\/span><span class=\"cs6F1892A3\">\u03b2\u03ad\u03bb\u03c4\u03b9\u03c3\u03c4\u03b7 \u03ba\u03c5\u03ba\u03bb\u03bf\u03c6\u03bf\u03c1\u03af\u03b1 \u03b1\u03ad\u03c1\u03b1<\/span><span class=\"cs27F096C6\">\u00a0\u03b3\u03b9\u03b1\u00a0\u03ba\u03b1\u03bb\u03cd\u03c4\u03b5\u03c1\u03b7 \u03b8\u03b5\u03c1\u03bc\u03b9\u03ba\u03ae \u03ba\u03b1\u03c4\u03b1\u03bd\u03bf\u03bc\u03ae\u00a0\u03b5\u03bd\u03c4\u03cc\u03c2 \u03c4\u03b7\u03c2 \u03b1\u03bd\u03c4\u03af\u03c3\u03c4\u03b1\u03c3\u03b7\u03c2, \u03b1\u03c0\u03bf\u03b4\u03af\u03b4\u03bf\u03bd\u03c4\u03b1\u03c2<\/span><span class=\"cs6F1892A3\">\u00a0\u03ba\u03bf\u03c1\u03c5\u03c6\u03b1\u03af\u03b1 \u03b3\u03b5\u03cd\u03c3\u03b7<\/span><span class=\"cs27F096C6\">.<\/span><\/p>\n<p class=\"cs95E872D0\"><span class=\"cs27F096C6\">\u0397 \u03b5\u03b9\u03c3\u03b1\u03b3\u03c9\u03b3\u03ae \u03b1\u03ad\u03c1\u03b1 \u03b2\u03c1\u03af\u03c3\u03ba\u03b5\u03c4\u03b1\u03b9 \u03c3\u03c4\u03b7 \u03b2\u03ac\u03c3\u03b7 \u03c4\u03bf\u03c5 \u03b5\u03c0\u03b9\u03c3\u03c4\u03bf\u03bc\u03af\u03bf\u03c5 \u03ba\u03b1\u03b9 \u03bc\u03c0\u03bf\u03c1\u03b5\u03af \u03bd\u03b1 \u03c1\u03c5\u03b8\u03bc\u03b9\u03c3\u03c4\u03b5\u03af \u03b5\u03af\u03c4\u03b5 \u03b1\u03c0\u03cc \u03c4\u03bf \u03b5\u03c1\u03b3\u03bf\u03c3\u03c4\u03b1\u03c3\u03b9\u03b1\u03ba\u03cc \u03b5\u03c0\u03b9\u03c3\u03c4\u03cc\u03bc\u03b9\u03bf, \u03b5\u03af\u03c4\u03b5 \u03b1\u03c0\u03cc \u03c4\u03bf\u03bd \u03b1\u03bd\u03c4\u03ac\u03c0\u03c4\u03bf\u03c1\u03b1 \u03b3\u03b9\u03b1 \u03c4\u03b1 \u03b5\u03c0\u03b9\u03c3\u03c4\u03cc\u03bc\u03b9\u03b1 \u03c4\u03cd\u03c0\u03bf\u03c5 510.<\/span><\/p>\n<p class=\"cs95E872D0\"><span class=\"csBD37D128\">\u00a0<\/span><\/p>\n<p class=\"cs95E872D0\"><span class=\"cs27F096C6\">\u039f \u03b5\u03be\u03b5\u03bb\u03b9\u03b3\u03bc\u03ad\u03bd\u03bf\u03c2 \u03c4\u03c1\u03cc\u03c0\u03bf\u03c2\u00a0\u03bc\u03b5 \u03c4\u03bf\u03bd \u03bf\u03c0\u03bf\u03af\u03bf \u03b4\u03b9\u03b1\u03c7\u03ad\u03b5\u03c4\u03b1\u03b9 \u03bf \u03b1\u03c4\u03bc\u03cc\u03c2 \u03c3\u03c4\u03bf\u03bd \u03b1\u03c4\u03bc\u03bf\u03c0\u03bf\u03b9\u03b7\u03c4\u03ae, \u03c4\u03bf\u03bd \u03ba\u03b1\u03b8\u03b9\u03c3\u03c4\u03ac\u00a0\u03b9\u03b4\u03b1\u03bd\u03b9\u03ba\u03cc\u00a0\u03b1\u03ba\u03cc\u03bc\u03b1 \u03ba\u03b1\u03b9\u00a0\u03b3\u03b9\u03b1 \u03cc\u03c3\u03bf\u03c5\u03c2 \u03b1\u03c4\u03bc\u03b9\u03c3\u03c4\u03ad\u03c2 \u03b5\u03c0\u03b9\u03b8\u03c5\u03bc\u03bf\u03cd\u03bd \u03c0\u03b5\u03c1\u03b9\u03c3\u03c3\u03cc\u03c4\u03b5\u03c1\u03bf \u03c3\u03c6\u03b9\u03c7\u03c4\u03ad\u03c2 (&#8221;\u03c4\u03c3\u03b9\u03b3\u03b1\u03c1\u03af\u03c3\u03b9\u03b5\u03c2&#8221;) \u03b5\u03b9\u03c3\u03c0\u03bd\u03bf\u03ad\u03c2.<\/span><\/p>\n<p class=\"cs95E872D0\"><span class=\"cs27F096C6\">\u0391\u03bd\u03c4\u03b1\u03bb\u03bb\u03b1\u03ba\u03c4\u03b9\u03ba\u03ad\u03c2 \u03b1\u03bd\u03c4\u03b9\u03c3\u03c4\u03ac\u03c3\u03b5\u03b9\u03c2\u00a0<\/span><span class=\"cs6F1892A3\">1.2\u03a9<\/span><span class=\"cs27F096C6\">\u00a0Ve\u00a0<\/span><span class=\"cs6F1892A3\">1.8\u03a9<\/span><span class=\"cs27F096C6\">, \u03bc\u03b5\u00a0<\/span><span class=\"cs6F1892A3\">\u03bf\u03c1\u03b3\u03b1\u03bd\u03b9\u03ba\u03cc \u03b2\u03b1\u03bc\u03b2\u03ac\u03ba\u03b9<\/span><span class=\"cs27F096C6\">, \u03c0\u03b1\u03c1\u03ad\u03c7\u03bf\u03bd\u03c4\u03b1\u03b9 \u03bc\u03cc\u03bd\u03bf \u03b3\u03b9\u03b1 \u03bb\u03b5\u03b9\u03c4\u03bf\u03c5\u03c1\u03b3\u03af\u03b1 \u03b9\u03c3\u03c7\u03cd\u03bf\u03c2 (Kanthal Type).<\/span><\/p>\n<p class=\"cs95E872D0\"><span class=\"cs6F1892A3\">\u00a0<\/span><\/p>\n<p class=\"cs95E872D0\"><span class=\"cs6F1892A3\">\u0395\u03bd\u03c3\u03c9\u03bc\u03b1\u03c4\u03c9\u03bc\u03ad\u03bd\u03bf PEEK \u03b8\u03b5\u03c1\u03bc\u03bf\u03bc\u03bf\u03bd\u03c9\u03c4\u03b9\u03ba\u03cc<\/span><span class=\"cs27F096C6\">:<\/span><\/p>\n<p class=\"cs95E872D0\"><span class=\"cs27F096C6\">\u039f\u03b9 \u03b1\u03bd\u03c4\u03b9\u03c3\u03c4\u03ac\u03c3\u03b5\u03b9\u03c2 \u03c4\u03bf\u03c5 L-200 \u03b5\u03af\u03bd\u03b1\u03b9 \u03bf\u03b9\u00a0<\/span><span class=\"cs6F1892A3\">\u03c0\u03c1\u03ce\u03c4\u03b5\u03c2 \u03c0\u03b1\u03b3\u03ba\u03bf\u03c3\u03bc\u03af\u03c9\u03c2<\/span><span class=\"cs27F096C6\">\u00a0\u03c0\u03bf\u03c5 \u03c7\u03c1\u03b7\u03c3\u03b9\u03bc\u03bf\u03c0\u03bf\u03b9\u03bf\u03cd\u03bd<\/span><span class=\"cs6F1892A3\">\u03b8\u03b5\u03c1\u03bc\u03bf\u03bc\u03bf\u03bd\u03c9\u03c4\u03b9\u03ba\u03cc \u03b1\u03c0\u03cc PEEK<\/span><span class=\"cs27F096C6\">, \u03ad\u03bd\u03b1 \u03c0\u03bf\u03bb\u03c5\u03bc\u03b5\u03c1\u03ad\u03c2 \u03c4\u03bf \u03bf\u03c0\u03bf\u03af\u03bf \u03c7\u03b1\u03c1\u03b1\u03ba\u03c4\u03b7\u03c1\u03af\u03b6\u03b5\u03c4\u03b1\u03b9 \u03b1\u03c0\u03cc\u00a0<\/span><span class=\"cs6F1892A3\">\u03b5\u03be\u03b1\u03b9\u03c1\u03b5\u03c4\u03b9\u03ba\u03ac \u03bc\u03b5\u03b3\u03ac\u03bb\u03b7 \u03b8\u03b5\u03c1\u03bc\u03b9\u03ba\u03ae \u03bc\u03cc\u03bd\u03c9\u03c3\u03b7<\/span><span class=\"cs27F096C6\">, \u03b1\u03bd\u03b8\u03b5\u03ba\u03c4\u03b9\u03ba\u03cc \u03bc\u03ad\u03c7\u03c1\u03b9 \u03c4\u03bf\u03c5\u03c2 310\u00b0C, \u03b5\u03bd\u03ce \u03c4\u03b1\u03c5\u03c4\u03cc\u03c7\u03c1\u03bf\u03bd\u03b1 \u03b5\u03af\u03bd\u03b1\u03b9\u00a0<\/span><span class=\"cs6F1892A3\">food grade<\/span><span class=\"cs27F096C6\">\u00a0(\u03ba\u03b1\u03c4\u03ac\u03bb\u03bb\u03b7\u03bb\u03cc \u03b3\u03b9\u03b1 \u03b1\u03c0\u03bf\u03b8\u03ae\u03ba\u03b5\u03c5\u03c3\u03b7 \u03c4\u03c1\u03bf\u03c6\u03af\u03bc\u03c9\u03bd).<\/span><\/p>\n<p class=\"cs95E872D0\"><span class=\"cs27F096C6\">\u039c\u03b5 \u03c4\u03b7 \u03c7\u03c1\u03ae\u03c3\u03b7 \u03b1\u03c5\u03c4\u03ae\u03c2 \u03c4\u03b7\u03c2 \u03c4\u03b5\u03c7\u03bd\u03bf\u03bb\u03bf\u03b3\u03af\u03b1\u03c2 \u03bf\u03b9 \u03b1\u03bd\u03c4\u03b9\u03c3\u03c4\u03ac\u03c3\u03b5\u03b9\u03c2 \u03c4\u03bf\u03c5 \u03b1\u03c4\u03bc\u03bf\u03c0\u03bf\u03b9\u03b7\u03c4\u03ae L-200 \u03bc\u03c0\u03bf\u03c1\u03bf\u03cd\u03bd \u03bd\u03b1 \u03bb\u03b5\u03b9\u03c4\u03bf\u03c5\u03c1\u03b3\u03ae\u03c3\u03bf\u03c5\u03bd \u03c3\u03b5\u00a0<\/span><span class=\"cs6F1892A3\">\u03bc\u03b5\u03b3\u03ac\u03bb\u03bf \u03b5\u03cd\u03c1\u03bf\u03c2 \u03b9\u03c3\u03c7\u03cd\u03bf\u03c2<\/span><span class=\"cs27F096C6\">\u00a0\u03c7\u03c9\u03c1\u03af\u03c2 \u03bd\u03b1 \u03b5\u03ba\u03bb\u03cd\u03bf\u03c5\u03bd \u03c5\u03c0\u03b5\u03c1\u03b2\u03bf\u03bb\u03b9\u03ba\u03ae \u03b8\u03b5\u03c1\u03bc\u03cc\u03c4\u03b7\u03c4\u03b1.<\/span><\/p>","protected":false},"excerpt":{"rendered":"<p class=\"cs95E872D0\"><span class=\"cs4B1A97D6\"><span style=\"font-family: Arial;\">L-200 atomizer, NOBACCO DESIGN CENTER taraf\u0131ndan tasarlanm\u0131\u015f olup, temel \u00f6zellikleri kullan\u0131m kolayl\u0131\u011f\u0131, y\u00fcksek estetik ve m\u00fckemmel lezzet performans\u0131d\u0131r.<\/span><\/span><\/p>\n<p class=\"cs95E872D0\"><span class=\"cs4B1A97D6\"><span style=\"font-family: Arial;\">\u00dcst malzemelerden (paslanmaz \u00e7elik ve Pyrex cam) yap\u0131lm\u0131\u015f olup, s\u0131k\u0131 nefes alma arayanlar\u0131 kapsamak i\u00e7in hava giri\u015fine \u00f6nem verilmi\u015ftir.\u00a0<\/span><\/span><\/p>\n<p class=\"cs95E872D0\"><span class=\"cs4B1A97D6\"><span style=\"font-family: Arial;\">Herhangi bir elektronik sigara i\u00e7in kalite, performans ve fiyat\u0131n m\u00fckemmel bir birle\u015fimidir.<\/span><\/span><\/p>","protected":false},"featured_media":9895,"template":"","meta":{"_acf_changed":false,"_kadence_starter_templates_imported_post":false,"_kad_post_transparent":"","_kad_post_title":"","_kad_post_layout":"","_kad_post_sidebar_id":"","_kad_post_content_style":"","_kad_post_vertical_padding":"","_kad_post_feature":"","_kad_post_feature_position":"","_kad_post_header":false,"_kad_post_footer":false},"product_cat":[142],"product_tag":[191],"class_list":{"0":"post-9894","1":"product","2":"type-product","3":"status-publish","4":"has-post-thumbnail","6":"product_cat-atmopoites","7":"product_tag-nobacco","8":"product_shipping_class-mi-kapnika","10":"first","11":"instock","12":"taxable","13":"shipping-taxable","14":"purchasable","15":"product-type-simple","16":"entry","17":"content-bg","18":"loop-entry"},"acf":[],"_links":{"self":[{"href":"https:\/\/nicoteam.gr\/tr\/wp-json\/wp\/v2\/product\/9894","targetHints":{"allow":["GET"]}}],"collection":[{"href":"https:\/\/nicoteam.gr\/tr\/wp-json\/wp\/v2\/product"}],"about":[{"href":"https:\/\/nicoteam.gr\/tr\/wp-json\/wp\/v2\/types\/product"}],"wp:featuredmedia":[{"embeddable":true,"href":"https:\/\/nicoteam.gr\/tr\/wp-json\/wp\/v2\/media\/9895"}],"wp:attachment":[{"href":"https:\/\/nicoteam.gr\/tr\/wp-json\/wp\/v2\/media?parent=9894"}],"wp:term":[{"taxonomy":"product_cat","embeddable":true,"href":"https:\/\/nicoteam.gr\/tr\/wp-json\/wp\/v2\/product_cat?post=9894"},{"taxonomy":"product_tag","embeddable":true,"href":"https:\/\/nicoteam.gr\/tr\/wp-json\/wp\/v2\/product_tag?post=9894"}],"curies":[{"name":"wp","href":"https:\/\/api.w.org\/{rel}","templated":true}]}}