{"id":9870,"date":"2022-01-22T13:23:27","date_gmt":"2022-01-22T11:23:27","guid":{"rendered":"https:\/\/nicoteam.gr\/?post_type=product&#038;p=9870"},"modified":"2025-05-29T17:07:05","modified_gmt":"2025-05-29T15:07:05","slug":"innokin-go-z-pen-kit","status":"publish","type":"product","link":"https:\/\/nicoteam.gr\/tr\/product\/innokin-go-z-pen-kit\/","title":{"rendered":"Innokin Go Z Kalem Seti"},"content":{"rendered":"<h4>Go Z atomizer ve Go S pilinin birle\u015fimi.<\/h4>\n<p>Cihaz, Go Z atomizer ve 1500mah kapasiteli Go S bataryadan olu\u015fmakta olup, 20mm \u00e7ap\u0131nda ve 129mm y\u00fcksekli\u011findedir.<br \/>\nAtomizer, \u00e7\u0131kar\u0131labilir bir Z-Coil 1.6ohm bobin ve 2ml tank kapasitesiyle birlikte gelir. Y\u00fcksek kaliteli PCTG plastikten \u00fcretilmi\u015f olup darbelere ve y\u00fcksek s\u0131cakl\u0131klara dayan\u0131kl\u0131d\u0131r.<\/p>\n<p>Innokin&#039;in Go Z Pen Kiti, g\u00fcc\u00fc ve ta\u015f\u0131nabilirli\u011fi ince bir tasar\u0131mla birle\u015ftiriyor, Pen Style tasar\u0131m\u0131 ve minimum a\u011f\u0131rl\u0131\u011f\u0131yla cebimizde bile rahat\u00e7a ta\u015f\u0131nabiliyor.<\/p>\n<h3>Hava ak\u0131\u015f sistemi \u2013 Hava ak\u0131\u015f\u0131<\/h3>\n<p>Hava Ak\u0131\u015f\u0131n\u0131 ayarlayarak buharla\u015ft\u0131r\u0131c\u0131m\u0131za girmek istedi\u011fimiz hava ak\u0131\u015f\u0131n\u0131 se\u00e7ebiliriz. Hava atomizerin \u00fc\u00e7l\u00fc deli\u011finden veriliyor ve atomizerin alt k\u0131sm\u0131nda bulunan d\u00f6ner halka yard\u0131m\u0131yla hava ak\u0131\u015f\u0131n\u0131 hassas bir \u015fekilde istenilen seviyeye ayarlayabiliyoruz.<\/p>\n<h3>\u0130kmal sistemi | \u00dcstten doldurmal\u0131, \u00c7ocuklardan uzak<\/h3>\n<p>Go Z atomizerin 2ml tank kapasitesi ve \u00e7ocuklar\u0131n dolum s\u0131v\u0131s\u0131yla temas etmemesi i\u00e7in \u00f6zel koruma sistemi bulunmaktad\u0131r. S\u0131v\u0131, vaporizat\u00f6r\u00fcn \u00fcst k\u0131sm\u0131ndan yeniden doldurulur, b\u00f6ylece istenmeyen s\u0131z\u0131nt\u0131lar \u00f6nlenir.<\/p>\n<h3>Go Z atomizer, 1.6ohm Zenith Coil bobinleriyle uyumludur<\/h3>\n<p>Zenith 1.6ohm bobinler kullan\u0131c\u0131ya maksimum lezzet ve harika buhar \u00fcretimi sa\u011flayacak \u015fekilde tasarlanm\u0131\u015ft\u0131r.<\/p>\n<p>Direncin omik direnci ve g\u00fc\u00e7 aral\u0131\u011f\u0131:<\/p>\n<ul>\n<li>1,6ohm \u2013 10W \u2013 14W<\/li>\n<\/ul>\n<h3>Mikro USB \u015farj ba\u011flant\u0131 noktas\u0131<\/h3>\n<p>Cihaz Mikro Usb ba\u011flant\u0131 noktas\u0131 \u00fczerinden \u015farj edilir ve duvar adapt\u00f6r\u00fcne, Diz\u00fcst\u00fc Bilgisayara, G\u00fc\u00e7 Bankalar\u0131na, PC&#039;ye vb. ba\u011flanabilir.<\/p>\n<p>Harika \u00f6zelliklere sahip, ekonomik bir elektronik sigara seti isteyenler i\u00e7in ideal bir se\u00e7im.<\/p>\n<p><strong>Mevcut renkler:<\/strong>\u00a0Siyah, Metal, Paslanmaz, A\u00e7\u0131k Mavi, Pembe<\/p>","protected":false},"excerpt":{"rendered":"<ul>\n<li>Boyutlar: 20mm x 129mm<\/li>\n<li>Pil Kapasitesi: 1500 mah<\/li>\n<li>G\u00fc\u00e7: 13W \u2013 Sabit \u00e7\u0131k\u0131\u015f<\/li>\n<li>Konu: 510<\/li>\n<li>Diren\u00e7 aral\u0131\u011f\u0131: 0,6ohm \u2013 3,5ohm<\/li>\n<li>Doldurma sistemi: \u00dcstten Doldurma<\/li>\n<li>Hava ak\u0131\u015f\u0131: Ayarlanabilir hava ak\u0131\u015f\u0131 sistemi<\/li>\n<li>Tank Kapasitesi: 2ml<\/li>\n<li>Diren\u00e7: 1,6ohm Z-Bobin \u2013 \u00e7\u0131kar\u0131labilir<\/li>\n<li>Yap\u0131 Malzemesi: PCTG Plastik, Paslanmaz \u00c7elik<\/li>\n<\/ul>","protected":false},"featured_media":9880,"template":"","meta":{"_acf_changed":false,"_kadence_starter_templates_imported_post":false,"_kad_post_transparent":"","_kad_post_title":"","_kad_post_layout":"","_kad_post_sidebar_id":"","_kad_post_content_style":"","_kad_post_vertical_padding":"","_kad_post_feature":"","_kad_post_feature_position":"","_kad_post_header":false,"_kad_post_footer":false},"product_cat":[141,512],"product_tag":[187],"class_list":{"0":"post-9870","1":"product","2":"type-product","3":"status-publish","4":"has-post-thumbnail","6":"product_cat-kits","7":"product_cat-ensomatomeni-mpataria-kits","8":"product_tag-innokin","9":"product_shipping_class-mi-kapnika","11":"first","12":"instock","13":"taxable","14":"shipping-taxable","15":"purchasable","16":"product-type-variable","17":"entry","18":"content-bg","19":"loop-entry"},"acf":[],"_links":{"self":[{"href":"https:\/\/nicoteam.gr\/tr\/wp-json\/wp\/v2\/product\/9870","targetHints":{"allow":["GET"]}}],"collection":[{"href":"https:\/\/nicoteam.gr\/tr\/wp-json\/wp\/v2\/product"}],"about":[{"href":"https:\/\/nicoteam.gr\/tr\/wp-json\/wp\/v2\/types\/product"}],"wp:featuredmedia":[{"embeddable":true,"href":"https:\/\/nicoteam.gr\/tr\/wp-json\/wp\/v2\/media\/9880"}],"wp:attachment":[{"href":"https:\/\/nicoteam.gr\/tr\/wp-json\/wp\/v2\/media?parent=9870"}],"wp:term":[{"taxonomy":"product_cat","embeddable":true,"href":"https:\/\/nicoteam.gr\/tr\/wp-json\/wp\/v2\/product_cat?post=9870"},{"taxonomy":"product_tag","embeddable":true,"href":"https:\/\/nicoteam.gr\/tr\/wp-json\/wp\/v2\/product_tag?post=9870"}],"curies":[{"name":"wp","href":"https:\/\/api.w.org\/{rel}","templated":true}]}}