{"id":9841,"date":"2022-01-22T12:00:58","date_gmt":"2022-01-22T10:00:58","guid":{"rendered":"https:\/\/nicoteam.gr\/?post_type=product&#038;p=9841"},"modified":"2025-09-25T13:22:36","modified_gmt":"2025-09-25T11:22:36","slug":"nobacco-thelo","status":"publish","type":"product","link":"https:\/\/nicoteam.gr\/tr\/product\/nobacco-thelo\/","title":{"rendered":"Nobacco THELO"},"content":{"rendered":"","protected":false},"excerpt":{"rendered":"<p>THELO, kullan\u0131m\u0131 kolay cihaz\u0131n tan\u0131m\u0131d\u0131r.<br \/>\nPaslanmaz \u00e7elik metal g\u00f6vdeyle birle\u015ftirilmi\u015f silindirik tasar\u0131m\u0131 ideal kavrama ve dayan\u0131kl\u0131l\u0131k sunar.<br \/>\n2ml kapasiteli atomizer ve 1500mAh batarya ile THELO, g\u00fcn boyunca m\u00fckemmel \u00f6zerklik sunar.<br \/>\nAyr\u0131ca atomizerin manyetik ba\u011flant\u0131s\u0131 iki basit hareketle de\u011fi\u015ftirmenize olanak sa\u011flar.<\/p>","protected":false},"featured_media":9842,"template":"","meta":{"_acf_changed":false,"_kadence_starter_templates_imported_post":false,"_kad_post_transparent":"","_kad_post_title":"","_kad_post_layout":"","_kad_post_sidebar_id":"","_kad_post_content_style":"","_kad_post_vertical_padding":"","_kad_post_feature":"","_kad_post_feature_position":"","_kad_post_header":false,"_kad_post_footer":false},"product_cat":[131],"product_tag":[191],"class_list":{"0":"post-9841","1":"product","2":"type-product","3":"status-publish","4":"has-post-thumbnail","6":"product_cat-hlektroniko-tsigaro","7":"product_tag-nobacco","8":"product_shipping_class-mi-kapnika","10":"first","11":"instock","12":"sale","13":"taxable","14":"shipping-taxable","15":"purchasable","16":"product-type-variable","17":"entry","18":"content-bg","19":"loop-entry"},"acf":[],"_links":{"self":[{"href":"https:\/\/nicoteam.gr\/tr\/wp-json\/wp\/v2\/product\/9841","targetHints":{"allow":["GET"]}}],"collection":[{"href":"https:\/\/nicoteam.gr\/tr\/wp-json\/wp\/v2\/product"}],"about":[{"href":"https:\/\/nicoteam.gr\/tr\/wp-json\/wp\/v2\/types\/product"}],"wp:featuredmedia":[{"embeddable":true,"href":"https:\/\/nicoteam.gr\/tr\/wp-json\/wp\/v2\/media\/9842"}],"wp:attachment":[{"href":"https:\/\/nicoteam.gr\/tr\/wp-json\/wp\/v2\/media?parent=9841"}],"wp:term":[{"taxonomy":"product_cat","embeddable":true,"href":"https:\/\/nicoteam.gr\/tr\/wp-json\/wp\/v2\/product_cat?post=9841"},{"taxonomy":"product_tag","embeddable":true,"href":"https:\/\/nicoteam.gr\/tr\/wp-json\/wp\/v2\/product_tag?post=9841"}],"curies":[{"name":"wp","href":"https:\/\/api.w.org\/{rel}","templated":true}]}}