{"id":9835,"date":"2022-01-22T11:47:15","date_gmt":"2022-01-22T09:47:15","guid":{"rendered":"https:\/\/nicoteam.gr\/?post_type=product&#038;p=9835"},"modified":"2023-08-28T10:21:45","modified_gmt":"2023-08-28T08:21:45","slug":"click-go-4ml","status":"publish","type":"product","link":"https:\/\/nicoteam.gr\/tr\/product\/click-go-4ml\/","title":{"rendered":"TIKLA VE G\u0130T 4ml"},"content":{"rendered":"<p>\u03a3\u03c7\u03b5\u03b4\u03b9\u03b1\u03c3\u03bc\u03cc\u03c2 \u03ba\u03b9 \u0395\u03c5\u03c7\u03c1\u03b7\u03c3\u03c4\u03af\u03b1<br \/>\n\u0388\u03bd\u03b1 \u03b1\u03c0\u03cc \u03c4\u03b1 \u03ba\u03c5\u03c1\u03b9\u03cc\u03c4\u03b5\u03c1\u03b1 \u03c7\u03b1\u03c1\u03b1\u03ba\u03c4\u03b7\u03c1\u03b9\u03c3\u03c4\u03b9\u03ba\u03ac \u03c4\u03bf\u03c5 Click &amp; Go \u03b5\u03af\u03bd\u03b1\u03b9 \u03bf \u03be\u03b5\u03c7\u03c9\u03c1\u03b9\u03c3\u03c4\u03cc\u03c2 \u03c3\u03c7\u03b5\u03b4\u03b9\u03b1\u03c3\u03bc\u03cc\u03c2 \u03c4\u03bf\u03c5.<br \/>\nM\u03b5 \u03ba\u03bf\u03bc\u03c8\u03cc, \u03c3\u03c5\u03bc\u03c0\u03b1\u03b3\u03ae \u03c3\u03c7\u03b5\u03b4\u03b9\u03b1\u03c3\u03bc\u03cc \u03ba\u03b1\u03b9 \u03c3\u03ce\u03bc\u03b1 \u03b1\u03bb\u03bf\u03c5\u03bc\u03b9\u03bd\u03af\u03bf\u03c5, \u03b7 \u03c3\u03c5\u03c3\u03ba\u03b5\u03c5\u03ae \u03c0\u03c1\u03c9\u03c4\u03bf\u03c4\u03c5\u03c0\u03b5\u03af<br \/>\n\u03ba\u03b1\u03b8\u03ce\u03c2 \u03b4\u03b9\u03b1\u03b8\u03ad\u03c4\u03b5\u03b9 \u03bc\u03b1\u03b3\u03bd\u03b7\u03c4\u03b9\u03ba\u03cc \u03ba\u03b1\u03c0\u03ac\u03ba\u03b9 \u03c0\u03c1\u03bf\u03c3\u03c4\u03b1\u03c3\u03af\u03b1\u03c2 \u03b3\u03b9\u03b1 \u03c4\u03bf\u03bd \u03b1\u03c4\u03bc\u03bf\u03c0\u03bf\u03b9\u03b7\u03c4\u03ae.<br \/>\n\u03a4\u03bf \u03c0\u03c1\u03bf\u03c3\u03c4\u03b1\u03c4\u03b5\u03c5\u03c4\u03b9\u03ba\u03cc \u03ba\u03b1\u03c0\u03ac\u03ba\u03b9 \u03b5\u03c6\u03b1\u03c1\u03bc\u03cc\u03b6\u03b5\u03b9 \u03c3\u03c4\u03bf \u03ac\u03bd\u03c9 \u03ba\u03b1\u03b9 \u03ba\u03ac\u03c4\u03c9 \u03c4\u03bc\u03ae\u03bc\u03b1 \u03c4\u03b7\u03c2 \u03c3\u03c5\u03c3\u03ba\u03b5\u03c5\u03ae\u03c2, \u03bc\u03b5\u03b9\u03ce\u03bd\u03bf\u03bd\u03c4\u03b1\u03c2 \u03c4\u03b7\u03bd \u03c0\u03b9\u03b8\u03b1\u03bd\u03cc\u03c4\u03b7\u03c4\u03b1 \u03b1\u03c0\u03ce\u03bb\u03b5\u03b9\u03ac\u03c2 \u03c4\u03bf\u03c5!<\/p>\n<p>Boyutlar<br \/>\n\u039c\u03b5 \u03b1\u03c0\u03cc\u03bb\u03c5\u03c4\u03b1 \u03c0\u03c1\u03b1\u03ba\u03c4\u03b9\u03ba\u03cc \u03bc\u03ad\u03b3\u03b5\u03b8\u03bf\u03c2, \u03c4\u03bf Click &amp; Go \u03b5\u03c6\u03b1\u03c1\u03bc\u03cc\u03b6\u03b5\u03b9 \u03b9\u03b4\u03b1\u03bd\u03b9\u03ba\u03ac \u03c3\u03c4\u03bf \u03c7\u03ad\u03c1\u03b9 \u03ba\u03b1\u03b9 \u03c4\u03b1\u03c5\u03c4\u03cc\u03c7\u03c1\u03bf\u03bd\u03b1 \u03c7\u03c9\u03c1\u03ac\u03b5\u03b9 \u03ac\u03bd\u03b5\u03c4\u03b1 \u03c3\u03c4\u03b7\u03bd \u03c4\u03c3\u03ad\u03c0\u03b7.<br \/>\n\u039c\u03b5 \u03b4\u03b9\u03b1\u03c3\u03c4\u03ac\u03c3\u03b5\u03b9\u03c2 116mm x 56mm x 14mm, \u03c0\u03c1\u03cc\u03ba\u03b5\u03b9\u03c4\u03b1\u03b9 \u03b3\u03b9\u03b1 \u03bc\u03b9\u03b1 \u03c3\u03c5\u03c3\u03ba\u03b5\u03c5\u03ae \u03b7\u03bb\u03b5\u03ba\u03c4\u03c1\u03bf\u03bd\u03b9\u03ba\u03bf\u03cd \u03c4\u03c3\u03b9\u03b3\u03ac\u03c1\u03bf\u03c5 \u03bc\u03b9\u03ba\u03c1\u03bf\u03cd \u03bc\u03b5\u03b3\u03ad\u03b8\u03bf\u03c5\u03c2 \u03bc\u03b5 \u03c0\u03c1\u03c9\u03c4\u03cc\u03c4\u03c5\u03c0\u03b5\u03c2 \u03b4\u03c5\u03bd\u03b1\u03c4\u03cc\u03c4\u03b7\u03c4\u03b5\u03c2.<\/p>\n<p>\u039c\u03b1\u03b3\u03bd\u03b7\u03c4\u03b9\u03ba\u03cc\u03c2 \u0391\u03c4\u03bc\u03bf\u03c0\u03bf\u03b9\u03b7\u03c4\u03ae\u03c2<br \/>\n\u03a4\u03bf Click &amp; Go \u03ba\u03b1\u03b9\u03bd\u03bf\u03c4\u03bf\u03bc\u03b5\u03af \u03ba\u03b1\u03b9 \u03c3\u03c4\u03bf\u03bd \u03c4\u03c1\u03cc\u03c0\u03bf \u03b1\u03bb\u03bb\u03b1\u03b3\u03ae\u03c2 \u03c4\u03bf\u03c5 \u03b1\u03c4\u03bc\u03bf\u03c0\u03bf\u03b9\u03b7\u03c4\u03ae.<br \/>\n\u039c\u03b5 \u03ad\u03bd\u03b1 \u03b5\u03be\u03b1\u03b9\u03c1\u03b5\u03c4\u03b9\u03ba\u03ac \u03b5\u03cd\u03ba\u03bf\u03bb\u03bf \u03c3\u03cd\u03c3\u03c4\u03b7\u03bc\u03b1 \u03b1\u03bb\u03bb\u03b1\u03b3\u03ae\u03c2, \u03c7\u03ac\u03c1\u03b7 \u03c3\u03c4\u03b7 \u03bc\u03b1\u03b3\u03bd\u03b7\u03c4\u03b9\u03ba\u03ae \u03c3\u03cd\u03bd\u03b4\u03b5\u03c3\u03b7, \u03b7 \u03b1\u03bb\u03bb\u03b1\u03b3\u03ae \u03c4\u03bf\u03c5 \u03b1\u03c4\u03bc\u03bf\u03c0\u03bf\u03b9\u03b7\u03c4\u03ae \u03b3\u03af\u03bd\u03b5\u03c4\u03b1\u03b9 \u03bc\u03b5 2 \u03b1\u03c0\u03bb\u03ad\u03c2 \u03ba\u03b9\u03bd\u03ae\u03c3\u03b5\u03b9\u03c2!<br \/>\n\u039f \u03b1\u03c4\u03bc\u03bf\u03c0\u03bf\u03b9\u03b7\u03c4\u03ae\u03c2 \u03c4\u03bf\u03c5 Click &amp; Go \u03ad\u03c7\u03b5\u03b9 \u03c9\u03c2 \u03bc\u03ad\u03c3\u03bf \u03b1\u03c0\u03bf\u03c1\u03c1\u03cc\u03c6\u03b7\u03c3\u03b7\u03c2 \u03c4\u03bf \u03bf\u03c1\u03b3\u03b1\u03bd\u03b9\u03ba\u03cc \u03b2\u03b1\u03bc\u03b2\u03ac\u03ba\u03b9, \u03c6\u03bf\u03c1\u03ac \u03b1\u03bd\u03c4\u03af\u03c3\u03c4\u03b1\u03c3\u03b7 \u03bc\u03b5 \u03c9\u03bc\u03b9\u03ba\u03ae \u03c4\u03b9\u03bc\u03ae 1.2\u03a9 \u03ba\u03b9 \u03ad\u03c7\u03b5\u03b9 \u03c7\u03c9\u03c1\u03b7\u03c4\u03b9\u03ba\u03cc\u03c4\u03b7\u03c4\u03b1 \u03c5\u03b3\u03c1\u03bf\u03cd 2ml.<br \/>\n\u03a4\u03bf \u03af\u03b4\u03b9\u03bf \u03b5\u03cd\u03ba\u03bf\u03bb\u03b7 \u03b5\u03af\u03bd\u03b1\u03b9 \u03ba\u03b1\u03b9 \u03b7 \u03b5\u03c0\u03b1\u03bd\u03b1\u03c0\u03bb\u03ae\u03c1\u03c9\u03c3\u03b7 \u03c4\u03bf\u03c5 \u03c5\u03b3\u03c1\u03bf\u03cd. \u039e\u03b5\u03b2\u03b9\u03b4\u03ce\u03bd\u03b5\u03c4\u03b5 \u03c4\u03b7 \u03bc\u03b5\u03c4\u03b1\u03bb\u03bb\u03b9\u03ba\u03ae \u03b2\u03af\u03b4\u03b1, \u03b3\u03b5\u03bc\u03af\u03b6\u03b5\u03c4\u03b5 \u03bc\u03b5 \u03c5\u03b3\u03c1\u03cc \u03b1\u03bd\u03b1\u03c0\u03bb\u03ae\u03c1\u03c9\u03c3\u03b7\u03c2, \u03b2\u03b9\u03b4\u03ce\u03bd\u03b5\u03c4\u03b5 \u03ba\u03b9 \u03bf \u03b1\u03c4\u03bc\u03bf\u03c0\u03bf\u03b9\u03b7\u03c4\u03ae\u03c2 \u03c3\u03b1\u03c2 \u03b5\u03af\u03bd\u03b1\u03b9 \u03ad\u03c4\u03bf\u03b9\u03bc\u03bf\u03c2!<\/p>\n<p>\u03a6\u03cc\u03c1\u03c4\u03b9\u03c3\u03b7 \u03ba\u03b9 \u0395\u03bd\u03b4\u03b5\u03af\u03be\u03b5\u03b9\u03c2<br \/>\n\u038c\u03c3\u03bf \u03b5\u03cd\u03c7\u03c1\u03b7\u03c3\u03c4\u03bf \u03b5\u03af\u03bd\u03b1\u03b9, \u03ac\u03bb\u03bb\u03bf \u03c4\u03cc\u03c3\u03bf \u03b5\u03cd\u03ba\u03bf\u03bb\u03b1 \u03bc\u03c0\u03bf\u03c1\u03b5\u03af\u03c4\u03b5 \u03bd\u03b1 \u03b4\u03b9\u03b1\u03c0\u03b9\u03c3\u03c4\u03ce\u03c3\u03b5\u03c4\u03b5 \u03c0\u03cc\u03c4\u03b5 \u03c7\u03c1\u03b5\u03b9\u03ac\u03b6\u03b5\u03c4\u03b1\u03b9 \u03c6\u03cc\u03c1\u03c4\u03b9\u03c3\u03b7!<br \/>\n\u0391\u03bd\u03ac\u03bb\u03bf\u03b3\u03b1 \u03bc\u03b5 \u03c4\u03bf \u03c7\u03c1\u03ce\u03bc\u03b1 \u03c0\u03bf\u03c5 \u03b5\u03bc\u03c6\u03b1\u03bd\u03af\u03b6\u03b5\u03c4\u03b1\u03b9 \u03c3\u03c4\u03bf \u03ba\u03bf\u03c5\u03bc\u03c0\u03af \u03b5\u03bd\u03b5\u03c1\u03b3\u03bf\u03c0\u03bf\u03af\u03b7\u03c3\u03b7\u03c2 \u03c4\u03b7\u03c2 \u03c3\u03c5\u03c3\u03ba\u03b5\u03c5\u03ae\u03c2 \u03ba\u03b1\u03c4\u03b1\u03bb\u03b1\u03b2\u03b1\u03af\u03bd\u03b5\u03c4\u03b5<br \/>\n\u03c4\u03bf \u03c5\u03c0\u03bf\u03bb\u03b5\u03b9\u03c0\u03cc\u03bc\u03b5\u03bd\u03bf \u03c0\u03bf\u03c3\u03bf\u03c3\u03c4\u03cc \u03c4\u03b7\u03c2 \u03bc\u03c0\u03b1\u03c4\u03b1\u03c1\u03af\u03b1\u03c2, \u03b7 \u03bf\u03c0\u03bf\u03af\u03b1 \u03ad\u03c7\u03b5\u03b9 \u03b1\u03c5\u03c4\u03bf\u03bd\u03bf\u03bc\u03af\u03b1 1300mAh.<br \/>\n\u038c\u03c4\u03b1\u03bd \u03b7 \u03c6\u03c9\u03c4\u03b5\u03b9\u03bd\u03ae \u03ad\u03bd\u03b4\u03b5\u03b9\u03be\u03b7 \u03ad\u03c7\u03b5\u03b9 \u03bb\u03b5\u03c5\u03ba\u03cc \u03c7\u03c1\u03ce\u03bc\u03b1, \u03c4\u03bf \u03c0\u03bf\u03c3\u03bf\u03c3\u03c4\u03cc \u03c4\u03b7\u03c2 \u03bc\u03c0\u03b1\u03c4\u03b1\u03c1\u03af\u03b1\u03c2 \u03b2\u03c1\u03af\u03c3\u03ba\u03b5\u03c4\u03b1\u03b9 \u03bc\u03b5\u03c4\u03b1\u03be\u03cd 20 &#8211; 100%,<br \/>\n\u03b5\u03bd\u03ce \u03cc\u03c4\u03b1\u03bd \u03ad\u03c7\u03b5\u03b9 \u03ba\u03cc\u03ba\u03ba\u03b9\u03bd\u03bf \u03c7\u03c1\u03ce\u03bc\u03b1, \u03c4\u03bf \u03c0\u03bf\u03c3\u03bf\u03c3\u03c4\u03cc \u03c6\u03cc\u03c1\u03c4\u03b9\u03c3\u03b7\u03c2 \u03c4\u03b7\u03c2 \u03bc\u03c0\u03b1\u03c4\u03b1\u03c1\u03af\u03b1\u03c2 \u03ba\u03c5\u03bc\u03b1\u03af\u03bd\u03b5\u03c4\u03b1\u03b9 \u03bc\u03b5\u03c4\u03b1\u03be\u03cd 0% \u03ba\u03b1\u03b9 19%.<br \/>\n\u03a4\u03b1\u03c5\u03c4\u03cc\u03c7\u03c1\u03bf\u03bd\u03b1, \u03c4\u03bf \u03b7\u03bb\u03b5\u03ba\u03c4\u03c1\u03bf\u03bd\u03b9\u03ba\u03cc \u03c4\u03c3\u03b9\u03b3\u03ac\u03c1\u03bf Click &amp; Go \u03b4\u03b9\u03b1\u03b8\u03ad\u03c4\u03b5\u03b9 \u03c3\u03cd\u03c3\u03c4\u03b7\u03bc\u03b1 \u03c6\u03cc\u03c1\u03c4\u03b9\u03c3\u03b7\u03c2 passthrough, \u03b5\u03c0\u03b9\u03c4\u03c1\u03ad\u03c0\u03bf\u03bd\u03c4\u03ac\u03c2 \u03c3\u03b1\u03c2 \u03bd\u03b1 \u03b1\u03c4\u03bc\u03af\u03b6\u03b5\u03c4\u03b5 \u03b5\u03bd\u03ce \u03c6\u03bf\u03c1\u03c4\u03af\u03b6\u03b5\u03c4\u03b5 \u03c4\u03b7 \u03c3\u03c5\u03c3\u03ba\u03b5\u03c5\u03ae<\/p>","protected":false},"excerpt":{"rendered":"<p>Click &amp; Go, modern tasar\u0131m\u0131yla \u00f6ne \u00e7\u0131kan yeni nesil bir elektronik sigara cihaz\u0131d\u0131r.<br \/>\nKompakt yap\u0131 ve kullan\u0131m kolayl\u0131\u011f\u0131n\u0131n yan\u0131 s\u0131ra bir\u00e7ok orijinal unsura sahiptir<br \/>\nbu da onu yenilik\u00e7i cihazlar aras\u0131nda s\u0131ral\u0131yor.<br \/>\nCihaza \u015f\u0131kl\u0131k ve dayan\u0131kl\u0131l\u0131k kazand\u0131ran al\u00fcminyum g\u00f6vdeye sahip m\u00fckemmel tasar\u0131m<\/p>","protected":false},"featured_media":9836,"template":"","meta":{"_acf_changed":false,"_kadence_starter_templates_imported_post":false,"_kad_post_transparent":"","_kad_post_title":"","_kad_post_layout":"","_kad_post_sidebar_id":"","_kad_post_content_style":"","_kad_post_vertical_padding":"","_kad_post_feature":"","_kad_post_feature_position":"","_kad_post_header":false,"_kad_post_footer":false},"product_cat":[141,512],"product_tag":[191],"class_list":{"0":"post-9835","1":"product","2":"type-product","3":"status-publish","4":"has-post-thumbnail","6":"product_cat-kits","7":"product_cat-ensomatomeni-mpataria-kits","8":"product_tag-nobacco","9":"product_shipping_class-mi-kapnika","11":"first","12":"instock","13":"taxable","14":"shipping-taxable","15":"purchasable","16":"product-type-variable","17":"entry","18":"content-bg","19":"loop-entry"},"acf":[],"_links":{"self":[{"href":"https:\/\/nicoteam.gr\/tr\/wp-json\/wp\/v2\/product\/9835","targetHints":{"allow":["GET"]}}],"collection":[{"href":"https:\/\/nicoteam.gr\/tr\/wp-json\/wp\/v2\/product"}],"about":[{"href":"https:\/\/nicoteam.gr\/tr\/wp-json\/wp\/v2\/types\/product"}],"wp:featuredmedia":[{"embeddable":true,"href":"https:\/\/nicoteam.gr\/tr\/wp-json\/wp\/v2\/media\/9836"}],"wp:attachment":[{"href":"https:\/\/nicoteam.gr\/tr\/wp-json\/wp\/v2\/media?parent=9835"}],"wp:term":[{"taxonomy":"product_cat","embeddable":true,"href":"https:\/\/nicoteam.gr\/tr\/wp-json\/wp\/v2\/product_cat?post=9835"},{"taxonomy":"product_tag","embeddable":true,"href":"https:\/\/nicoteam.gr\/tr\/wp-json\/wp\/v2\/product_tag?post=9835"}],"curies":[{"name":"wp","href":"https:\/\/api.w.org\/{rel}","templated":true}]}}