{"id":9717,"date":"2022-01-21T12:18:14","date_gmt":"2022-01-21T10:18:14","guid":{"rendered":"https:\/\/nicoteam.gr\/?post_type=product&#038;p=9717"},"modified":"2023-08-28T10:21:49","modified_gmt":"2023-08-28T08:21:49","slug":"flavour-zen-atmos-lab-60ml","status":"publish","type":"product","link":"https:\/\/nicoteam.gr\/tr\/product\/flavour-zen-atmos-lab-60ml\/","title":{"rendered":"Lezzet Zen Atmos Laboratuvar\u0131 60ml"},"content":{"rendered":"<p>ATMOS LABORATUVARI DOLDURUN VE H\u0130SSED\u0130N! Shake ve Vape Atmos Lab Doldurun ve 60 ml&#039;lik bir \u015fi\u015fede 20 ml lezzet i\u00e7eren yeniden doldurulan likitler oldu\u011funu hissedin. Tek yapman\u0131z gereken, se\u00e7ti\u011finiz nikotini se\u00e7mek ve shake ve vape \u015fi\u015fesinin a\u011fz\u0131na kadar dolduruldu\u011fundan emin olmak. (S\u0131f\u0131r bitkisel gliserin veya propilen glikol stoklad\u0131\u011f\u0131n\u0131zdan emin olun) Unutmay\u0131n, daha olgun bir tat i\u00e7in kar\u0131\u015ft\u0131rd\u0131ktan sonra birka\u00e7 g\u00fcn bekleyin.<\/p>","protected":false},"excerpt":{"rendered":"<p>\u0393\u03b5\u03bc\u03b9\u03c3\u03c4\u03cc \u03ba\u03b1\u03c1\u03b1\u03bc\u03b5\u03bb\u03c9\u03bc\u03ad\u03bd\u03bf \u03bc\u03c0\u03b9\u03c3\u03ba\u03cc\u03c4\u03bf \u03bc\u03b5 \u03ba\u03bf\u03bc\u03bc\u03ac\u03c4\u03b9\u03b1 \u03c6\u03c1\u03b5\u03c3\u03ba\u03bf\u03ba\u03bf\u03bc\u03bc\u03ad\u03bd\u03b7\u03c2, \u03ce\u03c1\u03b9\u03bc\u03b7\u03c2 \u03ba\u03b1\u03b9 \u03bc\u03c5\u03c1\u03c9\u03b4\u03ac\u03c4\u03b7\u03c2 \u03bc\u03c0\u03b1\u03bd\u03ac\u03bd\u03b1\u03c2, \u03c0\u03b1\u03c3\u03c0\u03b1\u03bb\u03b9\u03c3\u03bc\u03ad\u03bd\u03bf \u03bc\u03b5 \u03ba\u03b1\u03b2\u03bf\u03c5\u03c1\u03b4\u03b9\u03c3\u03bc\u03ad\u03bd\u03b7 \u03b6\u03ac\u03c7\u03b1\u03c1\u03b7 \u03ba\u03b1\u03b9 \u03c0\u03b5\u03c1\u03b9\u03c7\u03c5\u03bc\u03ad\u03bd\u03bf \u03bc\u03b5 \u03b5\u03ba\u03bb\u03b5\u03ba\u03c4\u03cc \u03ba\u03bf\u03c5\u03b2\u03b1\u03bd\u03ad\u03b6\u03b9\u03ba\u03bf \u03c1\u03bf\u03cd\u03bc\u03b9.<\/p>","protected":false},"featured_media":9692,"template":"","meta":{"_acf_changed":false,"_kadence_starter_templates_imported_post":false,"_kad_post_transparent":"","_kad_post_title":"","_kad_post_layout":"","_kad_post_sidebar_id":"","_kad_post_content_style":"","_kad_post_vertical_padding":"","_kad_post_feature":"","_kad_post_feature_position":"","_kad_post_header":false,"_kad_post_footer":false},"product_cat":[417],"product_tag":[],"class_list":{"0":"post-9717","1":"product","2":"type-product","3":"status-publish","4":"has-post-thumbnail","6":"product_cat-flavours-60ml","7":"product_shipping_class-mi-kapnika","8":"pa_-265","9":"pa_-270","10":"pa_-266","11":"pa_-243","13":"first","14":"instock","15":"taxable","16":"shipping-taxable","17":"purchasable","18":"product-type-simple","19":"entry","20":"content-bg","21":"loop-entry"},"acf":[],"_links":{"self":[{"href":"https:\/\/nicoteam.gr\/tr\/wp-json\/wp\/v2\/product\/9717","targetHints":{"allow":["GET"]}}],"collection":[{"href":"https:\/\/nicoteam.gr\/tr\/wp-json\/wp\/v2\/product"}],"about":[{"href":"https:\/\/nicoteam.gr\/tr\/wp-json\/wp\/v2\/types\/product"}],"wp:featuredmedia":[{"embeddable":true,"href":"https:\/\/nicoteam.gr\/tr\/wp-json\/wp\/v2\/media\/9692"}],"wp:attachment":[{"href":"https:\/\/nicoteam.gr\/tr\/wp-json\/wp\/v2\/media?parent=9717"}],"wp:term":[{"taxonomy":"product_cat","embeddable":true,"href":"https:\/\/nicoteam.gr\/tr\/wp-json\/wp\/v2\/product_cat?post=9717"},{"taxonomy":"product_tag","embeddable":true,"href":"https:\/\/nicoteam.gr\/tr\/wp-json\/wp\/v2\/product_tag?post=9717"}],"curies":[{"name":"wp","href":"https:\/\/api.w.org\/{rel}","templated":true}]}}