{"id":9634,"date":"2022-01-20T13:13:27","date_gmt":"2022-01-20T11:13:27","guid":{"rendered":"https:\/\/nicoteam.gr\/?post_type=product&#038;p=9634"},"modified":"2022-07-08T08:23:23","modified_gmt":"2022-07-08T06:23:23","slug":"innokin-z-coil-1-0ohm","status":"publish","type":"product","link":"https:\/\/nicoteam.gr\/tr\/product\/innokin-z-coil-1-0ohm\/","title":{"rendered":"Innokin Z Bobin 1.0ohm"},"content":{"rendered":"","protected":false},"excerpt":{"rendered":"<p><strong>Buharla\u015ft\u0131r\u0131c\u0131larla uyumlu:<\/strong><\/p>\n<ul>\n<li>Innokin Zlide<\/li>\n<li>Innokin Zenith Tank\u0131 24mm<\/li>\n<li>Innokin Zenith Tank\u0131 22mm<\/li>\n<li>Innokin Zenith Pro Tank\u0131<\/li>\n<li>Innokin Z-Biip<\/li>\n<\/ul>","protected":false},"featured_media":9635,"template":"","meta":{"_acf_changed":false,"_kadence_starter_templates_imported_post":false,"_kad_post_transparent":"","_kad_post_title":"","_kad_post_layout":"","_kad_post_sidebar_id":"","_kad_post_content_style":"","_kad_post_vertical_padding":"","_kad_post_feature":"","_kad_post_feature_position":"","_kad_post_header":false,"_kad_post_footer":false},"product_cat":[147],"product_tag":[187],"class_list":{"0":"post-9634","1":"product","2":"type-product","3":"status-publish","4":"has-post-thumbnail","6":"product_cat-coils","7":"product_tag-innokin","8":"product_shipping_class-mi-kapnika","10":"first","11":"instock","12":"taxable","13":"shipping-taxable","14":"purchasable","15":"product-type-simple","16":"entry","17":"content-bg","18":"loop-entry"},"acf":[],"_links":{"self":[{"href":"https:\/\/nicoteam.gr\/tr\/wp-json\/wp\/v2\/product\/9634","targetHints":{"allow":["GET"]}}],"collection":[{"href":"https:\/\/nicoteam.gr\/tr\/wp-json\/wp\/v2\/product"}],"about":[{"href":"https:\/\/nicoteam.gr\/tr\/wp-json\/wp\/v2\/types\/product"}],"wp:featuredmedia":[{"embeddable":true,"href":"https:\/\/nicoteam.gr\/tr\/wp-json\/wp\/v2\/media\/9635"}],"wp:attachment":[{"href":"https:\/\/nicoteam.gr\/tr\/wp-json\/wp\/v2\/media?parent=9634"}],"wp:term":[{"taxonomy":"product_cat","embeddable":true,"href":"https:\/\/nicoteam.gr\/tr\/wp-json\/wp\/v2\/product_cat?post=9634"},{"taxonomy":"product_tag","embeddable":true,"href":"https:\/\/nicoteam.gr\/tr\/wp-json\/wp\/v2\/product_tag?post=9634"}],"curies":[{"name":"wp","href":"https:\/\/api.w.org\/{rel}","templated":true}]}}