{"id":9615,"date":"2022-01-20T12:34:38","date_gmt":"2022-01-20T10:34:38","guid":{"rendered":"https:\/\/nicoteam.gr\/?post_type=product&#038;p=9615"},"modified":"2022-07-08T08:03:23","modified_gmt":"2022-07-08T06:03:23","slug":"%ce%b1%ce%bd%cf%84%ce%b1%ce%bb%ce%bb%ce%b1%ce%ba%cf%84%ce%b9%ce%ba%ce%ae-%ce%b1%ce%bd%cf%84%ce%af%cf%83%cf%84%ce%b1%cf%83%ce%b7-stream-ss-coil-0-5-%cf%89","status":"publish","type":"product","link":"https:\/\/nicoteam.gr\/tr\/product\/%ce%b1%ce%bd%cf%84%ce%b1%ce%bb%ce%bb%ce%b1%ce%ba%cf%84%ce%b9%ce%ba%ce%ae-%ce%b1%ce%bd%cf%84%ce%af%cf%83%cf%84%ce%b1%cf%83%ce%b7-stream-ss-coil-0-5-%cf%89\/","title":{"rendered":"Nobacco Ak\u0131\u015f\u0131 SS Bobini 0,5 ohm"},"content":{"rendered":"","protected":false},"excerpt":{"rendered":"<ul>\n<li>Stream Tank atomizer i\u00e7in<\/li>\n<li>Paslanmaz \u00e7elik telli (SS)<\/li>\n<li>Diren\u00e7: 0,5 \u03a9<\/li>\n<\/ul>","protected":false},"featured_media":9616,"template":"","meta":{"_acf_changed":false,"_kadence_starter_templates_imported_post":false,"_kad_post_transparent":"","_kad_post_title":"","_kad_post_layout":"","_kad_post_sidebar_id":"","_kad_post_content_style":"","_kad_post_vertical_padding":"","_kad_post_feature":"","_kad_post_feature_position":"","_kad_post_header":false,"_kad_post_footer":false},"product_cat":[147],"product_tag":[191],"class_list":{"0":"post-9615","1":"product","2":"type-product","3":"status-publish","4":"has-post-thumbnail","6":"product_cat-coils","7":"product_tag-nobacco","8":"product_shipping_class-mi-kapnika","10":"first","11":"instock","12":"taxable","13":"shipping-taxable","14":"purchasable","15":"product-type-simple","16":"entry","17":"content-bg","18":"loop-entry"},"acf":[],"_links":{"self":[{"href":"https:\/\/nicoteam.gr\/tr\/wp-json\/wp\/v2\/product\/9615","targetHints":{"allow":["GET"]}}],"collection":[{"href":"https:\/\/nicoteam.gr\/tr\/wp-json\/wp\/v2\/product"}],"about":[{"href":"https:\/\/nicoteam.gr\/tr\/wp-json\/wp\/v2\/types\/product"}],"wp:featuredmedia":[{"embeddable":true,"href":"https:\/\/nicoteam.gr\/tr\/wp-json\/wp\/v2\/media\/9616"}],"wp:attachment":[{"href":"https:\/\/nicoteam.gr\/tr\/wp-json\/wp\/v2\/media?parent=9615"}],"wp:term":[{"taxonomy":"product_cat","embeddable":true,"href":"https:\/\/nicoteam.gr\/tr\/wp-json\/wp\/v2\/product_cat?post=9615"},{"taxonomy":"product_tag","embeddable":true,"href":"https:\/\/nicoteam.gr\/tr\/wp-json\/wp\/v2\/product_tag?post=9615"}],"curies":[{"name":"wp","href":"https:\/\/api.w.org\/{rel}","templated":true}]}}