{"id":9508,"date":"2022-01-19T13:30:07","date_gmt":"2022-01-19T11:30:07","guid":{"rendered":"https:\/\/nicoteam.gr\/?post_type=product&#038;p=9508"},"modified":"2023-08-28T10:21:50","modified_gmt":"2023-08-28T08:21:50","slug":"innokin-go-s-pen-kit","status":"publish","type":"product","link":"https:\/\/nicoteam.gr\/tr\/product\/innokin-go-s-pen-kit\/","title":{"rendered":"Innokin Go S Kalem Seti"},"content":{"rendered":"<p>\u0397 \u03c3\u03c5\u03c3\u03ba\u03b5\u03c5\u03ae \u03b1\u03c0\u03bf\u03c4\u03b5\u03bb\u03b5\u03af\u03c4\u03b1\u03b9 \u03b1\u03c0\u03cc \u03c4\u03bf\u03bd \u03b1\u03c4\u03bc\u03bf\u03c0\u03bf\u03b9\u03b7\u03c4\u03ae \u03bc\u03b9\u03b1\u03c2 \u03c7\u03c1\u03ae\u03c3\u03b7\u03c2 Go S \u03ba\u03b1\u03b9 \u03c4\u03b7\u03bd \u03bc\u03c0\u03b1\u03c4\u03b1\u03c1\u03b9\u03ac Go S \u03c7\u03c9\u03c1\u03b7\u03c4\u03b9\u03ba\u03cc\u03c4\u03b7\u03c4\u03b1\u03c2 1500mah, \u03ad\u03c7\u03b5\u03b9 \u03b4\u03b9\u03ac\u03bc\u03b5\u03c4\u03c1\u03bf 20mm \u03ba\u03b1\u03b9 \u03cd\u03c8\u03bf\u03c2 85mm.<\/p>\n<p>\u039f \u03b1\u03c4\u03bc\u03bf\u03c0\u03bf\u03b9\u03b7\u03c4\u03ae\u03c2 \u03b4\u03b9\u03b1\u03b8\u03ad\u03c4\u03b5\u03b9 \u03b5\u03bd\u03c3\u03c9\u03bc\u03b1\u03c4\u03c9\u03bc\u03ad\u03bd\u03b7 \u03b1\u03bd\u03c4\u03af\u03c3\u03c4\u03b1\u03c3\u03b7 1.6ohm \u03ba\u03b1\u03b9 \u03c7\u03c9\u03c1\u03b7\u03c4\u03b9\u03ba\u03cc\u03c4\u03b7\u03c4\u03b1 \u03b4\u03b5\u03be\u03b1\u03bc\u03b5\u03bd\u03ae\u03c2 2ml. \u0395\u03af\u03bd\u03b1\u03b9 \u03ba\u03b1\u03c4\u03b1\u03c3\u03ba\u03b5\u03c5\u03b1\u03c3\u03bc\u03ad\u03bd\u03bf\u03c2 \u03b1\u03c0\u03cc \u03c0\u03bb\u03b1\u03c3\u03c4\u03b9\u03ba\u03cc \u03c5\u03c8\u03b7\u03bb\u03ae\u03c2 \u03c0\u03bf\u03b9\u03cc\u03c4\u03b7\u03c4\u03b1\u03c2 PCTG \u03ba\u03b1\u03b9 \u03b5\u03af\u03bd\u03b1\u03b9 \u03b1\u03bd\u03b8\u03b5\u03ba\u03c4\u03b9\u03ba\u03cc\u03c2 \u03c3\u03b5 \u03c7\u03c4\u03c5\u03c0\u03ae\u03bc\u03b1\u03c4\u03b1 \u03ba\u03b1\u03b9 \u03c3\u03b5 \u03c5\u03c8\u03b7\u03bb\u03ad\u03c2 \u03b8\u03b5\u03c1\u03bc\u03bf\u03ba\u03c1\u03b1\u03c3\u03af\u03b5\u03c2.<\/p>\n<h4>\u03a3\u03cd\u03c3\u03c4\u03b7\u03bc\u03b1 \u03c1\u03bf\u03ae\u03c2 \u03b1\u03ad\u03c1\u03b1 \u2013 Airflow<\/h4>\n<p>\u03a1\u03c5\u03b8\u03bc\u03af\u03b6\u03bf\u03bd\u03c4\u03b1\u03c2 \u03c4\u03bf Airflow \u03bc\u03c0\u03bf\u03c1\u03bf\u03cd\u03bc\u03b5 \u03bd\u03b1 \u03b5\u03c0\u03b9\u03bb\u03ad\u03be\u03bf\u03c5\u03bc\u03b5 \u03c4\u03b7\u03bd \u03c1\u03bf\u03ae \u03c4\u03bf\u03c5 \u03b1\u03ad\u03c1\u03b1 \u03c0\u03bf\u03c5 \u03b5\u03c0\u03b9\u03b8\u03c5\u03bc\u03bf\u03cd\u03bc\u03b5 \u03bd\u03b1 \u03b5\u03b9\u03c3\u03ad\u03c1\u03c7\u03b5\u03c4\u03b1\u03b9 \u03c3\u03c4\u03bf\u03bd \u03b1\u03c4\u03bc\u03bf\u03c0\u03bf\u03b9\u03b7\u03c4\u03ae \u03bc\u03b1\u03c2. \u0397 \u03b5\u03b9\u03c3\u03b1\u03b3\u03c9\u03b3\u03ae \u03c4\u03bf\u03c5 \u03b1\u03ad\u03c1\u03b1 \u03b3\u03af\u03bd\u03b5\u03c4\u03b1\u03b9 \u03bc\u03ad\u03c3\u03c9 \u03c4\u03b7\u03c2 \u03c4\u03c1\u03b9\u03c0\u03bb\u03ae\u03c2 \u03bf\u03c0\u03ae\u03c2 \u03c0\u03bf\u03c5 \u03b4\u03b9\u03b1\u03b8\u03ad\u03c4\u03b5\u03b9 \u03bf \u03b1\u03c4\u03bc\u03bf\u03c0\u03bf\u03b9\u03b7\u03c4\u03ae\u03c2 \u03ba\u03b1\u03b9 \u03bc\u03b5 \u03c4\u03b7 \u03b2\u03bf\u03ae\u03b8\u03b5\u03b9\u03b1 \u03c4\u03bf\u03c5 \u03c0\u03b5\u03c1\u03b9\u03c3\u03c4\u03c1\u03b5\u03c6\u03cc\u03bc\u03b5\u03bd\u03bf\u03c5 \u03b4\u03b1\u03ba\u03c4\u03c5\u03bb\u03af\u03bf\u03c5 \u03c0\u03bf\u03c5 \u03c5\u03c0\u03ac\u03c1\u03c7\u03b5\u03b9 \u03c3\u03c4\u03bf \u03ba\u03ac\u03c4\u03c9 \u03bc\u03ad\u03c1\u03bf\u03c2 \u03c4\u03bf\u03c5 \u03b1\u03c4\u03bc\u03bf\u03c0\u03bf\u03b9\u03b7\u03c4\u03ae \u03bc\u03c0\u03bf\u03c1\u03bf\u03cd\u03bc\u03b5 \u03bd\u03b1 \u03c4\u03b7 \u03c1\u03c5\u03b8\u03bc\u03af\u03c3\u03bf\u03c5\u03bc\u03b5 \u03bc\u03b5 \u03b1\u03ba\u03c1\u03af\u03b2\u03b5\u03b9\u03b1 \u03c4\u03b7\u03bd \u03c1\u03bf\u03ae \u03c4\u03bf\u03c5 \u03b1\u03ad\u03c1\u03b1 \u03c3\u03c4\u03bf \u03b5\u03c0\u03af\u03c0\u03b5\u03b4\u03bf \u03c0\u03bf\u03c5 \u03b5\u03c0\u03b9\u03b8\u03c5\u03bc\u03bf\u03cd\u03bc\u03b5.<\/p>\n<p>&nbsp;<\/p>\n<p><img loading=\"lazy\" decoding=\"async\" class=\"alignnone wp-image-9521 size-full\" src=\"https:\/\/nicoteam.gr\/wp-content\/uploads\/2022\/01\/Innokin-Go-S-MTL-Pen-Kit-Banner-3.jpg\" alt=\"\" width=\"950\" height=\"393\" \/><\/p>\n<h4>\u0130kmal sistemi | \u00dcstten doldurmal\u0131, \u00c7ocuklardan uzak<\/h4>\n<p>\u039f \u03b1\u03c4\u03bc\u03bf\u03c0\u03bf\u03b9\u03b7\u03c4\u03ae\u03c2 Go S \u03ad\u03c7\u03b5\u03b9 \u03c7\u03c9\u03c1\u03b7\u03c4\u03b9\u03ba\u03cc\u03c4\u03b7\u03c4\u03b1 \u03b4\u03b5\u03be\u03b1\u03bc\u03b5\u03bd\u03ae\u03c2 2ml\u03ba\u03b1\u03b9 \u03b5\u03b9\u03b4\u03b9\u03ba\u03cc \u03c3\u03cd\u03c3\u03c4\u03b7\u03bc\u03b1 \u03c0\u03c1\u03bf\u03c3\u03c4\u03b1\u03c3\u03af\u03b1\u03c2 \u03ce\u03c3\u03c4\u03b5 \u03bd\u03b1 \u03bc\u03b7\u03bd \u03ad\u03c1\u03c7\u03bf\u03bd\u03c4\u03b1\u03b9 \u03c3\u03b5 \u03b5\u03c0\u03b1\u03c6\u03ae \u03c4\u03b1 \u03c0\u03b1\u03b9\u03b4\u03b9\u03ac \u03bc\u03b5 \u03c4\u03bf \u03c5\u03b3\u03c1\u03cc \u03b1\u03bd\u03b1\u03c0\u03bb\u03ae\u03c1\u03c9\u03c3\u03b7\u03c2. \u0397 \u03b1\u03bd\u03b1\u03c0\u03bb\u03ae\u03c1\u03c9\u03c3\u03b7 \u03c4\u03bf\u03c5 \u03c5\u03b3\u03c1\u03bf\u03cd \u03b3\u03af\u03bd\u03b5\u03c4\u03b1\u03b9 \u03b1\u03c0\u03cc \u03c4\u03bf \u03c0\u03ac\u03bd\u03c9 \u03bc\u03ad\u03c1\u03bf\u03c2 \u03c4\u03bf\u03c5 \u03b1\u03c4\u03bc\u03bf\u03c0\u03bf\u03b9\u03b7\u03c4\u03ae \u03b1\u03c0\u03bf\u03c6\u03b5\u03cd\u03b3\u03bf\u03bd\u03c4\u03b1\u03c2 \u03ad\u03c4\u03c3\u03b9 \u03c4\u03b9\u03c2 \u03b1\u03bd\u03b5\u03c0\u03b9\u03b8\u03cd\u03bc\u03b7\u03c4\u03b5\u03c2 \u03b4\u03b9\u03b1\u03c1\u03c1\u03bf\u03ad\u03c2.<\/p>\n<p><img loading=\"lazy\" decoding=\"async\" class=\"alignnone wp-image-9522 size-full\" src=\"https:\/\/nicoteam.gr\/wp-content\/uploads\/2022\/01\/Innokin-Go-S-MTL-Pen-Kit-Banner-2.jpg\" alt=\"\" width=\"1000\" height=\"422\" \/><\/p>\n<h4>Mikro USB \u015farj ba\u011flant\u0131 noktas\u0131<\/h4>\n<p>\u0397 \u03a6\u03cc\u03c1\u03c4\u03b9\u03c3\u03b7 \u03c4\u03b7\u03c2 \u03c3\u03c5\u03c3\u03ba\u03b5\u03c5\u03ae\u03c2 \u03b3\u03af\u03bd\u03b5\u03c4\u03b1\u03b9 \u03bc\u03ad\u03c3\u03bf \u03b8\u03cd\u03c1\u03b1\u03c2 MicroUsb \u03ba\u03b1\u03b9 \u03bc\u03c0\u03bf\u03c1\u03b5\u03af \u03bd\u03b1 \u03c3\u03c5\u03bd\u03b4\u03b5\u03b8\u03b5\u03af \u03bc\u03b5 \u03b1\u03bd\u03c4\u03ac\u03c0\u03c4\u03bf\u03c1\u03b1 \u03c4\u03bf\u03af\u03c7\u03bf\u03c5, Laptop, Power Banks, \u0397\/\u03a5 \u03ba\u03c4\u03bb.<\/p>\n<p>&nbsp;<\/p>\n<h4>Onu \u00f6ne \u00e7\u0131karan baz\u0131 \u00f6zellikler:<\/h4>\n<ul>\n<li>\u038c\u03bc\u03bf\u03c1\u03c6\u03bf\u03c2 Pen Style \u03c3\u03c7\u03b5\u03b4\u03b9\u03b1\u03c3\u03bc\u03cc\u03c2<\/li>\n<li>\u039c\u03b5\u03b3\u03ac\u03bb\u03b7 \u03c7\u03c9\u03c1\u03b7\u03c4\u03b9\u03ba\u03cc\u03c4\u03b7\u03c4\u03b1 \u03bc\u03c0\u03b1\u03c4\u03b1\u03c1\u03af\u03b1\u03c2 1500mah<\/li>\n<li>\u03a3\u03cd\u03c3\u03c4\u03b7\u03bc\u03b1 \u03b1\u03bd\u03b1\u03c0\u03bb\u03ae\u03c1\u03c9\u03c3\u03b7\u03c2 Slide to open \u2013 Top fill<\/li>\n<li>Ayarlanabilir hava ak\u0131\u015f\u0131 sistemi<\/li>\n<\/ul>\n<p><strong>Mevcut renkler:<\/strong> Black, Pink, Light Blue, Gunmetal, Stainless<\/p>","protected":false},"excerpt":{"rendered":"<ul>\n<li><strong>Pil Kapasitesi:<\/strong>\u00a01500 mah<\/li>\n<li><strong>G\u00fc\u00e7: 13W<\/strong>\u00a0\u2013 Sabit \u00e7\u0131kt\u0131<\/li>\n<li><strong>\u0130plik:<\/strong>\u00a0510<\/li>\n<li><strong>Diren\u00e7 Aral\u0131\u011f\u0131:<\/strong>\u00a00,6ohm \u2013 3,5ohm<\/li>\n<li><strong>Doldurma sistemi:<\/strong>\u00a0\u00dcstten Doldurma<\/li>\n<li><strong>Hava ak\u0131\u015f\u0131:<\/strong>\u00a0Ayarlanabilir hava ak\u0131\u015f\u0131 sistemi<\/li>\n<li><strong>Tank kapasitesi:<\/strong>\u00a02 ml<\/li>\n<li><strong>Rezistans:<\/strong>\u00a01,6ohm \u2013 Dahili<\/li>\n<li><strong>\u0130n\u015faat malzemesi:<\/strong>\u00a0PCTG plastik, Paslanmaz \u00e7elik<\/li>\n<\/ul>","protected":false},"featured_media":0,"template":"","meta":{"_acf_changed":false,"_kadence_starter_templates_imported_post":false,"_kad_post_transparent":"","_kad_post_title":"","_kad_post_layout":"","_kad_post_sidebar_id":"","_kad_post_content_style":"","_kad_post_vertical_padding":"","_kad_post_feature":"","_kad_post_feature_position":"","_kad_post_header":false,"_kad_post_footer":false},"product_cat":[141,512],"product_tag":[187],"class_list":{"0":"post-9508","1":"product","2":"type-product","3":"status-publish","5":"product_cat-kits","6":"product_cat-ensomatomeni-mpataria-kits","7":"product_tag-innokin","8":"product_shipping_class-mi-kapnika","10":"first","11":"instock","12":"taxable","13":"shipping-taxable","14":"purchasable","15":"product-type-variable","16":"entry","17":"content-bg","18":"loop-entry"},"acf":[],"_links":{"self":[{"href":"https:\/\/nicoteam.gr\/tr\/wp-json\/wp\/v2\/product\/9508","targetHints":{"allow":["GET"]}}],"collection":[{"href":"https:\/\/nicoteam.gr\/tr\/wp-json\/wp\/v2\/product"}],"about":[{"href":"https:\/\/nicoteam.gr\/tr\/wp-json\/wp\/v2\/types\/product"}],"wp:attachment":[{"href":"https:\/\/nicoteam.gr\/tr\/wp-json\/wp\/v2\/media?parent=9508"}],"wp:term":[{"taxonomy":"product_cat","embeddable":true,"href":"https:\/\/nicoteam.gr\/tr\/wp-json\/wp\/v2\/product_cat?post=9508"},{"taxonomy":"product_tag","embeddable":true,"href":"https:\/\/nicoteam.gr\/tr\/wp-json\/wp\/v2\/product_tag?post=9508"}],"curies":[{"name":"wp","href":"https:\/\/api.w.org\/{rel}","templated":true}]}}