{"id":9434,"date":"2022-01-18T14:16:55","date_gmt":"2022-01-18T12:16:55","guid":{"rendered":"https:\/\/nicoteam.gr\/?post_type=product&#038;p=9434"},"modified":"2022-07-08T08:03:40","modified_gmt":"2022-07-08T06:03:40","slug":"vaporesso-gtx-mesh-0-2ohm-1%cf%84%ce%bc%cf%87","status":"publish","type":"product","link":"https:\/\/nicoteam.gr\/tr\/product\/vaporesso-gtx-mesh-0-2ohm-1%cf%84%ce%bc%cf%87\/","title":{"rendered":"Vaporesso GTX Mesh 0.2ohm 1 adet"},"content":{"rendered":"","protected":false},"excerpt":{"rendered":"<ul>\n<li>Tak ve \u00c7al\u0131\u015ft\u0131r kurulumu<\/li>\n<li>\u00d6rg\u00fc Tipi<\/li>\n<\/ul>","protected":false},"featured_media":0,"template":"","meta":{"_acf_changed":false,"_kadence_starter_templates_imported_post":false,"_kad_post_transparent":"","_kad_post_title":"","_kad_post_layout":"","_kad_post_sidebar_id":"","_kad_post_content_style":"","_kad_post_vertical_padding":"","_kad_post_feature":"","_kad_post_feature_position":"","_kad_post_header":false,"_kad_post_footer":false},"product_cat":[147],"product_tag":[],"class_list":{"0":"post-9434","1":"product","2":"type-product","3":"status-publish","5":"product_cat-coils","6":"product_shipping_class-mi-kapnika","8":"first","9":"instock","10":"taxable","11":"shipping-taxable","12":"purchasable","13":"product-type-simple","14":"entry","15":"content-bg","16":"loop-entry"},"acf":[],"_links":{"self":[{"href":"https:\/\/nicoteam.gr\/tr\/wp-json\/wp\/v2\/product\/9434","targetHints":{"allow":["GET"]}}],"collection":[{"href":"https:\/\/nicoteam.gr\/tr\/wp-json\/wp\/v2\/product"}],"about":[{"href":"https:\/\/nicoteam.gr\/tr\/wp-json\/wp\/v2\/types\/product"}],"wp:attachment":[{"href":"https:\/\/nicoteam.gr\/tr\/wp-json\/wp\/v2\/media?parent=9434"}],"wp:term":[{"taxonomy":"product_cat","embeddable":true,"href":"https:\/\/nicoteam.gr\/tr\/wp-json\/wp\/v2\/product_cat?post=9434"},{"taxonomy":"product_tag","embeddable":true,"href":"https:\/\/nicoteam.gr\/tr\/wp-json\/wp\/v2\/product_tag?post=9434"}],"curies":[{"name":"wp","href":"https:\/\/api.w.org\/{rel}","templated":true}]}}