{"id":9392,"date":"2022-01-17T13:33:10","date_gmt":"2022-01-17T11:33:10","guid":{"rendered":"https:\/\/nicoteam.gr\/?post_type=product&#038;p=9392"},"modified":"2023-08-28T10:21:52","modified_gmt":"2023-08-28T08:21:52","slug":"mono-2-blueberry-ice","status":"publish","type":"product","link":"https:\/\/nicoteam.gr\/tr\/product\/mono-2-blueberry-ice\/","title":{"rendered":"Mono 2 \u2013 Yaban Mersinli Buz"},"content":{"rendered":"<p>Nobacco Mono 2, en ileri bilim ve teknolojiyle bir araya gelerek geleneksel sigaradan kurtulman\u0131n en kolay yoludur.<\/p>\n<p>D\u0131r-dir\u00a0<strong>otomatik, basit\u00a0<\/strong>Ve<strong>\u00a0\u00e7ok hafif<\/strong>.\u00a0<strong>\u015earj etmeye gerek yok\u00a0<\/strong>Ve<strong>\u00a0s\u0131v\u0131y\u0131 yeniden doldurmaya gerek yok<\/strong>. Yenilik\u00e7i tasar\u0131m\u0131 sayesinde\u00a0<strong>yakla\u015f\u0131k 2,5 paket sigaraya kar\u015f\u0131l\u0131k gelmektedir.<\/strong><\/p>\n<p>S\u0131k\u0131 \u00f6deme\u00a0<strong>AB d\u00fczenleme gereklilikleri\u00a0<\/strong>(EUCEG),<strong>\u00a0<\/strong>geliyor\u00a0<strong>\u00f6nceden doldurulmu\u015f\u00a0<\/strong>ile<strong>\u00a02ml s\u0131v\u0131\u00a0<\/strong>i\u00e7inde<strong>\u00a03 e\u015fsiz lezzet.<\/strong><\/p>","protected":false},"excerpt":{"rendered":"<ul>\n<li>Yaban mersinin nefis serin tad\u0131<\/li>\n<li>Nikotin seviyesi: 16 mg\/ml<\/li>\n<li>\u015earj gerektirmez<\/li>\n<li>S\u0131v\u0131 takviyesine gerek yok<\/li>\n<li>2,5 paket sigaraya kar\u015f\u0131l\u0131k gelir<\/li>\n<\/ul>","protected":false},"featured_media":0,"template":"","meta":{"_acf_changed":false,"_kadence_starter_templates_imported_post":false,"_kad_post_transparent":"","_kad_post_title":"","_kad_post_layout":"","_kad_post_sidebar_id":"","_kad_post_content_style":"","_kad_post_vertical_padding":"","_kad_post_feature":"","_kad_post_feature_position":"","_kad_post_header":false,"_kad_post_footer":false},"product_cat":[1103,133,406],"product_tag":[],"class_list":{"0":"post-9392","1":"product","2":"type-product","3":"status-publish","5":"product_cat-disposable","6":"product_cat-nobacco","7":"product_cat-disposable-kit","8":"product_shipping_class-mi-kapnika","9":"pa_-182","11":"first","12":"instock","13":"taxable","14":"shipping-taxable","15":"purchasable","16":"product-type-simple","17":"entry","18":"content-bg","19":"loop-entry"},"acf":[],"_links":{"self":[{"href":"https:\/\/nicoteam.gr\/tr\/wp-json\/wp\/v2\/product\/9392","targetHints":{"allow":["GET"]}}],"collection":[{"href":"https:\/\/nicoteam.gr\/tr\/wp-json\/wp\/v2\/product"}],"about":[{"href":"https:\/\/nicoteam.gr\/tr\/wp-json\/wp\/v2\/types\/product"}],"wp:attachment":[{"href":"https:\/\/nicoteam.gr\/tr\/wp-json\/wp\/v2\/media?parent=9392"}],"wp:term":[{"taxonomy":"product_cat","embeddable":true,"href":"https:\/\/nicoteam.gr\/tr\/wp-json\/wp\/v2\/product_cat?post=9392"},{"taxonomy":"product_tag","embeddable":true,"href":"https:\/\/nicoteam.gr\/tr\/wp-json\/wp\/v2\/product_tag?post=9392"}],"curies":[{"name":"wp","href":"https:\/\/api.w.org\/{rel}","templated":true}]}}