{"id":9317,"date":"2022-01-08T21:16:15","date_gmt":"2022-01-08T19:16:15","guid":{"rendered":"https:\/\/nicoteam.gr\/flavour-roasted-peanut-atmos-lab-10ml\/"},"modified":"2023-08-28T10:21:53","modified_gmt":"2023-08-28T08:21:53","slug":"flavour-roasted-peanut-atmos-lab-10ml","status":"publish","type":"product","link":"https:\/\/nicoteam.gr\/tr\/product\/flavour-roasted-peanut-atmos-lab-10ml\/","title":{"rendered":"Lezzet Kavrulmu\u015f F\u0131st\u0131k Atmos Lab 10ml"},"content":{"rendered":"<p>\u0391\u03c0\u03bf\u03b4\u03af\u03b4\u03b5\u03b9 \u03b5\u03ba\u03c0\u03bb\u03b7\u03ba\u03c4\u03b9\u03ba\u03ac \u03c4\u03bf \u03ba\u03b1\u03b2\u03bf\u03c5\u03c1\u03b4\u03b9\u03c3\u03bc\u03ad\u03bd\u03bf \u03c6\u03c5\u03c3\u03c4\u03af\u03ba\u03b9, \u03c0\u03b1\u03c1\u03b1\u03b4\u03b5\u03b9\u03b3\u03bc\u03b1\u03c4\u03b9\u03ba\u03ac \u03ba\u03c1\u03c5\u03c3\u03c4\u03ac\u03bb\u03bb\u03b9\u03bd\u03bf. \u039c\u03c0\u03bf\u03c1\u03b5\u03af \u03bd\u03b1 \u03c7\u03c1\u03b7\u03c3\u03b9\u03bc\u03bf\u03c0\u03bf\u03b9\u03b7\u03b8\u03b5\u03af \u03c3\u03b5 \u03c3\u03c5\u03bd\u03c4\u03b1\u03b3\u03ad\u03c2 \u03cc\u03c0\u03bf\u03c5 \u03bf\u03b9 \u03be\u03b7\u03c1\u03bf\u03af \u03ba\u03b1\u03c1\u03c0\u03bf\u03af \u03b5\u03af\u03bd\u03b1\u03b9 \u03b1\u03c0\u03b1\u03c1\u03b1\u03af\u03c4\u03b7\u03c4\u03bf\u03b9 \u03ae \u03bd\u03b1 \u03c3\u03c5\u03bd\u03b4\u03c5\u03b1\u03c3\u03c4\u03b5\u03af \u03bc\u03b5 \u03ba\u03b1\u03c0\u03bd\u03b9\u03ba\u03ac \u03b1\u03c1\u03ce\u03bc\u03b1\u03c4\u03b1 \u03b3\u03b9\u03b1 \u03ad\u03bd\u03b1 \u03b1\u03c0\u03bf\u03bb\u03b1\u03c5\u03c3\u03c4\u03b9\u03ba\u03cc \u03b1\u03c0\u03bf\u03c4\u03ad\u03bb\u03b5\u03c3\u03bc\u03b1.\u00a0\u0394\u03b9\u03b1\u03c4\u03af\u03b8\u03b5\u03c4\u03b1\u03b9 \u03c3\u03b5 \u03c6\u03b1\u03c1\u03bc\u03b1\u03ba\u03b5\u03c5\u03c4\u03b9\u03ba\u03cc \u03bc\u03c0\u03bf\u03c5\u03ba\u03b1\u03bb\u03ac\u03ba\u03b9 \u03c4\u03c9\u03bd 10ml.<\/p>","protected":false},"excerpt":{"rendered":"<p>\u0391\u03c0\u03bf\u03b4\u03af\u03b4\u03b5\u03b9 \u03b5\u03ba\u03c0\u03bb\u03b7\u03ba\u03c4\u03b9\u03ba\u03ac \u03c4\u03bf \u03ba\u03b1\u03b2\u03bf\u03c5\u03c1\u03b4\u03b9\u03c3\u03bc\u03ad\u03bd\u03bf \u03c6\u03c5\u03c3\u03c4\u03af\u03ba\u03b9 !<\/p>","protected":false},"featured_media":0,"template":"","meta":{"_acf_changed":false,"_kadence_starter_templates_imported_post":false,"_kad_post_transparent":"","_kad_post_title":"","_kad_post_layout":"","_kad_post_sidebar_id":"","_kad_post_content_style":"","_kad_post_vertical_padding":"","_kad_post_feature":"","_kad_post_feature_position":"","_kad_post_header":false,"_kad_post_footer":false},"product_cat":[136],"product_tag":[344,343],"class_list":{"0":"post-9317","1":"product","2":"type-product","3":"status-publish","5":"product_cat-flavours-atmoslab","6":"product_tag-atmos-lab","7":"product_tag-flavours","8":"product_shipping_class-mi-kapnika","9":"pa_-339","11":"first","12":"instock","13":"taxable","14":"shipping-taxable","15":"purchasable","16":"product-type-simple","17":"entry","18":"content-bg","19":"loop-entry"},"acf":[],"_links":{"self":[{"href":"https:\/\/nicoteam.gr\/tr\/wp-json\/wp\/v2\/product\/9317","targetHints":{"allow":["GET"]}}],"collection":[{"href":"https:\/\/nicoteam.gr\/tr\/wp-json\/wp\/v2\/product"}],"about":[{"href":"https:\/\/nicoteam.gr\/tr\/wp-json\/wp\/v2\/types\/product"}],"wp:attachment":[{"href":"https:\/\/nicoteam.gr\/tr\/wp-json\/wp\/v2\/media?parent=9317"}],"wp:term":[{"taxonomy":"product_cat","embeddable":true,"href":"https:\/\/nicoteam.gr\/tr\/wp-json\/wp\/v2\/product_cat?post=9317"},{"taxonomy":"product_tag","embeddable":true,"href":"https:\/\/nicoteam.gr\/tr\/wp-json\/wp\/v2\/product_tag?post=9317"}],"curies":[{"name":"wp","href":"https:\/\/api.w.org\/{rel}","templated":true}]}}