{"id":8839,"date":"2021-10-09T13:50:38","date_gmt":"2021-10-09T11:50:38","guid":{"rendered":"https:\/\/nicoteam.gr\/flavor-shot-sweet-salty-mon-dessert-60ml\/"},"modified":"2023-08-28T10:22:56","modified_gmt":"2023-08-28T08:22:56","slug":"flavor-shot-sweet-salty-mon-dessert-60ml","status":"publish","type":"product","link":"https:\/\/nicoteam.gr\/tr\/product\/flavor-shot-sweet-salty-mon-dessert-60ml\/","title":{"rendered":"Flavour Shot Tatl\u0131 &amp; Tuzlu Pzt Tatl\u0131s\u0131 60ml"},"content":{"rendered":"<p><strong>Nobacco Mon Dessert<\/strong><\/p>\n<p>\u038c\u03bb\u03b7 \u03b7 \u03c4\u03ad\u03c7\u03bd\u03b7 \u03c4\u03b7\u03c2 \u03b6\u03b1\u03c7\u03b1\u03c1\u03bf\u03c0\u03bb\u03b1\u03c3\u03c4\u03b9\u03ba\u03ae\u03c2 \u03c3\u03c4\u03bf\u03bd \u03b1\u03c4\u03bc\u03bf\u03c0\u03bf\u03b9\u03b7\u03c4\u03ae \u03c3\u03b1\u03c2! \u0397 Nobacco \u03c3\u03b1\u03c2 \u03c0\u03c1\u03bf\u03c3\u03c6\u03ad\u03c1\u03b5\u03b9 \u03c4\u03b9\u03c2 \u03c5\u03c8\u03b7\u03bb\u03ae\u03c2 \u03c0\u03bf\u03b9\u03cc\u03c4\u03b7\u03c4\u03b1\u03c2 \u03c0\u03c1\u03ce\u03c4\u03b5\u03c2 \u03cd\u03bb\u03b5\u03c2, \u03bf \u03b4\u03b9\u03b1\u03ba\u03b5\u03ba\u03c1\u03b9\u03bc\u03ad\u03bd\u03bf\u03c2 pastry chef \u0394\u03b9\u03bf\u03bd\u03cd\u03c3\u03b7\u03c2 \u0391\u03bb\u03ad\u03c1\u03c4\u03b1\u03c2 \u03c4\u03b9\u03c2 \u03b5\u03ba\u03bb\u03b5\u03c0\u03c4\u03c5\u03c3\u03bc\u03ad\u03bd\u03b5\u03c2 \u03c3\u03c5\u03bd\u03c4\u03b1\u03b3\u03ad\u03c2 \u03c4\u03bf\u03c5 \u03ba\u03b1\u03b9 \u03b5\u03c3\u03b5\u03af\u03c2 \u03c4\u03bf \u03bc\u03cc\u03bd\u03bf \u03c0\u03bf\u03c5 \u03c7\u03c1\u03b5\u03b9\u03ac\u03b6\u03b5\u03c4\u03b1\u03b9 \u03bd\u03b1 \u03ba\u03ac\u03bd\u03b5\u03c4\u03b5 \u03b5\u03af\u03bd\u03b1\u03b9 \u03c4\u03b1 \u03c3\u03c5\u03bd\u03b4\u03c5\u03ac\u03c3\u03b5\u03c4\u03b5 \u03ba\u03b1\u03b9 \u03bd\u03b1 \u03c4\u03b1 \u03b1\u03c0\u03bf\u03bb\u03b1\u03cd\u03c3\u03b5\u03c4\u03b5. \u0397 \u03b5\u03be\u03b5\u03b9\u03b4\u03b9\u03ba\u03b5\u03c5\u03bc\u03ad\u03bd\u03b7 \u03ba\u03b1\u03b9 \u03b1\u03c0\u03b1\u03b9\u03c4\u03b7\u03c4\u03b9\u03ba\u03ae \u03c4\u03ad\u03c7\u03bd\u03b7 \u03c4\u03c9\u03bd \u03b3\u03bb\u03c5\u03ba\u03ce\u03bd \u03c3\u03b5 \u03bc\u03b9\u03b1 \u03c3\u03b5\u03b9\u03c1\u03ac Flavor Shots \u03c0\u03bf\u03c5 \u03ad\u03c7\u03b5\u03b9 \u03ae\u03b4\u03b7 \u03ba\u03b5\u03c1\u03b4\u03af\u03c3\u03b5\u03b9 \u03c4\u03b9\u03c2 \u03b5\u03bd\u03c4\u03c5\u03c0\u03ce\u03c3\u03b5\u03b9\u03c2 \u03bc\u03ad\u03c3\u03b1 \u03b1\u03c0\u03cc \u03c4\u03b9\u03c2 \u03b5\u03bc\u03c0\u03bd\u03b5\u03c5\u03c3\u03bc\u03ad\u03bd\u03b5\u03c2 \u03b4\u03b7\u03bc\u03b9\u03bf\u03c5\u03c1\u03b3\u03af\u03b5\u03c2 \u03c4\u03bf\u03c5 \u0394\u03b9\u03bf\u03bd\u03cd\u03c3\u03b7 \u0391\u03bb\u03ad\u03c1\u03c4\u03b1 \u03ba\u03b1\u03b9 \u03c4\u03b7\u03bd \u03c0\u03bf\u03bb\u03cd\u03bc\u03b7\u03bd\u03b7\u03c2 \u03ad\u03c1\u03b5\u03c5\u03bd\u03b1\u03c2 \u03ba\u03b1\u03b9 \u03b1\u03bd\u03ac\u03c0\u03c4\u03c5\u03be\u03b7\u03c2 \u03c4\u03bf\u03c5 \u0395\u03c1\u03b3\u03b1\u03c3\u03c4\u03b7\u03c1\u03af\u03bf\u03c5 \u039c\u03bf\u03c1\u03b9\u03b1\u03ba\u03ae\u03c2 \u0392\u03b9\u03bf\u03bb\u03bf\u03b3\u03af\u03b1\u03c2 \u03ba\u03b1\u03b9 \u0391\u03bd\u03bf\u03c3\u03bf\u03bb\u03bf\u03b3\u03af\u03b1\u03c2 (\u0395\u039c\u0392\u0399\u0391) \u03c4\u03bf\u03c5 \u03a4\u03bc\u03ae\u03bc\u03b1\u03c4\u03bf\u03c2 \u03a6\u03b1\u03c1\u03bc\u03b1\u03ba\u03b5\u03c5\u03c4\u03b9\u03ba\u03ae\u03c2 \u03c4\u03bf\u03c5 \u03a0\u03b1\u03bd\u03b5\u03c0\u03b9\u03c3\u03c4\u03b7\u03bc\u03af\u03bf\u03c5 \u03a0\u03b1\u03c4\u03c1\u03ce\u03bd, \u03c3\u03c4\u03b1 \u03c0\u03bb\u03b1\u03af\u03c3\u03b9\u03b1 \u03c4\u03b7\u03c2 \u03c3\u03c5\u03bd\u03b5\u03c1\u03b3\u03b1\u03c3\u03af\u03b1\u03c2 \u03bc\u03b5 \u03c4\u03b7\u03bd Aquarius Project \u03b1\u03c0\u03cc \u03c4\u03bf 2014 \u03ad\u03c9\u03c2 \u03ba\u03b1\u03b9 \u03c4\u03bf 2019.<\/p>\n<p>\u03a4\u03b1 \u03b1\u03c1\u03ce\u03bc\u03b1\u03c4\u03b1 Mon Dessert S&amp;V 60ml \u03c3\u03c5\u03c3\u03ba\u03b5\u03c5\u03ac\u03b6\u03bf\u03bd\u03c4\u03b1\u03b9 \u03ba\u03b1\u03b9 \u03ba\u03c5\u03ba\u03bb\u03bf\u03c6\u03bf\u03c1\u03bf\u03cd\u03bd \u03c3\u03b5 \u03c6\u03b9\u03b1\u03bb\u03af\u03b4\u03b9\u03bf \u03c4\u03c9\u03bd 60ml, \u03bc\u03b5 \u03ba\u03b1\u03c0\u03ac\u03ba\u03b9 Child Lock \u03ba\u03b1\u03b9 Tamper Evident. H \u03c0\u03b5\u03c1\u03b9\u03b5\u03ba\u03c4\u03b9\u03ba\u03cc\u03c4\u03b7\u03c4\u03b1 \u03b1\u03c1\u03ce\u03bc\u03b1\u03c4\u03bf\u03c2 \u03c3\u03c4\u03bf \u03c6\u03b9\u03b1\u03bb\u03af\u03b4\u03b9\u03bf \u03b5\u03af\u03bd\u03b1\u03b9 \u03c3\u03c4\u03b1 20ml \u03ba\u03b1\u03b9 \u03b7 \u03c3\u03cd\u03bd\u03b8\u03b5\u03c3\u03b7 \u03c4\u03bf\u03c5 \u03b1\u03c0\u03bf\u03c4\u03b5\u03bb\u03b5\u03af\u03c4\u03b1\u03b9 \u03b1\u03c0\u03cc \u03c5\u03c8\u03b7\u03bb\u03ae\u03c2 \u03c0\u03bf\u03b9\u03cc\u03c4\u03b7\u03c4\u03b1\u03c2 (USP grade) \u03c0\u03c1\u03bf\u03c0\u03c5\u03bb\u03b5\u03bd\u03bf\u03b3\u03bb\u03c5\u03ba\u03cc\u03bb\u03b7 (PG) \u03ba\u03b1\u03b9 \u03b1\u03c1\u03c9\u03bc\u03b1\u03c4\u03b9\u03ba\u03ad\u03c2 \u03cd\u03bb\u03b5\u03c2.<\/p>\n<p><strong>Dikkat<\/strong>: Bu \u00fcr\u00fcn, kullan\u0131mdan \u00f6nce seyreltilmesi gereken konsantre aromatik bir s\u0131v\u0131d\u0131r. G\u0131da veya kozmetik ama\u00e7l\u0131 kullan\u0131ma uygun de\u011fildir.<\/p>\n<p><strong>KOVA PROJES\u0130<\/strong><\/p>\n<p>Aquarius Projesi, NOBACCO&#039;nun Patras \u00dcniversitesi Eczac\u0131l\u0131k B\u00f6l\u00fcm\u00fc Molek\u00fcler Biyoloji ve \u0130mm\u00fcnoloji Laboratuvar\u0131 (EMBIA) ile yenilik\u00e7i i\u015fbirli\u011fi yoluyla olu\u015fturuldu. NOBACCO&#039;nun EMBIA ile i\u015fbirli\u011fi, \u00f6zel sekt\u00f6r\u00fcn akademik ve ara\u015ft\u0131rma camias\u0131 ile i\u015fbirli\u011fi yapmas\u0131n\u0131, \u00fcretimi bilgi ve yenilikle birle\u015ftirmesini isteyen uluslararas\u0131 uygulamay\u0131 hayata ge\u00e7irdi. Aquarius Project, en zorlu bilimsel verilere g\u00f6re Yunanistan&#039;da elektronik sigara dolum likiti \u00fcretiminde uzmanla\u015fm\u0131\u015f ilk \u015firkettir. \u015eirketin itici g\u00fcc\u00fc, 2014&#039;ten 2019&#039;a kadar EMBIA ile yap\u0131lan stratejik i\u015fbirli\u011fi gibi Yunan ara\u015ft\u0131rma ve inovasyonuna yap\u0131lan yat\u0131r\u0131md\u0131r. \u015eirketin misyonu, d\u00fcnya \u00e7ap\u0131nda milyonlarca elektronik sigara kullan\u0131c\u0131s\u0131 i\u00e7in en kat\u0131 uluslararas\u0131 standartlara g\u00f6re yenilik\u00e7i \u00fcr\u00fcnler geli\u015ftirmektir. .<\/p>","protected":false},"excerpt":{"rendered":"<p>\u039a\u03bf\u03bb\u03b1\u03c3\u03bc\u03ad\u03bd\u03b7 \u03ba\u03b1\u03c1\u03b1\u03bc\u03ad\u03bb\u03b1 \u03bc\u03b5 \u03b1\u03bd\u03b8\u03cc \u03b1\u03bb\u03b1\u03c4\u03b9\u03bf\u03cd \u03c3\u03b5 \u03ad\u03bd\u03b1 \u03c0\u03b1\u03b9\u03c7\u03bd\u03af\u03b4\u03b9 \u03b1\u03bd\u03c4\u03b9\u03b8\u03ad\u03c3\u03b5\u03c9\u03bd. \u0395\u03ba\u03bb\u03b5\u03c0\u03c4\u03c5\u03c3\u03bc\u03ad\u03bd\u03b7 \u03ba\u03b1\u03b9 \u03c6\u03b9\u03bd\u03b5\u03c4\u03c3\u03ac\u03c4\u03b7 \u03b3\u03b5\u03cd\u03c3\u03b7, \u03af\u03c3\u03c9\u03c2 \u03b7 \u03c0\u03b9\u03bf \u03c6\u03b7\u03bc\u03b9\u03c3\u03bc\u03ad\u03bd\u03b7 \u03b4\u03b7\u03bc\u03b9\u03bf\u03c5\u03c1\u03b3\u03af\u03b1 \u03c4\u03bf\u03c5 \u03ba\u03b1\u03c4\u03b1\u03be\u03b9\u03c9\u03bc\u03ad\u03bd\u03bf\u03c5 pastry chef \u0394\u03b9\u03bf\u03bd\u03cd\u03c3\u03b7 \u0391\u03bb\u03ad\u03c1\u03c4\u03b1.<\/p>","protected":false},"featured_media":0,"template":"","meta":{"_acf_changed":false,"_kadence_starter_templates_imported_post":false,"_kad_post_transparent":"","_kad_post_title":"","_kad_post_layout":"","_kad_post_sidebar_id":"","_kad_post_content_style":"","_kad_post_vertical_padding":"","_kad_post_feature":"","_kad_post_feature_position":"","_kad_post_header":false,"_kad_post_footer":false},"product_cat":[272],"product_tag":[295,191],"class_list":{"0":"post-8839","1":"product","2":"type-product","3":"status-publish","5":"product_cat-flavour-shots","6":"product_tag-flavour-shots","7":"product_tag-nobacco","8":"product_shipping_class-mi-kapnika","9":"pa_-341","10":"pa_-274","12":"first","13":"instock","14":"taxable","15":"shipping-taxable","16":"purchasable","17":"product-type-simple","18":"entry","19":"content-bg","20":"loop-entry"},"acf":[],"_links":{"self":[{"href":"https:\/\/nicoteam.gr\/tr\/wp-json\/wp\/v2\/product\/8839","targetHints":{"allow":["GET"]}}],"collection":[{"href":"https:\/\/nicoteam.gr\/tr\/wp-json\/wp\/v2\/product"}],"about":[{"href":"https:\/\/nicoteam.gr\/tr\/wp-json\/wp\/v2\/types\/product"}],"wp:attachment":[{"href":"https:\/\/nicoteam.gr\/tr\/wp-json\/wp\/v2\/media?parent=8839"}],"wp:term":[{"taxonomy":"product_cat","embeddable":true,"href":"https:\/\/nicoteam.gr\/tr\/wp-json\/wp\/v2\/product_cat?post=8839"},{"taxonomy":"product_tag","embeddable":true,"href":"https:\/\/nicoteam.gr\/tr\/wp-json\/wp\/v2\/product_tag?post=8839"}],"curies":[{"name":"wp","href":"https:\/\/api.w.org\/{rel}","templated":true}]}}