{"id":8797,"date":"2021-10-09T13:49:53","date_gmt":"2021-10-09T11:49:53","guid":{"rendered":"https:\/\/nicoteam.gr\/flavor-shot-cola-shades-dinner-lady-60ml\/"},"modified":"2023-08-28T10:22:58","modified_gmt":"2023-08-28T08:22:58","slug":"flavor-shot-cola-shades-dinner-lady-60ml","status":"publish","type":"product","link":"https:\/\/nicoteam.gr\/tr\/product\/flavor-shot-cola-shades-dinner-lady-60ml\/","title":{"rendered":"Flavour Shot Cola Shades Dinner Lady 60ml"},"content":{"rendered":"<p><strong>Nobacco Ak\u015fam Yeme\u011fi Han\u0131m\u0131<\/strong><\/p>\n<p>Pop\u00fcler Dinner Lady firmas\u0131n\u0131n harika kokular\u0131 sizi b\u00fcy\u00fclemeye geldi. Benzersiz elektronik sigara keyfi hedefiyle \u0130ngiliz \u015firketi Dinner Lady, likitlerinin haz\u0131rlanmas\u0131nda \u00f6zel olarak en y\u00fcksek kaliteli malzemeleri kullan\u0131r. NOBACCO serisine eklenen yeni likitlerden bezeli tatl\u0131 limonlu tart, sak\u0131z, so\u011fuk karpuz, limonlu kola gibi favori lezzetleri tadabilirsiniz.<\/p>\n<p>\u03a4\u03b1 \u03b1\u03c1\u03ce\u03bc\u03b1\u03c4\u03b1 Dinner Lady 60ml \u03c3\u03c5\u03c3\u03ba\u03b5\u03c5\u03ac\u03b6\u03bf\u03bd\u03c4\u03b1\u03b9 \u03ba\u03b1\u03b9 \u03ba\u03c5\u03ba\u03bb\u03bf\u03c6\u03bf\u03c1\u03bf\u03cd\u03bd \u03c3\u03b5 \u03c6\u03b9\u03b1\u03bb\u03af\u03b4\u03b9\u03bf \u03c4\u03c9\u03bd 60ml, \u03bc\u03b5 \u03ba\u03b1\u03c0\u03ac\u03ba\u03b9 Child Lock \u03ba\u03b1\u03b9 Tamper Evident. H \u03c0\u03b5\u03c1\u03b9\u03b5\u03ba\u03c4\u03b9\u03ba\u03cc\u03c4\u03b7\u03c4\u03b1 \u03b1\u03c1\u03ce\u03bc\u03b1\u03c4\u03bf\u03c2 \u03c3\u03c4\u03bf \u03c6\u03b9\u03b1\u03bb\u03af\u03b4\u03b9\u03bf \u03b5\u03af\u03bd\u03b1\u03b9 \u03c3\u03c4\u03b1 20ml \u03ba\u03b1\u03b9 \u03b7 \u03c3\u03cd\u03bd\u03b8\u03b5\u03c3\u03b7 \u03c4\u03bf\u03c5 \u03b1\u03c0\u03bf\u03c4\u03b5\u03bb\u03b5\u03af\u03c4\u03b1\u03b9 \u03b1\u03c0\u03cc \u03c5\u03c8\u03b7\u03bb\u03ae\u03c2 \u03c0\u03bf\u03b9\u03cc\u03c4\u03b7\u03c4\u03b1\u03c2 (USP grade) \u03c0\u03c1\u03bf\u03c0\u03c5\u03bb\u03b5\u03bd\u03bf\u03b3\u03bb\u03c5\u03ba\u03cc\u03bb\u03b7 (PG) \u03ba\u03b1\u03b9 \u03b1\u03c1\u03c9\u03bc\u03b1\u03c4\u03b9\u03ba\u03ad\u03c2 \u03cd\u03bb\u03b5\u03c2.<\/p>\n<p><strong>Dikkat<\/strong>: Bu \u00fcr\u00fcn, kullan\u0131mdan \u00f6nce seyreltilmesi gereken konsantre aromatik bir s\u0131v\u0131d\u0131r. G\u0131da veya kozmetik ama\u00e7l\u0131 kullan\u0131ma uygun de\u011fildir.<\/p>","protected":false},"excerpt":{"rendered":"<p>Herkesin en sevdi\u011fi kola, buz dolu bir bardakta taze limonla gelir.<\/p>","protected":false},"featured_media":0,"template":"","meta":{"_acf_changed":false,"_kadence_starter_templates_imported_post":false,"_kad_post_transparent":"","_kad_post_title":"","_kad_post_layout":"","_kad_post_sidebar_id":"","_kad_post_content_style":"","_kad_post_vertical_padding":"","_kad_post_feature":"","_kad_post_feature_position":"","_kad_post_header":false,"_kad_post_footer":false},"product_cat":[272],"product_tag":[295,191],"class_list":{"0":"post-8797","1":"product","2":"type-product","3":"status-publish","5":"product_cat-flavour-shots","6":"product_tag-flavour-shots","7":"product_tag-nobacco","8":"product_shipping_class-mi-kapnika","9":"pa_-313","10":"pa_-284","12":"first","13":"instock","14":"taxable","15":"shipping-taxable","16":"purchasable","17":"product-type-simple","18":"entry","19":"content-bg","20":"loop-entry"},"acf":[],"_links":{"self":[{"href":"https:\/\/nicoteam.gr\/tr\/wp-json\/wp\/v2\/product\/8797","targetHints":{"allow":["GET"]}}],"collection":[{"href":"https:\/\/nicoteam.gr\/tr\/wp-json\/wp\/v2\/product"}],"about":[{"href":"https:\/\/nicoteam.gr\/tr\/wp-json\/wp\/v2\/types\/product"}],"wp:attachment":[{"href":"https:\/\/nicoteam.gr\/tr\/wp-json\/wp\/v2\/media?parent=8797"}],"wp:term":[{"taxonomy":"product_cat","embeddable":true,"href":"https:\/\/nicoteam.gr\/tr\/wp-json\/wp\/v2\/product_cat?post=8797"},{"taxonomy":"product_tag","embeddable":true,"href":"https:\/\/nicoteam.gr\/tr\/wp-json\/wp\/v2\/product_tag?post=8797"}],"curies":[{"name":"wp","href":"https:\/\/api.w.org\/{rel}","templated":true}]}}