{"id":8624,"date":"2021-09-28T18:51:05","date_gmt":"2021-09-28T16:51:05","guid":{"rendered":"https:\/\/nicoteam.gr\/flavor-shot-intimate-in-time-60ml\/"},"modified":"2023-08-28T10:23:06","modified_gmt":"2023-08-28T08:23:06","slug":"flavor-shot-intimate-echo-in-time-60ml","status":"publish","type":"product","link":"https:\/\/nicoteam.gr\/tr\/product\/flavor-shot-intimate-echo-in-time-60ml\/","title":{"rendered":"Flavour Shot Intimate Echo in Time 60ml"},"content":{"rendered":"<p><strong>Nobacco Echo In Time <\/strong><\/p>\n<p><strong>Remember the Tobacco Flavour<\/strong><\/p>\n<p>\u039c\u03b9\u03b1 \u03b9\u03b4\u03b9\u03b1\u03af\u03c4\u03b5\u03c1\u03b7 \u03c3\u03b5\u03b9\u03c1\u03ac \u03b3\u03b5\u03cd\u03c3\u03b5\u03c9\u03bd \u03b2\u03b1\u03c3\u03b9\u03c3\u03bc\u03ad\u03bd\u03b7 \u03c3\u03b5 \u03b1\u03b3\u03b1\u03c0\u03b7\u03bc\u03ad\u03bd\u03b5\u03c2 \u03ba\u03b1\u03c0\u03bd\u03b9\u03ba\u03ad\u03c2 \u03c0\u03bf\u03b9\u03ba\u03b9\u03bb\u03af\u03b5\u03c2 \u03c0\u03bf\u03c5 \u03be\u03c5\u03c0\u03bd\u03ac\u03bd\u03b5 \u03bc\u03bd\u03ae\u03bc\u03b5\u03c2 \u03bc\u03af\u03b1\u03c2 \u03ac\u03bb\u03bb\u03b7\u03c2 \u03b5\u03c0\u03bf\u03c7\u03ae\u03c2. \u0391\u03c6\u03b5\u03c4\u03b7\u03c1\u03af\u03b1 \u03b3\u03b9\u03b1 \u03bc\u03af\u03b1 \u03c0\u03b5\u03c1\u03b9\u03c0\u03bb\u03ac\u03bd\u03b7\u03c3\u03b7 \u03c3\u03b5 \u03b3\u03bd\u03ce\u03c1\u03b9\u03bc\u03b5\u03c2 \u03b4\u03b9\u03b1\u03b4\u03c1\u03bf\u03bc\u03ad\u03c2 \u03c0\u03bf\u03c5 \u03b1\u03bd\u03c4\u03b1\u03bd\u03b1\u03ba\u03bb\u03bf\u03cd\u03bd \u03c3\u03b5 \u03c3\u03c4\u03b1\u03b8\u03b5\u03c1\u03ad\u03c2 \u03b5\u03c0\u03b9\u03b8\u03c5\u03bc\u03af\u03b5\u03c2. \u0393\u03b5\u03cd\u03c3\u03b5\u03b9\u03c2 \u03b4\u03b9\u03b1\u03c7\u03c1\u03bf\u03bd\u03b9\u03ba\u03ae\u03c2 \u03b1\u03be\u03af\u03b1\u03c2 \u03c0\u03bf\u03c5 \u03c9\u03c1\u03af\u03bc\u03b1\u03c3\u03b1\u03bd \u03c3\u03c4\u03bf \u03c7\u03c1\u03cc\u03bd\u03bf \u03c0\u03c1\u03bf\u03c3\u03b8\u03ad\u03c4\u03bf\u03c5\u03bd \u03bc\u03af\u03b1 \u03bd\u03bf\u03c3\u03c4\u03b1\u03bb\u03b3\u03b9\u03ba\u03ae \u03b4\u03b9\u03ac\u03b8\u03b5\u03c3\u03b7 \u03ba\u03c5\u03ba\u03bb\u03ce\u03bd\u03bf\u03bd\u03c4\u03b1\u03c2 \u03c4\u03b9\u03c2 \u03b1\u03b9\u03c3\u03b8\u03ae\u03c3\u03b5\u03b9\u03c2 \u03bc\u03b5 \u03ba\u03cd\u03bc\u03b1\u03c4\u03b1 \u03b1\u03c1\u03c9\u03bc\u03ac\u03c4\u03c9\u03bd. \u03a4\u03b1 \u03b1\u03c1\u03ce\u03bc\u03b1\u03c4\u03b1 \u03c4\u03b7\u03c2 \u03c3\u03b5\u03b9\u03c1\u03ac\u03c2 Echo In Time \u03b4\u03b9\u03b1\u03ba\u03c1\u03af\u03bd\u03bf\u03bd\u03c4\u03b1\u03b9 \u03b3\u03b9\u03b1 \u03c4\u03b7\u03bd \u03c0\u03bf\u03b9\u03cc\u03c4\u03b7\u03c4\u03ac \u03c4\u03bf\u03c5\u03c2, \u03c0\u03c1\u03bf\u03c3\u03c6\u03ad\u03c1\u03bf\u03bd\u03c4\u03b1\u03c2 \u03b5\u03be\u03b1\u03b9\u03c1\u03b5\u03c4\u03b9\u03ba\u03ad\u03c2 \u03ba\u03b1\u03c0\u03bd\u03b9\u03ba\u03ad\u03c2 \u03b3\u03b5\u03cd\u03c3\u03b5\u03b9\u03c2 \u03c3\u03b5 \u03c3\u03c5\u03c3\u03ba\u03b5\u03c5\u03b1\u03c3\u03af\u03b1 \u03bf\u03b9\u03ba\u03bf\u03bd\u03bf\u03bc\u03b9\u03ba\u03ac \u03c9\u03c6\u03ad\u03bb\u03b9\u03bc\u03b7. \u0397 \u03b1\u03bd\u03ac\u03c0\u03c4\u03c5\u03be\u03b7 \u03c4\u03b7\u03c2 \u03c3\u03cd\u03bd\u03b8\u03b5\u03c3\u03b7\u03c2 \u03ba\u03ac\u03b8\u03b5 \u03c5\u03b3\u03c1\u03bf\u03cd, \u03b5\u03af\u03bd\u03b1\u03b9 \u03c4\u03bf \u03b1\u03c0\u03bf\u03c4\u03ad\u03bb\u03b5\u03c3\u03bc\u03b1 \u03c0\u03bf\u03bb\u03cd\u03bc\u03b7\u03bd\u03b7\u03c2 \u03ad\u03c1\u03b5\u03c5\u03bd\u03b1\u03c2 \u03ba\u03b1\u03b9 \u03b1\u03bd\u03ac\u03c0\u03c4\u03c5\u03be\u03b7\u03c2 \u03c4\u03bf\u03c5 \u0395\u03c1\u03b3\u03b1\u03c3\u03c4\u03b7\u03c1\u03af\u03bf\u03c5 \u039c\u03bf\u03c1\u03b9\u03b1\u03ba\u03ae\u03c2 \u0392\u03b9\u03bf\u03bb\u03bf\u03b3\u03af\u03b1\u03c2 \u03ba\u03b1\u03b9 \u0391\u03bd\u03bf\u03c3\u03bf\u03bb\u03bf\u03b3\u03af\u03b1\u03c2 (\u0395\u039c\u0392\u0399\u0391) \u03c4\u03bf\u03c5 \u03a4\u03bc\u03ae\u03bc\u03b1\u03c4\u03bf\u03c2 \u03a6\u03b1\u03c1\u03bc\u03b1\u03ba\u03b5\u03c5\u03c4\u03b9\u03ba\u03ae\u03c2 \u03c4\u03bf\u03c5 \u03a0\u03b1\u03bd\u03b5\u03c0\u03b9\u03c3\u03c4\u03b7\u03bc\u03af\u03bf\u03c5 \u03a0\u03b1\u03c4\u03c1\u03ce\u03bd, \u03c3\u03c4\u03b1 \u03c0\u03bb\u03b1\u03af\u03c3\u03b9\u03b1 \u03c4\u03b7\u03c2 \u03c3\u03c5\u03bd\u03b5\u03c1\u03b3\u03b1\u03c3\u03af\u03b1\u03c2 \u03bc\u03b5 \u03c4\u03b7\u03bd Aquarius Project \u03b1\u03c0\u03cc \u03c4\u03bf 2014 \u03ad\u03c9\u03c2 \u03ba\u03b1\u03b9 \u03c4\u03bf 2019. \u03a4\u03bf \u03b5\u03c1\u03b5\u03c5\u03bd\u03b7\u03c4\u03b9\u03ba\u03cc \u03c0\u03c1\u03bf\u03c3\u03c9\u03c0\u03b9\u03ba\u03cc \u03c4\u03bf\u03c5 \u0395\u03c1\u03b3\u03b1\u03c3\u03c4\u03b7\u03c1\u03af\u03bf\u03c5, \u03bc\u03b5 \u03c5\u03c8\u03b7\u03bb\u03ae \u03b5\u03c0\u03b9\u03c3\u03c4\u03b7\u03bc\u03bf\u03bd\u03b9\u03ba\u03ae \u03ba\u03b1\u03c4\u03ac\u03c1\u03c4\u03b9\u03c3\u03b7 \u03ba\u03b1\u03b9 \u03b5\u03bc\u03c0\u03b5\u03b9\u03c1\u03af\u03b1, \u03bc\u03b5\u03c4\u03ac \u03b1\u03c0\u03cc \u03c0\u03bf\u03bb\u03c5\u03b5\u03c4\u03ae \u03b5\u03c1\u03b5\u03c5\u03bd\u03b7\u03c4\u03b9\u03ba\u03ae \u03b5\u03bd\u03b1\u03c3\u03c7\u03cc\u03bb\u03b7\u03c3\u03b7, \u03c3\u03c7\u03b5\u03b4\u03af\u03b1\u03c3\u03b5 \u03ba\u03b1\u03b9 \u03b1\u03bd\u03ad\u03c0\u03c4\u03c5\u03be\u03b5 \u03c3\u03c5\u03bd\u03c4\u03b1\u03b3\u03ad\u03c2 \u03c0\u03bf\u03c5 \u03c0\u03b1\u03c1\u03ad\u03c7\u03bf\u03c5\u03bd \u03c4\u03b7\u03bd \u03ba\u03b1\u03bb\u03cd\u03c4\u03b5\u03c1\u03b7 \u03b4\u03c5\u03bd\u03b1\u03c4\u03ae \u03b5\u03bc\u03c0\u03b5\u03b9\u03c1\u03af\u03b1 \u03b1\u03c4\u03bc\u03af\u03c3\u03bc\u03b1\u03c4\u03bf\u03c2.<\/p>\n<p>\u03a4\u03b1 \u03b1\u03c1\u03ce\u03bc\u03b1\u03c4\u03b1 Echo in Time 60ml \u03c3\u03c5\u03c3\u03ba\u03b5\u03c5\u03ac\u03b6\u03bf\u03bd\u03c4\u03b1\u03b9 \u03ba\u03b1\u03b9 \u03ba\u03c5\u03ba\u03bb\u03bf\u03c6\u03bf\u03c1\u03bf\u03cd\u03bd \u03c3\u03b5 \u03c6\u03b9\u03b1\u03bb\u03af\u03b4\u03b9\u03bf \u03c4\u03c9\u03bd 60ml, \u03bc\u03b5 \u03ba\u03b1\u03c0\u03ac\u03ba\u03b9 Child Lock \u03ba\u03b1\u03b9 Tamper Evident. H \u03c0\u03b5\u03c1\u03b9\u03b5\u03ba\u03c4\u03b9\u03ba\u03cc\u03c4\u03b7\u03c4\u03b1 \u03b1\u03c1\u03ce\u03bc\u03b1\u03c4\u03bf\u03c2 \u03c3\u03c4\u03bf \u03c6\u03b9\u03b1\u03bb\u03af\u03b4\u03b9\u03bf \u03b5\u03af\u03bd\u03b1\u03b9 \u03c3\u03c4\u03b1 20ml \u03ba\u03b1\u03b9 \u03b7 \u03c3\u03cd\u03bd\u03b8\u03b5\u03c3\u03b7 \u03c4\u03bf\u03c5 \u03b1\u03c0\u03bf\u03c4\u03b5\u03bb\u03b5\u03af\u03c4\u03b1\u03b9 \u03b1\u03c0\u03cc \u03c5\u03c8\u03b7\u03bb\u03ae\u03c2 \u03c0\u03bf\u03b9\u03cc\u03c4\u03b7\u03c4\u03b1\u03c2 (USP grade) \u03c0\u03c1\u03bf\u03c0\u03c5\u03bb\u03b5\u03bd\u03bf\u03b3\u03bb\u03c5\u03ba\u03cc\u03bb\u03b7 (PG) \u03ba\u03b1\u03b9 \u03b1\u03c1\u03c9\u03bc\u03b1\u03c4\u03b9\u03ba\u03ad\u03c2 \u03cd\u03bb\u03b5\u03c2.<\/p>\n<p><strong>Dikkat<\/strong>: Bu \u00fcr\u00fcn, kullan\u0131mdan \u00f6nce seyreltilmesi gereken konsantre aromatik bir s\u0131v\u0131d\u0131r. G\u0131da veya kozmetik ama\u00e7l\u0131 kullan\u0131ma uygun de\u011fildir.<\/p>\n<p><strong>KOVA PROJES\u0130<\/strong><br \/>\nAquarius Projesi, NOBACCO&#039;nun Patras \u00dcniversitesi Eczac\u0131l\u0131k B\u00f6l\u00fcm\u00fc Molek\u00fcler Biyoloji ve \u0130mm\u00fcnoloji Laboratuvar\u0131 (EMBIA) ile yenilik\u00e7i i\u015fbirli\u011fi yoluyla olu\u015fturuldu. NOBACCO&#039;nun EMBIA ile i\u015fbirli\u011fi, \u00f6zel sekt\u00f6r\u00fcn akademik ve ara\u015ft\u0131rma camias\u0131 ile i\u015fbirli\u011fi yapmas\u0131n\u0131, \u00fcretimi bilgi ve yenilikle birle\u015ftirmesini isteyen uluslararas\u0131 uygulamay\u0131 hayata ge\u00e7irdi. Aquarius Project, en zorlu bilimsel verilere g\u00f6re Yunanistan&#039;da elektronik sigara dolum likiti \u00fcretiminde uzmanla\u015fm\u0131\u015f ilk \u015firkettir. \u015eirketin itici g\u00fcc\u00fc, 2014&#039;ten 2019&#039;a kadar EMBIA ile yap\u0131lan stratejik i\u015fbirli\u011fi gibi Yunan ara\u015ft\u0131rma ve inovasyonuna yap\u0131lan yat\u0131r\u0131md\u0131r. \u015eirketin misyonu, d\u00fcnya \u00e7ap\u0131nda milyonlarca elektronik sigara kullan\u0131c\u0131s\u0131 i\u00e7in en kat\u0131 uluslararas\u0131 standartlara g\u00f6re yenilik\u00e7i \u00fcr\u00fcnler geli\u015ftirmektir. .<\/p>","protected":false},"excerpt":{"rendered":"<p>Basma \u00e7e\u015fidinin ger\u00e7ek\u00e7i t\u00fct\u00fcn aromas\u0131, damak tad\u0131n\u0131 de\u011fi\u015ftirmek istemeyen ama al\u0131\u015fkanl\u0131\u011f\u0131n\u0131 de\u011fi\u015ftirmek isteyenler i\u00e7in ideal.<\/p>","protected":false},"featured_media":0,"template":"","meta":{"_acf_changed":false,"_kadence_starter_templates_imported_post":false,"_kad_post_transparent":"","_kad_post_title":"","_kad_post_layout":"","_kad_post_sidebar_id":"","_kad_post_content_style":"","_kad_post_vertical_padding":"","_kad_post_feature":"","_kad_post_feature_position":"","_kad_post_header":false,"_kad_post_footer":false},"product_cat":[272],"product_tag":[295,191],"class_list":{"0":"post-8624","1":"product","2":"type-product","3":"status-publish","5":"product_cat-flavour-shots","6":"product_tag-flavour-shots","7":"product_tag-nobacco","8":"product_shipping_class-mi-kapnika","9":"pa_-400-volt","10":"pa_-amaretto","11":"pa_-apple","12":"pa_-basma","13":"pa_-bourbon","14":"pa_-cinnamon","15":"pa_-donut","16":"pa_-dragonfruit","17":"pa_-exotic-fruits","18":"pa_-ginger","19":"pa_-grapefruit","20":"pa_-lime","21":"pa_-liquorice","22":"pa_-maracuja","23":"pa_-mastic-falim","24":"pa_-muffin","25":"pa_-orange","26":"pa_-passion-fruit","27":"pa_-peppermint","28":"pa_-pina-colada","29":"pa_-red-bull","30":"pa_-spearmint","31":"pa_-tiramisu","32":"pa_-whiskey","33":"pa_-wintergreen","34":"pa_-351","35":"pa_-521","36":"pa_-292","37":"pa_-341","38":"pa_-285","39":"pa_-389","40":"pa_-296","41":"pa_-356","42":"pa_-361","43":"pa_-311","44":"pa_-383","45":"pa_-298","46":"pa_-381","47":"pa_-265","48":"pa_-244","49":"pa_-321","50":"pa_-337","51":"pa_-368","52":"pa_-283","53":"pa_-374","54":"pa_-378","55":"pa_-350","56":"pa_-346","57":"pa_-523","58":"pa_-314","59":"pa_-306","60":"pa_-359","61":"pa_-319","62":"pa_-621","63":"pa_-1021","64":"pa_-338","65":"pa_-869","66":"pa_-277","67":"pa_-375","68":"pa_-524","69":"pa_-529","70":"pa_-370","71":"pa_-363","72":"pa_-324","73":"pa_-579","74":"pa_-527","75":"pa_-279","76":"pa_-1020","77":"pa_-376","78":"pa_-400","79":"pa_-278","80":"pa_-340","81":"pa_-270","82":"pa_-271","83":"pa_-418","84":"pa_-274","85":"pa_-391","86":"pa_-269","87":"pa_-282","88":"pa_-352","89":"pa_-397","90":"pa_-377","91":"pa_-266","92":"pa_-327","93":"pa_-246","94":"pa_-575","95":"pa_-357","96":"pa_-316","97":"pa_-313","98":"pa_-365","99":"pa_-380","100":"pa_-354","101":"pa_-291","102":"pa_-390","103":"pa_-334","104":"pa_-336","105":"pa_-308","106":"pa_-284","107":"pa_-552","108":"pa_-369","109":"pa_-290","110":"pa_-379","111":"pa_-349","112":"pa_-371","113":"pa_-331","114":"pa_-325","115":"pa_-373","116":"pa_-386","117":"pa_-300","118":"pa_-320","119":"pa_-240","120":"pa_-239","121":"pa_-396","122":"pa_-525","123":"pa_-582","124":"pa_-387","125":"pa_-305","126":"pa_-281","127":"pa_-287","128":"pa_-345","129":"pa_-243","130":"pa_-419","131":"pa_-420","132":"pa_-332","133":"pa_-275","134":"pa_-393","135":"pa_-318","136":"pa_-353","137":"pa_-329","138":"pa_-348","139":"pa_-268","140":"pa_-868","141":"pa_-309","142":"pa_-273","143":"pa_-395","144":"pa_-322","145":"pa_-333","146":"pa_-367","147":"pa_-264","148":"pa_-315","149":"pa_-358","150":"pa_-310","151":"pa_-335","152":"pa_-288","153":"pa_-362","154":"pa_-304","155":"pa_-293","156":"pa_-364","157":"pa_-398","158":"pa_-330","159":"pa_-299","160":"pa_-294","161":"pa_-563","162":"pa_-286","163":"pa_-301","164":"pa_-565","165":"pa_-388","166":"pa_-526","167":"pa_-267","168":"pa_-399","169":"pa_-360","170":"pa_-1022","171":"pa_-355","172":"pa_-385","173":"pa_-307","174":"pa_-518","175":"pa_-242","176":"pa_-280","177":"pa_-394","178":"pa_-339","179":"pa_-297","180":"pa_-392","182":"first","183":"instock","184":"taxable","185":"shipping-taxable","186":"purchasable","187":"product-type-simple","188":"entry","189":"content-bg","190":"loop-entry"},"acf":[],"_links":{"self":[{"href":"https:\/\/nicoteam.gr\/tr\/wp-json\/wp\/v2\/product\/8624","targetHints":{"allow":["GET"]}}],"collection":[{"href":"https:\/\/nicoteam.gr\/tr\/wp-json\/wp\/v2\/product"}],"about":[{"href":"https:\/\/nicoteam.gr\/tr\/wp-json\/wp\/v2\/types\/product"}],"wp:attachment":[{"href":"https:\/\/nicoteam.gr\/tr\/wp-json\/wp\/v2\/media?parent=8624"}],"wp:term":[{"taxonomy":"product_cat","embeddable":true,"href":"https:\/\/nicoteam.gr\/tr\/wp-json\/wp\/v2\/product_cat?post=8624"},{"taxonomy":"product_tag","embeddable":true,"href":"https:\/\/nicoteam.gr\/tr\/wp-json\/wp\/v2\/product_tag?post=8624"}],"curies":[{"name":"wp","href":"https:\/\/api.w.org\/{rel}","templated":true}]}}