{"id":8567,"date":"2021-09-24T18:44:52","date_gmt":"2021-09-24T16:44:52","guid":{"rendered":"https:\/\/nicoteam.gr\/flavor-shot-virgin-pear-fusion-60ml\/"},"modified":"2023-08-28T10:23:09","modified_gmt":"2023-08-28T08:23:09","slug":"flavor-shot-virgin-pear-fusion-60ml","status":"publish","type":"product","link":"https:\/\/nicoteam.gr\/tr\/product\/flavor-shot-virgin-pear-fusion-60ml\/","title":{"rendered":"Flavour Shot VirGin Armut F\u00fczyonu 60ml"},"content":{"rendered":"<p><strong>NOBACCO F\u00dcZYONU<\/strong><\/p>\n<p>Daha basit olanlar\u0131n bir araya gelmesiyle daha karma\u015f\u0131k olanlar\u0131n olu\u015fmas\u0131. Bal, \u00e7ikolata, f\u0131st\u0131k ezmesi, armut ve di\u011fer favori lezzetler, t\u00fct\u00fcn aromalar\u0131yla harmanlanarak g\u00fcnl\u00fck al\u0131\u015fkanl\u0131\u011f\u0131n\u0131z\u0131 m\u00fckemmel bir lezzet deneyimine d\u00f6n\u00fc\u015ft\u00fcr\u00fcyor!<\/p>\n<p>Fusion serisinin kokular\u0131 kalitesiyle \u00f6ne \u00e7\u0131k\u0131yor ve uygun maliyetli bir pakette m\u00fckemmel tatlar sunuyor. Fusion parf\u00fcmleri 60 ml&#039;lik \u015fi\u015fede, \u00c7ocuk Kilidi ve Tamper Belirgin kapakla paketlenip da\u011f\u0131t\u0131lmaktad\u0131r. \u015ei\u015fedeki parf\u00fcm i\u00e7eri\u011fi 20ml olup, bile\u015fimi y\u00fcksek kaliteli (USP dereceli) propilen glikol (PG) ve aromatiklerden olu\u015fmaktad\u0131r.<\/p>\n<p><strong>Dikkat<\/strong>: Bu \u00fcr\u00fcn, kullan\u0131mdan \u00f6nce seyreltilmesi gereken konsantre aromatik bir s\u0131v\u0131d\u0131r. G\u0131da veya kozmetik ama\u00e7l\u0131 kullan\u0131ma uygun de\u011fildir.<\/p>\n<p><strong>KOVA PROJES\u0130<\/strong><\/p>\n<p>Aquarius Projesi, NOBACCO&#039;nun Patras \u00dcniversitesi Eczac\u0131l\u0131k B\u00f6l\u00fcm\u00fc Molek\u00fcler Biyoloji ve \u0130mm\u00fcnoloji Laboratuvar\u0131 (EMBIA) ile yenilik\u00e7i i\u015fbirli\u011fi yoluyla olu\u015fturuldu. NOBACCO&#039;nun EMBIA ile i\u015fbirli\u011fi, \u00f6zel sekt\u00f6r\u00fcn akademik ve ara\u015ft\u0131rma camias\u0131 ile i\u015fbirli\u011fi yapmas\u0131n\u0131, \u00fcretimi bilgi ve yenilikle birle\u015ftirmesini isteyen uluslararas\u0131 uygulamay\u0131 hayata ge\u00e7irdi. Aquarius Project, en zorlu bilimsel verilere g\u00f6re Yunanistan&#039;da elektronik sigara dolum likiti \u00fcretiminde uzmanla\u015fm\u0131\u015f ilk \u015firkettir. \u015eirketin itici g\u00fcc\u00fc, 2014&#039;ten 2019&#039;a kadar EMBIA ile yap\u0131lan stratejik i\u015fbirli\u011fi gibi Yunan ara\u015ft\u0131rma ve inovasyonuna yap\u0131lan yat\u0131r\u0131md\u0131r. \u015eirketin misyonu, d\u00fcnya \u00e7ap\u0131nda milyonlarca elektronik sigara kullan\u0131c\u0131s\u0131 i\u00e7in en kat\u0131 uluslararas\u0131 standartlara g\u00f6re yenilik\u00e7i \u00fcr\u00fcnler geli\u015ftirmektir. .<\/p>","protected":false},"excerpt":{"rendered":"<p>Tatl\u0131 virginia t\u00fct\u00fcn\u00fc ve sulu armut, cinin \u0131\u015f\u0131lt\u0131s\u0131yla birle\u015ferek kelimelerle tarif edilemeyecek bir etki yarat\u0131r.<\/p>","protected":false},"featured_media":0,"template":"","meta":{"_acf_changed":false,"_kadence_starter_templates_imported_post":false,"_kad_post_transparent":"","_kad_post_title":"","_kad_post_layout":"","_kad_post_sidebar_id":"","_kad_post_content_style":"","_kad_post_vertical_padding":"","_kad_post_feature":"","_kad_post_feature_position":"","_kad_post_header":false,"_kad_post_footer":false},"product_cat":[272],"product_tag":[295,191],"class_list":{"0":"post-8567","1":"product","2":"type-product","3":"status-publish","5":"product_cat-flavour-shots","6":"product_tag-flavour-shots","7":"product_tag-nobacco","8":"product_shipping_class-mi-kapnika","9":"pa_-298","10":"pa_-270","11":"pa_-299","13":"first","14":"instock","15":"taxable","16":"shipping-taxable","17":"purchasable","18":"product-type-simple","19":"entry","20":"content-bg","21":"loop-entry"},"acf":[],"_links":{"self":[{"href":"https:\/\/nicoteam.gr\/tr\/wp-json\/wp\/v2\/product\/8567","targetHints":{"allow":["GET"]}}],"collection":[{"href":"https:\/\/nicoteam.gr\/tr\/wp-json\/wp\/v2\/product"}],"about":[{"href":"https:\/\/nicoteam.gr\/tr\/wp-json\/wp\/v2\/types\/product"}],"wp:attachment":[{"href":"https:\/\/nicoteam.gr\/tr\/wp-json\/wp\/v2\/media?parent=8567"}],"wp:term":[{"taxonomy":"product_cat","embeddable":true,"href":"https:\/\/nicoteam.gr\/tr\/wp-json\/wp\/v2\/product_cat?post=8567"},{"taxonomy":"product_tag","embeddable":true,"href":"https:\/\/nicoteam.gr\/tr\/wp-json\/wp\/v2\/product_tag?post=8567"}],"curies":[{"name":"wp","href":"https:\/\/api.w.org\/{rel}","templated":true}]}}