{"id":8384,"date":"2021-09-22T20:06:14","date_gmt":"2021-09-22T18:06:14","guid":{"rendered":"https:\/\/nicoteam.gr\/%cf%85%ce%b3%cf%81%cf%8c-%ce%b1%ce%bd%ce%b1%cf%80%ce%bb%ce%ae%cf%81%cf%89%cf%83%ce%b7%cf%82-numbers-two-10ml\/"},"modified":"2023-08-28T10:23:13","modified_gmt":"2023-08-28T08:23:13","slug":"%cf%85%ce%b3%cf%81%cf%8c-%ce%b1%ce%bd%ce%b1%cf%80%ce%bb%ce%ae%cf%81%cf%89%cf%83%ce%b7%cf%82-numbers-two-10ml","status":"publish","type":"product","link":"https:\/\/nicoteam.gr\/tr\/product\/%cf%85%ce%b3%cf%81%cf%8c-%ce%b1%ce%bd%ce%b1%cf%80%ce%bb%ce%ae%cf%81%cf%89%cf%83%ce%b7%cf%82-numbers-two-10ml\/","title":{"rendered":"Numbers Two Yedek Likit 10ml"},"content":{"rendered":"<p><strong>NOBACCO NUMARALARI <\/strong><\/p>\n<p>NOBACCO NUMBERS yedek serisi, g\u00fcnl\u00fck elektronik sigara keyfi denklemini olu\u015fturan ilgin\u00e7 tat ve aroma \u00e7e\u015fitlerini uygun bir fiyata i\u00e7erir! T\u00fct\u00fcn, meyve ve tatl\u0131lardan olu\u015fan ger\u00e7ek\u00e7i tatlar\u0131n yan\u0131 s\u0131ra sizi ho\u015f bir \u015fekilde \u015fa\u015f\u0131rtacak orijinal kar\u0131\u015f\u0131mlar\u0131 da ke\u015ffedeceksiniz.<\/p>\n<p>NOBACCO NUMBERS serisinin yeniden dolum s\u0131v\u0131lar\u0131, NOBACCO&#039;nun sundu\u011fu t\u00fcm yeniden dolum s\u0131v\u0131lar\u0131 gibi \u00fcst\u00fcn kaliteleriyle karakterize edilir.<\/p>\n<p>50% VG \/ 50% PG bile\u015fimine sahip d\u00f6rt nikotin se\u00e7ene\u011fi (0, 6, 12 ve 18 mg\/ml) mevcuttur.<\/p>","protected":false},"excerpt":{"rendered":"<p>\u0130ki temel bile\u015fen olan Virginia t\u00fct\u00fcn\u00fc ve Perique, saf puro keyfi sevenler i\u00e7in ger\u00e7ek t\u00fct\u00fcn\u00fcn zengin tad\u0131yla g\u00fc\u00e7l\u00fc, zengin bir kar\u0131\u015f\u0131m olu\u015fturur.<\/p>","protected":false},"featured_media":0,"template":"","meta":{"_acf_changed":false,"_kadence_starter_templates_imported_post":false,"_kad_post_transparent":"","_kad_post_title":"","_kad_post_layout":"","_kad_post_sidebar_id":"","_kad_post_content_style":"","_kad_post_vertical_padding":"","_kad_post_feature":"","_kad_post_feature_position":"","_kad_post_header":false,"_kad_post_footer":false},"product_cat":[134],"product_tag":[191,241],"class_list":{"0":"post-8384","1":"product","2":"type-product","3":"status-publish","5":"product_cat-ygra-anaplirosis-nobacco","6":"product_tag-nobacco","7":"product_tag-241","8":"product_shipping_class-mi-kapnika","9":"pa_-270","10":"pa_-0mg-ml","11":"pa_-6mg-ml","12":"pa_-12mg-ml","13":"pa_-18mg-ml","15":"first","16":"instock","17":"taxable","18":"shipping-taxable","19":"purchasable","20":"product-type-variable","21":"entry","22":"content-bg","23":"loop-entry"},"acf":[],"_links":{"self":[{"href":"https:\/\/nicoteam.gr\/tr\/wp-json\/wp\/v2\/product\/8384","targetHints":{"allow":["GET"]}}],"collection":[{"href":"https:\/\/nicoteam.gr\/tr\/wp-json\/wp\/v2\/product"}],"about":[{"href":"https:\/\/nicoteam.gr\/tr\/wp-json\/wp\/v2\/types\/product"}],"wp:attachment":[{"href":"https:\/\/nicoteam.gr\/tr\/wp-json\/wp\/v2\/media?parent=8384"}],"wp:term":[{"taxonomy":"product_cat","embeddable":true,"href":"https:\/\/nicoteam.gr\/tr\/wp-json\/wp\/v2\/product_cat?post=8384"},{"taxonomy":"product_tag","embeddable":true,"href":"https:\/\/nicoteam.gr\/tr\/wp-json\/wp\/v2\/product_tag?post=8384"}],"curies":[{"name":"wp","href":"https:\/\/api.w.org\/{rel}","templated":true}]}}