{"id":8278,"date":"2021-09-20T21:55:55","date_gmt":"2021-09-20T19:55:55","guid":{"rendered":"https:\/\/nicoteam.gr\/%cf%85%ce%b3%cf%81%cf%8c-%ce%b1%ce%bd%ce%b1%cf%80%ce%bb%ce%ae%cf%81%cf%89%cf%83%ce%b7%cf%82-regular-cuore-10ml\/"},"modified":"2023-10-24T17:22:18","modified_gmt":"2023-10-24T15:22:18","slug":"%cf%85%ce%b3%cf%81%cf%8c-%ce%b1%ce%bd%ce%b1%cf%80%ce%bb%ce%ae%cf%81%cf%89%cf%83%ce%b7%cf%82-regular-cuore-10ml","status":"publish","type":"product","link":"https:\/\/nicoteam.gr\/tr\/product\/%cf%85%ce%b3%cf%81%cf%8c-%ce%b1%ce%bd%ce%b1%cf%80%ce%bb%ce%ae%cf%81%cf%89%cf%83%ce%b7%cf%82-regular-cuore-10ml\/","title":{"rendered":"Regular Cuore Dolum Likiti 10ml"},"content":{"rendered":"<p><strong>NOBACCO D\u00dcZENL\u0130<\/strong><\/p>\n<p>NOBACCO Regular, NOBACCO&#039;nun en klasik ve favori elektronik sigara tatlar\u0131ndan baz\u0131lar\u0131n\u0131 i\u00e7eren yeniden doldurulabilir likit serisidir. Burada yedek likitlerin en \u00e7ok satan lezzetlerinden baz\u0131lar\u0131n\u0131 bulacaks\u0131n\u0131z.<\/p>\n<p>NOBACCO Regular serisinin likitleri, y\u00fcksek kaliteli hammaddelerle karakterize edilir ve t\u00fcm aromalar se\u00e7ilmi\u015f ve vaping i\u00e7in uygundur.<\/p>\n<p>\u00dcretimleri i\u00e7in farmas\u00f6tik s\u0131n\u0131f (USP S\u0131n\u0131f\u0131) Nikotin, Propilen Glikol (PG), Bitkisel Gliserin (VG) ve m\u00fckemmel kalitede aromatikler kullan\u0131l\u0131r, b\u00f6ylece Avrupa Birli\u011fi ve teknik komiteleri taraf\u0131ndan belirlenen en y\u00fcksek standartlar\u0131 kar\u015f\u0131larlar.<\/p>\n<p>Laboratuvarda test edilmi\u015f ve uygunluklar\u0131 onaylanm\u0131\u015f olup, \u00e7ok uygun fiyatlarla elektronik sigara deneyimini y\u00fckselten e\u015fsiz kalite ve yo\u011fun tatlar sunarlar.<\/p>\n<p>Bunlar\u0131 70% PG \/ 30% VG bile\u015fimine sahip d\u00f6rt nikotin se\u00e7ene\u011finde (0, 6, 12 ve 18 mg\/ml) bulacaks\u0131n\u0131z.<\/p>","protected":false},"excerpt":{"rendered":"<p>\u039a\u03b1\u03c0\u03bd\u03b9\u03ba\u03cc \u03c5\u03b3\u03c1\u03cc \u03b1\u03bd\u03b1\u03c0\u03bb\u03ae\u03c1\u03c9\u03c3\u03b7\u03c2 \u03c0\u03bf\u03c5 \u03c0\u03c1\u03bf\u03c3\u03bf\u03bc\u03bf\u03b9\u03ac\u03b6\u03b5\u03b9 \u03b1\u03c1\u03c9\u03bc\u03b1\u03c4\u03b9\u03ba\u03cc \u03ba\u03b1\u03c0\u03bd\u03cc \u03c0\u03af\u03c0\u03b1\u03c2.<\/p>","protected":false},"featured_media":52180,"template":"","meta":{"_acf_changed":false,"_kadence_starter_templates_imported_post":false,"_kad_post_transparent":"","_kad_post_title":"","_kad_post_layout":"","_kad_post_sidebar_id":"","_kad_post_content_style":"","_kad_post_vertical_padding":"","_kad_post_feature":"","_kad_post_feature_position":"","_kad_post_header":false,"_kad_post_footer":false},"product_cat":[134],"product_tag":[191,241],"class_list":{"0":"post-8278","1":"product","2":"type-product","3":"status-publish","4":"has-post-thumbnail","6":"product_cat-ygra-anaplirosis-nobacco","7":"product_tag-nobacco","8":"product_tag-241","9":"product_shipping_class-mi-kapnika","10":"pa_-271","11":"pa_-0mg-ml","12":"pa_-6mg-ml","13":"pa_-12mg-ml","14":"pa_-18mg-ml","16":"first","17":"instock","18":"taxable","19":"shipping-taxable","20":"purchasable","21":"product-type-variable","22":"entry","23":"content-bg","24":"loop-entry"},"acf":[],"_links":{"self":[{"href":"https:\/\/nicoteam.gr\/tr\/wp-json\/wp\/v2\/product\/8278","targetHints":{"allow":["GET"]}}],"collection":[{"href":"https:\/\/nicoteam.gr\/tr\/wp-json\/wp\/v2\/product"}],"about":[{"href":"https:\/\/nicoteam.gr\/tr\/wp-json\/wp\/v2\/types\/product"}],"wp:featuredmedia":[{"embeddable":true,"href":"https:\/\/nicoteam.gr\/tr\/wp-json\/wp\/v2\/media\/52180"}],"wp:attachment":[{"href":"https:\/\/nicoteam.gr\/tr\/wp-json\/wp\/v2\/media?parent=8278"}],"wp:term":[{"taxonomy":"product_cat","embeddable":true,"href":"https:\/\/nicoteam.gr\/tr\/wp-json\/wp\/v2\/product_cat?post=8278"},{"taxonomy":"product_tag","embeddable":true,"href":"https:\/\/nicoteam.gr\/tr\/wp-json\/wp\/v2\/product_tag?post=8278"}],"curies":[{"name":"wp","href":"https:\/\/api.w.org\/{rel}","templated":true}]}}