{"id":7426,"date":"2021-04-11T21:43:33","date_gmt":"2021-04-11T19:43:33","guid":{"rendered":"https:\/\/nicoteam.gr\/innokin-sensis\/"},"modified":"2024-08-02T09:24:11","modified_gmt":"2024-08-02T07:24:11","slug":"innokin-sensis","status":"publish","type":"product","link":"https:\/\/nicoteam.gr\/tr\/product\/innokin-sensis\/","title":{"rendered":"Innokin Sensis Pod Kiti"},"content":{"rendered":"<p>Innokin Sensis, benzersiz bir elektronik sigara deneyimi i\u00e7in nihai tada odaklanan yenilik\u00e7i \u00f6zelliklere sahip bir pod moddur ve y\u00fckseltilmi\u015f teknolojisiyle bobinin \u00f6mr\u00fcn\u00fc uzat\u0131r.<\/p>\n<p>Dahili 3000 mAh pil ve USB \u2013 Tip C ba\u011flant\u0131 noktas\u0131 \u00fczerinden h\u0131zl\u0131 \u015farj ile benzersiz bir \u00f6zerklik sunarken, cam kaps\u00fcl tipi buharla\u015ft\u0131r\u0131c\u0131, en sevdi\u011finiz yeniden doldurulan s\u0131v\u0131larda birinci s\u0131n\u0131f lezzeti garanti eder.<\/p>","protected":false},"excerpt":{"rendered":"<ul>\n<li>Scepter Coils diren\u00e7 serisiyle uyumlu<\/li>\n<li>3ml kapasiteli cam atomizer<\/li>\n<li>Cihazda ayarlanabilir hava ak\u0131\u015f\u0131<\/li>\n<li>3000mAh pil ile m\u00fckemmel \u00f6zerklik<\/li>\n<li>Smart Coil+ ve Yenileme fonksiyonlar\u0131<\/li>\n<li>Okunmas\u0131 kolay ekran<\/li>\n<li>100% geri d\u00f6n\u00fc\u015ft\u00fcr\u00fclebilir ambalaj<\/li>\n<\/ul>","protected":false},"featured_media":0,"template":"","meta":{"_acf_changed":false,"_kadence_starter_templates_imported_post":false,"_kad_post_transparent":"default","_kad_post_title":"","_kad_post_layout":"default","_kad_post_sidebar_id":"","_kad_post_content_style":"default","_kad_post_vertical_padding":"default","_kad_post_feature":"","_kad_post_feature_position":"","_kad_post_header":false,"_kad_post_footer":false},"product_cat":[141,512],"product_tag":[187,79],"class_list":{"0":"post-7426","1":"product","2":"type-product","3":"status-publish","5":"product_cat-kits","6":"product_cat-ensomatomeni-mpataria-kits","7":"product_tag-innokin","8":"product_tag-kit","9":"product_shipping_class-mi-kapnika","10":"pa_-scepter-coil","11":"pa_-sceptre-coil","12":"pa_-182","14":"first","15":"instock","16":"taxable","17":"shipping-taxable","18":"purchasable","19":"product-type-variable","20":"entry","21":"content-bg","22":"loop-entry"},"acf":[],"_links":{"self":[{"href":"https:\/\/nicoteam.gr\/tr\/wp-json\/wp\/v2\/product\/7426","targetHints":{"allow":["GET"]}}],"collection":[{"href":"https:\/\/nicoteam.gr\/tr\/wp-json\/wp\/v2\/product"}],"about":[{"href":"https:\/\/nicoteam.gr\/tr\/wp-json\/wp\/v2\/types\/product"}],"wp:attachment":[{"href":"https:\/\/nicoteam.gr\/tr\/wp-json\/wp\/v2\/media?parent=7426"}],"wp:term":[{"taxonomy":"product_cat","embeddable":true,"href":"https:\/\/nicoteam.gr\/tr\/wp-json\/wp\/v2\/product_cat?post=7426"},{"taxonomy":"product_tag","embeddable":true,"href":"https:\/\/nicoteam.gr\/tr\/wp-json\/wp\/v2\/product_tag?post=7426"}],"curies":[{"name":"wp","href":"https:\/\/api.w.org\/{rel}","templated":true}]}}