{"id":56493,"date":"2026-05-07T16:57:37","date_gmt":"2026-05-07T14:57:37","guid":{"rendered":"https:\/\/nicoteam.gr\/?post_type=product&#038;p=56493"},"modified":"2026-05-07T17:02:02","modified_gmt":"2026-05-07T15:02:02","slug":"hoyo-de-monterrey-petit-robusto-box-of-3s","status":"publish","type":"product","link":"https:\/\/nicoteam.gr\/tr\/product\/hoyo-de-monterrey-petit-robusto-box-of-3s\/","title":{"rendered":"Hoyo de Monterrey Petit Robusto (Box of 3s)"},"content":{"rendered":"","protected":false},"excerpt":{"rendered":"<p><strong>Hoyo de Monterrey Petit Robusto<\/strong><\/p>\n<p>Puro <strong>Hoyo de Monterrey Petit Robusto<\/strong> 2005 y\u0131l\u0131nda piyasaya s\u00fcr\u00fclmesinden bu yana hayranlar aras\u0131nda pop\u00fcler hale geldi. Bu K\u00fcba purosu,<strong> K\u00fc\u00e7\u00fck Robusto<\/strong> \u2013 boyutlar 1<em>02 mm, 50 halka \u00f6l\u00e7\u00fcl\u00fc<\/em>. Hafif duman tuzlu, kuru ve odunsu notalar verir. Bu purolar\u0131 birle\u015ftir <strong>Hoyo de Monterrey<\/strong> \u03bc\u03b5 \u03bc\u03b5\u03c1\u03b9\u03ba\u03ac \u03b1\u03be\u03b5\u03c3\u03bf\u03c5\u03ac\u03c1 \u03c0\u03bf\u03cd\u03c1\u03c9\u03bd \u03b3\u03b9\u03b1 \u03bd\u03b1 \u03b1\u03bd\u03b1\u03b2\u03b1\u03b8\u03bc\u03af\u03c3\u03b5\u03c4\u03b5 \u03c4\u03b7\u03bd \u03ba\u03b1\u03c0\u03bd\u03b9\u03c3\u03c4\u03b9\u03ba\u03ae \u03c3\u03b1\u03c2 \u03b5\u03bc\u03c0\u03b5\u03b9\u03c1\u03af\u03b1&#8230;<\/p>\n<p><em>Puro \u00f6zellikleri<\/em><strong> Hoyo de Monterrey Petit Robusto<\/strong><\/p>\n<ul>\n<li><em>Uzunluk: <strong>10,2 cm<\/strong><\/em><\/li>\n<li><em>Y\u00fcz\u00fck: <strong>50<\/strong><\/em><\/li>\n<li><em>Men\u015fei: <strong>K\u00fcba<\/strong><\/em><\/li>\n<li><em>Geleneksel el yap\u0131m\u0131 <strong>K\u00fcba purosu\u00a0<\/strong><\/em><\/li>\n<li><em>T\u00fct\u00fcn yeti\u015ftirme alan\u0131: <strong>Vuelta Abajo<\/strong><\/em><\/li>\n<li><em>Yo\u011funluk:\u00a0 <strong>Hafif<\/strong><\/em><\/li>\n<\/ul>","protected":false},"featured_media":13145,"template":"","meta":{"_acf_changed":false,"_kadence_starter_templates_imported_post":false,"_kad_post_transparent":"default","_kad_post_title":"","_kad_post_layout":"default","_kad_post_sidebar_id":"","_kad_post_content_style":"default","_kad_post_vertical_padding":"default","_kad_post_feature":"","_kad_post_feature_position":"","_kad_post_header":false,"_kad_post_footer":false},"product_cat":[1262,598],"product_tag":[],"class_list":{"0":"post-56493","1":"product","2":"type-product","3":"status-publish","4":"has-post-thumbnail","6":"product_cat-hoyo-de-monterrey","7":"product_cat-cuba-cigars","8":"product_shipping_class-kapnika","10":"first","11":"instock","12":"purchasable","13":"product-type-simple","14":"entry","15":"content-bg","16":"loop-entry"},"acf":[],"_links":{"self":[{"href":"https:\/\/nicoteam.gr\/tr\/wp-json\/wp\/v2\/product\/56493","targetHints":{"allow":["GET"]}}],"collection":[{"href":"https:\/\/nicoteam.gr\/tr\/wp-json\/wp\/v2\/product"}],"about":[{"href":"https:\/\/nicoteam.gr\/tr\/wp-json\/wp\/v2\/types\/product"}],"wp:featuredmedia":[{"embeddable":true,"href":"https:\/\/nicoteam.gr\/tr\/wp-json\/wp\/v2\/media\/13145"}],"wp:attachment":[{"href":"https:\/\/nicoteam.gr\/tr\/wp-json\/wp\/v2\/media?parent=56493"}],"wp:term":[{"taxonomy":"product_cat","embeddable":true,"href":"https:\/\/nicoteam.gr\/tr\/wp-json\/wp\/v2\/product_cat?post=56493"},{"taxonomy":"product_tag","embeddable":true,"href":"https:\/\/nicoteam.gr\/tr\/wp-json\/wp\/v2\/product_tag?post=56493"}],"curies":[{"name":"wp","href":"https:\/\/api.w.org\/{rel}","templated":true}]}}