{"id":56453,"date":"2026-04-20T09:32:05","date_gmt":"2026-04-20T07:32:05","guid":{"rendered":"https:\/\/nicoteam.gr\/?post_type=product&#038;p=56453"},"modified":"2026-04-20T09:36:34","modified_gmt":"2026-04-20T07:36:34","slug":"h-upmann-magnum-50-2","status":"publish","type":"product","link":"https:\/\/nicoteam.gr\/tr\/product\/h-upmann-magnum-50-2\/","title":{"rendered":"H. Upmann Magnum 50"},"content":{"rendered":"","protected":false},"excerpt":{"rendered":"<p>H.Upmann, 1843&#039;te \u00fcretime ba\u015flayan, gezegendeki en eski puro markalar\u0131ndan biridir. \u00c7o\u011funlukla en ba\u015ftan \u00e7\u0131kar\u0131c\u0131 aromatik purolar olarak tan\u0131mlanan bu purolar, koyu renkli bir ambalaja sahiptir ve g\u00fc\u00e7, hafif veya orta olarak ikiye ayr\u0131l\u0131r. Her sigara i\u00e7en ki\u015finin benzersiz bir deneyim ya\u015fayaca\u011f\u0131 kesindir.<\/p>\n<p>&nbsp;<\/p>\n<p>Magnum 50, piyasaya s\u00fcr\u00fcld\u00fc\u011f\u00fc 2008 y\u0131l\u0131ndan bu yana merakl\u0131lar aras\u0131nda en sevilen K\u00fcba purolar\u0131ndan biri haline geldi. Etkileyici 50 halkal\u0131 ve m\u00fckemmel kalitede t\u00fct\u00fcnlerle, bol miktarda aroma ve tat sa\u011flayan hafif ila orta yo\u011funluk sunar.<\/p>","protected":false},"featured_media":53645,"template":"","meta":{"_acf_changed":false,"_kadence_starter_templates_imported_post":false,"_kad_post_transparent":"default","_kad_post_title":"","_kad_post_layout":"default","_kad_post_sidebar_id":"","_kad_post_content_style":"default","_kad_post_vertical_padding":"default","_kad_post_feature":"","_kad_post_feature_position":"","_kad_post_header":false,"_kad_post_footer":false},"product_cat":[1261,598],"product_tag":[],"class_list":{"0":"post-56453","1":"product","2":"type-product","3":"status-publish","4":"has-post-thumbnail","6":"product_cat-h-upman","7":"product_cat-cuba-cigars","8":"product_shipping_class-kapnika","10":"first","11":"instock","12":"purchasable","13":"product-type-simple","14":"entry","15":"content-bg","16":"loop-entry"},"acf":[],"_links":{"self":[{"href":"https:\/\/nicoteam.gr\/tr\/wp-json\/wp\/v2\/product\/56453","targetHints":{"allow":["GET"]}}],"collection":[{"href":"https:\/\/nicoteam.gr\/tr\/wp-json\/wp\/v2\/product"}],"about":[{"href":"https:\/\/nicoteam.gr\/tr\/wp-json\/wp\/v2\/types\/product"}],"wp:featuredmedia":[{"embeddable":true,"href":"https:\/\/nicoteam.gr\/tr\/wp-json\/wp\/v2\/media\/53645"}],"wp:attachment":[{"href":"https:\/\/nicoteam.gr\/tr\/wp-json\/wp\/v2\/media?parent=56453"}],"wp:term":[{"taxonomy":"product_cat","embeddable":true,"href":"https:\/\/nicoteam.gr\/tr\/wp-json\/wp\/v2\/product_cat?post=56453"},{"taxonomy":"product_tag","embeddable":true,"href":"https:\/\/nicoteam.gr\/tr\/wp-json\/wp\/v2\/product_tag?post=56453"}],"curies":[{"name":"wp","href":"https:\/\/api.w.org\/{rel}","templated":true}]}}