{"id":56428,"date":"2026-04-06T20:01:31","date_gmt":"2026-04-06T18:01:31","guid":{"rendered":"https:\/\/nicoteam.gr\/?post_type=product&#038;p=56428"},"modified":"2026-04-06T20:02:11","modified_gmt":"2026-04-06T18:02:11","slug":"bolivar-royal-coronas-tubos-box-of-10s","status":"publish","type":"product","link":"https:\/\/nicoteam.gr\/tr\/product\/bolivar-royal-coronas-tubos-box-of-10s\/","title":{"rendered":"Bolivar Royal Coronas Tubos (Box of 10s)"},"content":{"rendered":"<p>\u03a4\u03bf Royal Coronas, \u03c4\u03bf Robusto \u03c4\u03b7\u03c2 Bolivar, \u03ad\u03bd\u03b1 \u03b1\u03c0\u03cc \u03c4\u03b1 \u03b4\u03b7\u03bc\u03bf\u03c6\u03b9\u03bb\u03ad\u03c3\u03c4\u03b5\u03c1\u03b1 \u03ba\u03b1\u03b9 \u03c0\u03b9\u03bf \u03b1\u03b3\u03b1\u03c0\u03b7\u03bc\u03ad\u03bd\u03b1 Vitola \u03c0\u03bf\u03cd\u03c1\u03c9\u03bd \u03c0\u03bf\u03c5 \u03b8\u03b1 \u03c3\u03b1\u03c2 \u03c0\u03c1\u03bf\u03c3\u03c6\u03ad\u03c1\u03b5\u03b9 \u03bc\u03b9\u03b1 \u03b3\u03b5\u03bc\u03ac\u03c4\u03b7 \u03b5\u03bc\u03c0\u03b5\u03b9\u03c1\u03af\u03b1.<\/p>","protected":false},"excerpt":{"rendered":"<p>Habanos&#039;un en eski ve en tan\u0131nm\u0131\u015f markalar\u0131ndan biri olan Bolivar purolar\u0131, g\u00fc\u00e7l\u00fc yo\u011funluklar\u0131 ve zengin lezzetleriyle \u00fcnl\u00fcd\u00fcr.<\/p>","protected":false},"featured_media":16070,"template":"","meta":{"_acf_changed":false,"_kadence_starter_templates_imported_post":false,"_kad_post_transparent":"default","_kad_post_title":"","_kad_post_layout":"default","_kad_post_sidebar_id":"","_kad_post_content_style":"default","_kad_post_vertical_padding":"default","_kad_post_feature":"","_kad_post_feature_position":"","_kad_post_header":false,"_kad_post_footer":false},"product_cat":[1256,598],"product_tag":[],"class_list":{"0":"post-56428","1":"product","2":"type-product","3":"status-publish","4":"has-post-thumbnail","6":"product_cat-bolivar","7":"product_cat-cuba-cigars","8":"product_shipping_class-kapnika","10":"first","11":"instock","12":"purchasable","13":"product-type-simple","14":"entry","15":"content-bg","16":"loop-entry"},"acf":[],"_links":{"self":[{"href":"https:\/\/nicoteam.gr\/tr\/wp-json\/wp\/v2\/product\/56428","targetHints":{"allow":["GET"]}}],"collection":[{"href":"https:\/\/nicoteam.gr\/tr\/wp-json\/wp\/v2\/product"}],"about":[{"href":"https:\/\/nicoteam.gr\/tr\/wp-json\/wp\/v2\/types\/product"}],"wp:featuredmedia":[{"embeddable":true,"href":"https:\/\/nicoteam.gr\/tr\/wp-json\/wp\/v2\/media\/16070"}],"wp:attachment":[{"href":"https:\/\/nicoteam.gr\/tr\/wp-json\/wp\/v2\/media?parent=56428"}],"wp:term":[{"taxonomy":"product_cat","embeddable":true,"href":"https:\/\/nicoteam.gr\/tr\/wp-json\/wp\/v2\/product_cat?post=56428"},{"taxonomy":"product_tag","embeddable":true,"href":"https:\/\/nicoteam.gr\/tr\/wp-json\/wp\/v2\/product_tag?post=56428"}],"curies":[{"name":"wp","href":"https:\/\/api.w.org\/{rel}","templated":true}]}}