{"id":56384,"date":"2026-03-06T09:48:15","date_gmt":"2026-03-06T07:48:15","guid":{"rendered":"https:\/\/nicoteam.gr\/?post_type=product&#038;p=56384"},"modified":"2026-04-07T17:38:42","modified_gmt":"2026-04-07T15:38:42","slug":"ramon-allones-specially-selected-box-of-25s","status":"publish","type":"product","link":"https:\/\/nicoteam.gr\/tr\/product\/ramon-allones-specially-selected-box-of-25s\/","title":{"rendered":"Ramon Allones Specially Selected (Box of 25s)"},"content":{"rendered":"","protected":false},"excerpt":{"rendered":"<p>Ramon Allones puro d\u00fcnyas\u0131n\u0131n en eski markalar\u0131ndan biridir. Tarihlerinin \u00f6zelli\u011fi, purolar\u0131n \u00f6zenle dekore edilmesi ve paketlenmesinde \u00f6nc\u00fc olmalar\u0131d\u0131r. T\u00fcm boyutlarda Vuelta Abajo b\u00f6lgesinden t\u00fct\u00fcnler bulunur.Ramon Allones purolar\u0131 yo\u011fun ve karma\u015f\u0131k lezzetleriyle karakterize edilir.<\/p>","protected":false},"featured_media":18875,"template":"","meta":{"_acf_changed":false,"_kadence_starter_templates_imported_post":false,"_kad_post_transparent":"default","_kad_post_title":"","_kad_post_layout":"default","_kad_post_sidebar_id":"","_kad_post_content_style":"default","_kad_post_vertical_padding":"default","_kad_post_feature":"","_kad_post_feature_position":"","_kad_post_header":false,"_kad_post_footer":false},"product_cat":[1272,598],"product_tag":[],"class_list":{"0":"post-56384","1":"product","2":"type-product","3":"status-publish","4":"has-post-thumbnail","6":"product_cat-ramon-allones","7":"product_cat-cuba-cigars","8":"product_shipping_class-kapnika","10":"first","11":"instock","12":"purchasable","13":"product-type-simple","14":"entry","15":"content-bg","16":"loop-entry"},"acf":[],"_links":{"self":[{"href":"https:\/\/nicoteam.gr\/tr\/wp-json\/wp\/v2\/product\/56384","targetHints":{"allow":["GET"]}}],"collection":[{"href":"https:\/\/nicoteam.gr\/tr\/wp-json\/wp\/v2\/product"}],"about":[{"href":"https:\/\/nicoteam.gr\/tr\/wp-json\/wp\/v2\/types\/product"}],"wp:featuredmedia":[{"embeddable":true,"href":"https:\/\/nicoteam.gr\/tr\/wp-json\/wp\/v2\/media\/18875"}],"wp:attachment":[{"href":"https:\/\/nicoteam.gr\/tr\/wp-json\/wp\/v2\/media?parent=56384"}],"wp:term":[{"taxonomy":"product_cat","embeddable":true,"href":"https:\/\/nicoteam.gr\/tr\/wp-json\/wp\/v2\/product_cat?post=56384"},{"taxonomy":"product_tag","embeddable":true,"href":"https:\/\/nicoteam.gr\/tr\/wp-json\/wp\/v2\/product_tag?post=56384"}],"curies":[{"name":"wp","href":"https:\/\/api.w.org\/{rel}","templated":true}]}}