{"id":56199,"date":"2025-12-19T10:59:46","date_gmt":"2025-12-19T08:59:46","guid":{"rendered":"https:\/\/nicoteam.gr\/?post_type=product&#038;p=56199"},"modified":"2026-01-19T14:59:26","modified_gmt":"2026-01-19T12:59:26","slug":"montecristo-no-4-box-of-3s","status":"publish","type":"product","link":"https:\/\/nicoteam.gr\/tr\/product\/montecristo-no-4-box-of-3s\/","title":{"rendered":"Montecristo No 4 (Box of 3s)"},"content":{"rendered":"","protected":false},"excerpt":{"rendered":"<h4>Montekristo No.4<\/h4>\n<p>\u03a4\u03bf\u00a0<strong>Monte Cristo<\/strong>\u00a0K\u00fcba&#039;n\u0131n amiral gemisidir, \u00e7\u00fcnk\u00fc\u00a0<strong>daha y\u00fcksek kalite<\/strong>\u00a0t\u00fcm zamanlar\u0131n \u00fcretimi\u00a0<strong>K\u00fcba<\/strong>. Bir markay\u0131 bu kadar tan\u0131nabilir ve ba\u015far\u0131l\u0131 k\u0131lan sadece pazarlama de\u011fildir. Tam tersine puro\u00a0<strong>Monte Cristo<\/strong>\u00a0ister deneyimli ister acemi olsun, her sigara i\u00e7icisinin zevkini tatmin edebilirler. \u015e\u00f6hreti ondan \u00f6nce gelir, ancak deneyim en zorlu olan\u0131 bile hakl\u0131 \u00e7\u0131kar\u0131r!<\/p>\n<p><em>Puro \u00f6zellikleri\u00a0<strong>Montekristo No.4<\/strong><\/em><\/p>\n<ul>\n<li><em>Uzunluk:\u00a0<strong>12,9 cm<\/strong><\/em><\/li>\n<li><em>Y\u00fcz\u00fck: <strong>42<\/strong><\/em><\/li>\n<li><em>Men\u015fei:\u00a0<strong>K\u00fcba<\/strong><\/em><\/li>\n<li><em>Geleneksel el yap\u0131m\u0131\u00a0<strong>K\u00fcba purosu\u00a0<\/strong><\/em><\/li>\n<li><em>T\u00fct\u00fcn yeti\u015ftirme alan\u0131:\u00a0<strong>Vuelta Arriba<\/strong><\/em><\/li>\n<li><em>Yo\u011funluk:\u00a0\u00a0<strong>Il\u0131man<\/strong><\/em><\/li>\n<\/ul>","protected":false},"featured_media":13157,"template":"","meta":{"_acf_changed":false,"_kadence_starter_templates_imported_post":false,"_kad_post_transparent":"default","_kad_post_title":"","_kad_post_layout":"default","_kad_post_sidebar_id":"","_kad_post_content_style":"default","_kad_post_vertical_padding":"default","_kad_post_feature":"","_kad_post_feature_position":"","_kad_post_header":false,"_kad_post_footer":false},"product_cat":[1265,598],"product_tag":[1358,1367],"class_list":{"0":"post-56199","1":"product","2":"type-product","3":"status-publish","4":"has-post-thumbnail","6":"product_cat-montecristo","7":"product_cat-cuba-cigars","8":"product_tag-montecristo","9":"product_tag-no","10":"product_shipping_class-kapnika","12":"first","13":"instock","14":"purchasable","15":"product-type-simple","16":"entry","17":"content-bg","18":"loop-entry"},"acf":[],"_links":{"self":[{"href":"https:\/\/nicoteam.gr\/tr\/wp-json\/wp\/v2\/product\/56199","targetHints":{"allow":["GET"]}}],"collection":[{"href":"https:\/\/nicoteam.gr\/tr\/wp-json\/wp\/v2\/product"}],"about":[{"href":"https:\/\/nicoteam.gr\/tr\/wp-json\/wp\/v2\/types\/product"}],"wp:featuredmedia":[{"embeddable":true,"href":"https:\/\/nicoteam.gr\/tr\/wp-json\/wp\/v2\/media\/13157"}],"wp:attachment":[{"href":"https:\/\/nicoteam.gr\/tr\/wp-json\/wp\/v2\/media?parent=56199"}],"wp:term":[{"taxonomy":"product_cat","embeddable":true,"href":"https:\/\/nicoteam.gr\/tr\/wp-json\/wp\/v2\/product_cat?post=56199"},{"taxonomy":"product_tag","embeddable":true,"href":"https:\/\/nicoteam.gr\/tr\/wp-json\/wp\/v2\/product_tag?post=56199"}],"curies":[{"name":"wp","href":"https:\/\/api.w.org\/{rel}","templated":true}]}}