{"id":56164,"date":"2025-11-25T20:06:47","date_gmt":"2025-11-25T18:06:47","guid":{"rendered":"https:\/\/nicoteam.gr\/?post_type=product&#038;p=56164"},"modified":"2026-01-14T11:22:56","modified_gmt":"2026-01-14T09:22:56","slug":"ag-mourtides-patron-box-pressed-box-of-12s","status":"publish","type":"product","link":"https:\/\/nicoteam.gr\/tr\/product\/ag-mourtides-patron-box-pressed-box-of-12s\/","title":{"rendered":"A&#038;G Mourtides Patron Box Pressed (Box of 12s)"},"content":{"rendered":"","protected":false},"excerpt":{"rendered":"<p><strong>A&amp;G MATIDLER<\/strong><\/p>\n<p>Purolar<strong> A&amp;G MATIDLER<\/strong>Honduras&#039;ta uzun dolgu y\u00f6ntemiyle \u00fcretilen ve tamamen el yap\u0131m\u0131 olan sigaralar, harika bir i\u00e7im deneyimi sunacak gibi g\u00f6r\u00fcn\u00fcyor. Uzun doldurma y\u00f6nteminin kullan\u0131lmas\u0131, t\u00fct\u00fcn yapraklar\u0131n\u0131n tamam\u0131n\u0131n kullan\u0131lmas\u0131 anlam\u0131na gelir ve daha tutarl\u0131 ve kaliteli bir i\u00e7im deneyimi sunar.<\/p>\n<p>Orta d\u00fczeydeki lezzet yo\u011funlu\u011fu ve ho\u015fg\u00f6r\u00fcl\u00fc do\u011fas\u0131, onlar\u0131 a\u015f\u0131r\u0131ya ka\u00e7madan ho\u015f bir deneyim arayan puro severler i\u00e7in \u00e7ekici bir se\u00e7im haline getiriyor.<\/p>","protected":false},"featured_media":56165,"template":"","meta":{"_acf_changed":false,"_kadence_starter_templates_imported_post":false,"_kad_post_transparent":"default","_kad_post_title":"","_kad_post_layout":"default","_kad_post_sidebar_id":"","_kad_post_content_style":"default","_kad_post_vertical_padding":"default","_kad_post_feature":"","_kad_post_feature_position":"","_kad_post_header":false,"_kad_post_footer":false},"product_cat":[1304,150],"product_tag":[],"class_list":{"0":"post-56164","1":"product","2":"type-product","3":"status-publish","4":"has-post-thumbnail","6":"product_cat-ag-mourtides","7":"product_cat-honduras-cigar","8":"product_shipping_class-kapnika","10":"first","11":"instock","12":"purchasable","13":"product-type-simple","14":"entry","15":"content-bg","16":"loop-entry"},"acf":[],"_links":{"self":[{"href":"https:\/\/nicoteam.gr\/tr\/wp-json\/wp\/v2\/product\/56164","targetHints":{"allow":["GET"]}}],"collection":[{"href":"https:\/\/nicoteam.gr\/tr\/wp-json\/wp\/v2\/product"}],"about":[{"href":"https:\/\/nicoteam.gr\/tr\/wp-json\/wp\/v2\/types\/product"}],"wp:featuredmedia":[{"embeddable":true,"href":"https:\/\/nicoteam.gr\/tr\/wp-json\/wp\/v2\/media\/56165"}],"wp:attachment":[{"href":"https:\/\/nicoteam.gr\/tr\/wp-json\/wp\/v2\/media?parent=56164"}],"wp:term":[{"taxonomy":"product_cat","embeddable":true,"href":"https:\/\/nicoteam.gr\/tr\/wp-json\/wp\/v2\/product_cat?post=56164"},{"taxonomy":"product_tag","embeddable":true,"href":"https:\/\/nicoteam.gr\/tr\/wp-json\/wp\/v2\/product_tag?post=56164"}],"curies":[{"name":"wp","href":"https:\/\/api.w.org\/{rel}","templated":true}]}}