{"id":56079,"date":"2025-10-14T09:25:28","date_gmt":"2025-10-14T07:25:28","guid":{"rendered":"https:\/\/nicoteam.gr\/?post_type=product&#038;p=56079"},"modified":"2025-10-20T10:25:57","modified_gmt":"2025-10-20T08:25:57","slug":"trinidad-vigia-box-os-12s","status":"publish","type":"product","link":"https:\/\/nicoteam.gr\/tr\/product\/trinidad-vigia-box-os-12s\/","title":{"rendered":"Trinidad Vigia (Box os 12s)"},"content":{"rendered":"","protected":false},"excerpt":{"rendered":"<p>K\u00fcba&#039;n\u0131n g\u00fcneyindeki g\u00fczel bir \u015fehir ve d\u00fcnya miras\u0131 alan\u0131, \u00fcnl\u00fc purolar\u0131n ad\u0131 Trinidad&#039;a ilham kayna\u011f\u0131 oldu. Ba\u015flang\u0131\u00e7ta diplomatlara hediye olarak ba\u015flasalar da, birka\u00e7 y\u0131l i\u00e7inde d\u00fczenli olarak piyasada yer almaya ba\u015flad\u0131lar. M\u00fckemmel kaliteleri ve ard\u0131ndan gelen b\u00fcy\u00fck talep, \u00fcretim yerlerini de\u011fi\u015ftirmelerine neden oldu. Cohiba fabrikas\u0131ndan Pinar del Rio \u015fehrine nakledildi. Y\u0131llar ge\u00e7tik\u00e7e marka logosunda \u015firketin prestijine uygun bir de\u011fi\u015fiklik yap\u0131ld\u0131. Merakl\u0131lar\u0131 s\u00fcrekli olarak, tam tad\u0131 ve orta yo\u011funlu\u011fuyla keyifli anlar sunan el yap\u0131m\u0131 Trinidad purolar\u0131n\u0131 tercih ediyor.<\/p>","protected":false},"featured_media":17995,"template":"","meta":{"_acf_changed":false,"_kadence_starter_templates_imported_post":false,"_kad_post_transparent":"default","_kad_post_title":"","_kad_post_layout":"default","_kad_post_sidebar_id":"","_kad_post_content_style":"default","_kad_post_vertical_padding":"default","_kad_post_feature":"","_kad_post_feature_position":"","_kad_post_header":false,"_kad_post_footer":false},"product_cat":[1276,598],"product_tag":[],"class_list":{"0":"post-56079","1":"product","2":"type-product","3":"status-publish","4":"has-post-thumbnail","6":"product_cat-trinidad","7":"product_cat-cuba-cigars","8":"product_shipping_class-kapnika","10":"first","11":"instock","12":"purchasable","13":"product-type-simple","14":"entry","15":"content-bg","16":"loop-entry"},"acf":[],"_links":{"self":[{"href":"https:\/\/nicoteam.gr\/tr\/wp-json\/wp\/v2\/product\/56079","targetHints":{"allow":["GET"]}}],"collection":[{"href":"https:\/\/nicoteam.gr\/tr\/wp-json\/wp\/v2\/product"}],"about":[{"href":"https:\/\/nicoteam.gr\/tr\/wp-json\/wp\/v2\/types\/product"}],"wp:featuredmedia":[{"embeddable":true,"href":"https:\/\/nicoteam.gr\/tr\/wp-json\/wp\/v2\/media\/17995"}],"wp:attachment":[{"href":"https:\/\/nicoteam.gr\/tr\/wp-json\/wp\/v2\/media?parent=56079"}],"wp:term":[{"taxonomy":"product_cat","embeddable":true,"href":"https:\/\/nicoteam.gr\/tr\/wp-json\/wp\/v2\/product_cat?post=56079"},{"taxonomy":"product_tag","embeddable":true,"href":"https:\/\/nicoteam.gr\/tr\/wp-json\/wp\/v2\/product_tag?post=56079"}],"curies":[{"name":"wp","href":"https:\/\/api.w.org\/{rel}","templated":true}]}}