{"id":55995,"date":"2025-08-26T18:23:12","date_gmt":"2025-08-26T16:23:12","guid":{"rendered":"https:\/\/nicoteam.gr\/?post_type=product&#038;p=55995"},"modified":"2026-01-20T11:37:25","modified_gmt":"2026-01-20T09:37:25","slug":"romeo-y-julieta-no-2-tubos-2","status":"publish","type":"product","link":"https:\/\/nicoteam.gr\/tr\/product\/romeo-y-julieta-no-2-tubos-2\/","title":{"rendered":"Romeo ve Julieta No.2 Tubos"},"content":{"rendered":"","protected":false},"excerpt":{"rendered":"<p><strong>Romeo ve Julieta No.2 Tubos<\/strong><\/p>\n<p><em><strong>140 y\u0131l\u0131 a\u015fk\u0131n bir a\u015fk hikayesi<\/strong>. 1875 y\u0131l\u0131nda yarat\u0131lan bu puro markas\u0131na ad\u0131n\u0131 Shakespeare&#039;in \u00fcnl\u00fc trajedisi vermi\u015ftir. Ya\u015fam tutkusunu kaliteli, klasik ve se\u00e7kin bir puro olarak kutlayan \u00fcnl\u00fc bir marka.<\/em><em>Dengeli ve aromatik kar\u0131\u015f\u0131m\u00a0<strong>Romeo ve Juliet<\/strong>\u00a0b\u00f6lgeden se\u00e7ilen t\u00fct\u00fcnlerin sonucudur\u00a0<strong>Vuelta Abajo<\/strong>\u00a0 K\u00fcba&#039;y\u0131 se\u00e7in ve onu Habanos&#039;un klasik orta kar\u0131\u015f\u0131m\u0131nda s\u0131ralay\u0131n.<\/em><\/p>\n<p><em>Puro \u00f6zellikleri<\/em><strong><em> Romeo ve Juliet No.2<\/em><br \/>\n<\/strong><\/p>\n<ul>\n<li><em>Uzunluk:\u00a0<strong>12,9 cm<\/strong><\/em><\/li>\n<li><em>Y\u00fcz\u00fck: <strong>42<\/strong><\/em><\/li>\n<li><em>Men\u015fei:\u00a0<strong>K\u00fcba<\/strong><\/em><\/li>\n<li><em>Geleneksel el yap\u0131m\u0131\u00a0<strong>K\u00fcba purosu\u00a0<\/strong><\/em><\/li>\n<li><em>T\u00fct\u00fcn yeti\u015ftirme alan\u0131:\u00a0<strong>Vuelta Abajo<\/strong><\/em><\/li>\n<li><em>Yo\u011funluk:\u00a0<strong>Orta ila G\u00fc\u00e7l\u00fc<\/strong><\/em><\/li>\n<\/ul>","protected":false},"featured_media":13200,"template":"","meta":{"_acf_changed":false,"_kadence_starter_templates_imported_post":false,"_kad_post_transparent":"default","_kad_post_title":"","_kad_post_layout":"default","_kad_post_sidebar_id":"","_kad_post_content_style":"default","_kad_post_vertical_padding":"default","_kad_post_feature":"","_kad_post_feature_position":"","_kad_post_header":false,"_kad_post_footer":false},"product_cat":[1273,598],"product_tag":[],"class_list":{"0":"post-55995","1":"product","2":"type-product","3":"status-publish","4":"has-post-thumbnail","6":"product_cat-romeo-y-julieta","7":"product_cat-cuba-cigars","8":"product_shipping_class-kapnika","10":"first","11":"instock","12":"purchasable","13":"product-type-simple","14":"entry","15":"content-bg","16":"loop-entry"},"acf":[],"_links":{"self":[{"href":"https:\/\/nicoteam.gr\/tr\/wp-json\/wp\/v2\/product\/55995","targetHints":{"allow":["GET"]}}],"collection":[{"href":"https:\/\/nicoteam.gr\/tr\/wp-json\/wp\/v2\/product"}],"about":[{"href":"https:\/\/nicoteam.gr\/tr\/wp-json\/wp\/v2\/types\/product"}],"wp:featuredmedia":[{"embeddable":true,"href":"https:\/\/nicoteam.gr\/tr\/wp-json\/wp\/v2\/media\/13200"}],"wp:attachment":[{"href":"https:\/\/nicoteam.gr\/tr\/wp-json\/wp\/v2\/media?parent=55995"}],"wp:term":[{"taxonomy":"product_cat","embeddable":true,"href":"https:\/\/nicoteam.gr\/tr\/wp-json\/wp\/v2\/product_cat?post=55995"},{"taxonomy":"product_tag","embeddable":true,"href":"https:\/\/nicoteam.gr\/tr\/wp-json\/wp\/v2\/product_tag?post=55995"}],"curies":[{"name":"wp","href":"https:\/\/api.w.org\/{rel}","templated":true}]}}