{"id":54913,"date":"2024-05-10T11:14:46","date_gmt":"2024-05-10T09:14:46","guid":{"rendered":"https:\/\/nicoteam.gr\/?post_type=product&#038;p=54913"},"modified":"2026-03-12T19:23:32","modified_gmt":"2026-03-12T17:23:32","slug":"romeo-y-julieta-mille-fleurs-box-of-10s","status":"publish","type":"product","link":"https:\/\/nicoteam.gr\/tr\/product\/romeo-y-julieta-mille-fleurs-box-of-10s\/","title":{"rendered":"Romeo y Julieta Mille Fleurs (Box of 10s)"},"content":{"rendered":"","protected":false},"excerpt":{"rendered":"<p>Ad\u0131n\u0131 Shakespeare&#039;in \u00fcnl\u00fc trajik oyunundan alan Romeo y Julieta markas\u0131, 145 y\u0131l\u0131 a\u015fk\u0131n s\u00fcredir d\u00fcnya \u00e7ap\u0131nda pop\u00fclerdir. \u015eirketin detaylara g\u00f6sterdi\u011fi titizlik ve K\u00fcba miras\u0131na duydu\u011fu sayg\u0131, ola\u011fan\u00fcst\u00fc kalite, lezzet ve i\u015f\u00e7ilik miras\u0131 yaratm\u0131\u015ft\u0131r.<\/p>","protected":false},"featured_media":13186,"template":"","meta":{"_acf_changed":false,"_kadence_starter_templates_imported_post":false,"_kad_post_transparent":"default","_kad_post_title":"","_kad_post_layout":"default","_kad_post_sidebar_id":"","_kad_post_content_style":"default","_kad_post_vertical_padding":"default","_kad_post_feature":"","_kad_post_feature_position":"","_kad_post_header":false,"_kad_post_footer":false},"product_cat":[1273,598],"product_tag":[],"class_list":{"0":"post-54913","1":"product","2":"type-product","3":"status-publish","4":"has-post-thumbnail","6":"product_cat-romeo-y-julieta","7":"product_cat-cuba-cigars","8":"product_shipping_class-kapnika","10":"first","11":"instock","12":"purchasable","13":"product-type-simple","14":"entry","15":"content-bg","16":"loop-entry"},"acf":[],"_links":{"self":[{"href":"https:\/\/nicoteam.gr\/tr\/wp-json\/wp\/v2\/product\/54913","targetHints":{"allow":["GET"]}}],"collection":[{"href":"https:\/\/nicoteam.gr\/tr\/wp-json\/wp\/v2\/product"}],"about":[{"href":"https:\/\/nicoteam.gr\/tr\/wp-json\/wp\/v2\/types\/product"}],"wp:featuredmedia":[{"embeddable":true,"href":"https:\/\/nicoteam.gr\/tr\/wp-json\/wp\/v2\/media\/13186"}],"wp:attachment":[{"href":"https:\/\/nicoteam.gr\/tr\/wp-json\/wp\/v2\/media?parent=54913"}],"wp:term":[{"taxonomy":"product_cat","embeddable":true,"href":"https:\/\/nicoteam.gr\/tr\/wp-json\/wp\/v2\/product_cat?post=54913"},{"taxonomy":"product_tag","embeddable":true,"href":"https:\/\/nicoteam.gr\/tr\/wp-json\/wp\/v2\/product_tag?post=54913"}],"curies":[{"name":"wp","href":"https:\/\/api.w.org\/{rel}","templated":true}]}}