{"id":54907,"date":"2024-05-09T18:24:55","date_gmt":"2024-05-09T16:24:55","guid":{"rendered":"https:\/\/nicoteam.gr\/?post_type=product&#038;p=54907"},"modified":"2026-05-07T11:04:11","modified_gmt":"2026-05-07T09:04:11","slug":"ag-mourtides-short-churchill-lf-2","status":"publish","type":"product","link":"https:\/\/nicoteam.gr\/tr\/product\/ag-mourtides-short-churchill-lf-2\/","title":{"rendered":"A&amp;G Mourtides K\u0131sa Churchill LF"},"content":{"rendered":"<p>Yapraklar\u0131\u00a0<strong>Paketleyici\u00a0<\/strong>d\u0131r-dir\u00a0<strong>Corojo\u00a0<\/strong>purolara karakteristik bir colorado tonu verir.<\/p>\n<p>Lezzet profilleri \u015fu \u015fekilde karakterize edilir:\u00a0<strong>Ortalama\u00a0<\/strong>gerginlikler.<\/p>","protected":false},"excerpt":{"rendered":"<p>Bu serideki purolar Honduras men\u015feli tamamen el yap\u0131m\u0131d\u0131r. Puronun orta k\u0131sm\u0131na dolum, genellikle premium puro \u00fcretiminde tercih edilen bir dolum y\u00f6ntemi olan b\u00fct\u00fcn t\u00fct\u00fcn yapraklar\u0131yla (Long Filler) yap\u0131l\u0131r.<\/p>","protected":false},"featured_media":12686,"template":"","meta":{"_acf_changed":false,"_kadence_starter_templates_imported_post":false,"_kad_post_transparent":"default","_kad_post_title":"","_kad_post_layout":"default","_kad_post_sidebar_id":"","_kad_post_content_style":"default","_kad_post_vertical_padding":"default","_kad_post_feature":"","_kad_post_feature_position":"","_kad_post_header":false,"_kad_post_footer":false},"product_cat":[1304,150],"product_tag":[],"class_list":{"0":"post-54907","1":"product","2":"type-product","3":"status-publish","4":"has-post-thumbnail","6":"product_cat-ag-mourtides","7":"product_cat-honduras-cigar","8":"product_shipping_class-kapnika","10":"first","11":"instock","12":"purchasable","13":"product-type-simple","14":"entry","15":"content-bg","16":"loop-entry"},"acf":[],"_links":{"self":[{"href":"https:\/\/nicoteam.gr\/tr\/wp-json\/wp\/v2\/product\/54907","targetHints":{"allow":["GET"]}}],"collection":[{"href":"https:\/\/nicoteam.gr\/tr\/wp-json\/wp\/v2\/product"}],"about":[{"href":"https:\/\/nicoteam.gr\/tr\/wp-json\/wp\/v2\/types\/product"}],"wp:featuredmedia":[{"embeddable":true,"href":"https:\/\/nicoteam.gr\/tr\/wp-json\/wp\/v2\/media\/12686"}],"wp:attachment":[{"href":"https:\/\/nicoteam.gr\/tr\/wp-json\/wp\/v2\/media?parent=54907"}],"wp:term":[{"taxonomy":"product_cat","embeddable":true,"href":"https:\/\/nicoteam.gr\/tr\/wp-json\/wp\/v2\/product_cat?post=54907"},{"taxonomy":"product_tag","embeddable":true,"href":"https:\/\/nicoteam.gr\/tr\/wp-json\/wp\/v2\/product_tag?post=54907"}],"curies":[{"name":"wp","href":"https:\/\/api.w.org\/{rel}","templated":true}]}}