{"id":54607,"date":"2024-03-21T12:32:22","date_gmt":"2024-03-21T10:32:22","guid":{"rendered":"https:\/\/nicoteam.gr\/?post_type=product&#038;p=54607"},"modified":"2025-11-12T11:41:21","modified_gmt":"2025-11-12T09:41:21","slug":"barkleys-gum-cinnamon-22-pieces-new","status":"publish","type":"product","link":"https:\/\/nicoteam.gr\/tr\/product\/barkleys-gum-cinnamon-22-pieces-new\/","title":{"rendered":"Barkleys Gum Cinnamon  22 Pieces (New!!)"},"content":{"rendered":"<p style=\"font-weight: 400;\">Hepsinde bu var\u00a0<b><strong>\u00f6zel yo\u011fun aroma E\u015fsiz, yo\u011fun tat<\/strong><\/b>\u00a0\u015f\u0131k renkli metal kutularda paketlenmi\u015ftir.<\/p>\n<p style=\"font-weight: 400;\">Her lezzetin ayr\u0131 ayr\u0131 sahip oldu\u011fu \u00f6zel aroma sizi kendine hayran b\u0131rakacak.<\/p>","protected":false},"excerpt":{"rendered":"<p style=\"font-weight: 400;\">Son y\u0131llarda Avrupa&#039;da yayg\u0131nla\u015fan pop\u00fcler \u015feker, art\u0131k Yunanistan&#039;da da fanatik takip\u00e7iler kazan\u0131yor.<\/p>\n<p style=\"font-weight: 400;\">Hollanda&#039;dan ithal ediliyorlar<\/p>\n<p style=\"font-weight: 400;\">4 \u00e7e\u015fitte mevcuttur<\/p>\n<p style=\"font-weight: 400;\">Tar\u00e7\u0131n-nane-meyan k\u00f6k\u00fc-k\u0131\u015f ye\u015fili (okalipt\u00fcs)<\/p>\n<p style=\"font-weight: 400;\">Sadece do\u011fal malzemelerden \u00fcretilirler.<\/p>\n<p style=\"font-weight: 400;\">A\u011f\u0131z kokusunu gidermek i\u00e7in benzersizdir.<\/p>","protected":false},"featured_media":54608,"template":"","meta":{"_acf_changed":false,"_kadence_starter_templates_imported_post":false,"_kad_post_transparent":"default","_kad_post_title":"","_kad_post_layout":"default","_kad_post_sidebar_id":"","_kad_post_content_style":"default","_kad_post_vertical_padding":"default","_kad_post_feature":"","_kad_post_feature_position":"","_kad_post_header":false,"_kad_post_footer":false},"product_cat":[15],"product_tag":[],"class_list":{"0":"post-54607","1":"product","2":"type-product","3":"status-publish","4":"has-post-thumbnail","6":"product_cat-15","7":"product_shipping_class-mi-kapnika","8":"pa_-cinnamon","10":"first","11":"instock","12":"taxable","13":"shipping-taxable","14":"purchasable","15":"product-type-simple","16":"entry","17":"content-bg","18":"loop-entry"},"acf":[],"_links":{"self":[{"href":"https:\/\/nicoteam.gr\/tr\/wp-json\/wp\/v2\/product\/54607","targetHints":{"allow":["GET"]}}],"collection":[{"href":"https:\/\/nicoteam.gr\/tr\/wp-json\/wp\/v2\/product"}],"about":[{"href":"https:\/\/nicoteam.gr\/tr\/wp-json\/wp\/v2\/types\/product"}],"wp:featuredmedia":[{"embeddable":true,"href":"https:\/\/nicoteam.gr\/tr\/wp-json\/wp\/v2\/media\/54608"}],"wp:attachment":[{"href":"https:\/\/nicoteam.gr\/tr\/wp-json\/wp\/v2\/media?parent=54607"}],"wp:term":[{"taxonomy":"product_cat","embeddable":true,"href":"https:\/\/nicoteam.gr\/tr\/wp-json\/wp\/v2\/product_cat?post=54607"},{"taxonomy":"product_tag","embeddable":true,"href":"https:\/\/nicoteam.gr\/tr\/wp-json\/wp\/v2\/product_tag?post=54607"}],"curies":[{"name":"wp","href":"https:\/\/api.w.org\/{rel}","templated":true}]}}