{"id":54499,"date":"2024-03-06T12:50:17","date_gmt":"2024-03-06T10:50:17","guid":{"rendered":"https:\/\/nicoteam.gr\/?post_type=product&#038;p=54499"},"modified":"2024-07-13T13:22:47","modified_gmt":"2024-07-13T11:22:47","slug":"la-aurora-robusto-120th-anniversary-new","status":"publish","type":"product","link":"https:\/\/nicoteam.gr\/tr\/product\/la-aurora-robusto-120th-anniversary-new\/","title":{"rendered":"La Aurora Robusto 120th Anniversary (Box of 20s)"},"content":{"rendered":"","protected":false},"excerpt":{"rendered":"<p><strong>LA AURORA <em>Robusto<\/em> 120. <em>Y\u0131l d\u00f6n\u00fcm\u00fc<\/em><\/strong><\/p>\n<p><em>Kutlaman\u0131n en resmi yolu <strong>La Aurora&#039;n\u0131n 120. y\u0131l d\u00f6n\u00fcm\u00fc<\/strong> Ailenin her bir \u00fcyesinde var olan bilgi, tutku, yarat\u0131c\u0131l\u0131k ve m\u00fckemmellik arzusunun \u00fcr\u00fcn\u00fc olan inan\u0131lmaz derecede e\u015fsiz bir puro yaratmakt\u0131r. <strong>La Aurora<\/strong>. Yaratmay\u0131 se\u00e7ti\u011fimiz kar\u0131\u015f\u0131m, daha \u00f6nce hi\u00e7 ba\u015faramad\u0131\u011f\u0131m\u0131z derecede bir ekip \u00e7al\u0131\u015fmas\u0131n\u0131n \u00fcr\u00fcn\u00fcd\u00fcr.<\/em><\/p>\n<p><em>Puro \u00f6zellikleri<strong> LA AURORA&#039;n\u0131n 120. Y\u0131ld\u00f6n\u00fcm\u00fc<\/strong><\/em><\/p>\n<ul>\n<li><em>Uzunluk:\u00a0<strong>12,7 cm<\/strong><\/em><\/li>\n<li><em>Y\u00fcz\u00fck:\u00a0<strong>60<\/strong><\/em><\/li>\n<li><em>Men\u015fei: <b>Dominik Cumhuriyeti<\/b><\/em><\/li>\n<li><em>Yo\u011funluk: <strong>Orta ila G\u00fc\u00e7l\u00fc<\/strong><\/em><\/li>\n<li>Kokular:\u00a0<strong><em>Son derece karma\u015f\u0131k tatlar: ah\u015fap, f\u0131nd\u0131k, deri, kakao, baharat ve tatl\u0131 t\u00fct\u00fcn notalar\u0131.<\/em><\/strong><\/li>\n<\/ul>","protected":false},"featured_media":54500,"template":"","meta":{"_acf_changed":false,"_kadence_starter_templates_imported_post":false,"_kad_post_transparent":"default","_kad_post_title":"","_kad_post_layout":"default","_kad_post_sidebar_id":"","_kad_post_content_style":"default","_kad_post_vertical_padding":"default","_kad_post_feature":"","_kad_post_feature_position":"","_kad_post_header":false,"_kad_post_footer":false},"product_cat":[1282,548],"product_tag":[1364],"class_list":{"0":"post-54499","1":"product","2":"type-product","3":"status-publish","4":"has-post-thumbnail","6":"product_cat-la-aurora","7":"product_cat-poura-dominikana","8":"product_tag-la-aurora","9":"product_shipping_class-kapnika","11":"first","12":"outofstock","13":"purchasable","14":"product-type-simple","15":"entry","16":"content-bg","17":"loop-entry"},"acf":[],"_links":{"self":[{"href":"https:\/\/nicoteam.gr\/tr\/wp-json\/wp\/v2\/product\/54499","targetHints":{"allow":["GET"]}}],"collection":[{"href":"https:\/\/nicoteam.gr\/tr\/wp-json\/wp\/v2\/product"}],"about":[{"href":"https:\/\/nicoteam.gr\/tr\/wp-json\/wp\/v2\/types\/product"}],"wp:featuredmedia":[{"embeddable":true,"href":"https:\/\/nicoteam.gr\/tr\/wp-json\/wp\/v2\/media\/54500"}],"wp:attachment":[{"href":"https:\/\/nicoteam.gr\/tr\/wp-json\/wp\/v2\/media?parent=54499"}],"wp:term":[{"taxonomy":"product_cat","embeddable":true,"href":"https:\/\/nicoteam.gr\/tr\/wp-json\/wp\/v2\/product_cat?post=54499"},{"taxonomy":"product_tag","embeddable":true,"href":"https:\/\/nicoteam.gr\/tr\/wp-json\/wp\/v2\/product_tag?post=54499"}],"curies":[{"name":"wp","href":"https:\/\/api.w.org\/{rel}","templated":true}]}}