{"id":54133,"date":"2024-02-20T10:10:29","date_gmt":"2024-02-20T08:10:29","guid":{"rendered":"https:\/\/nicoteam.gr\/?post_type=product&#038;p=54133"},"modified":"2024-02-20T10:11:49","modified_gmt":"2024-02-20T08:11:49","slug":"%ce%ba%cf%8c%cf%86%cf%84%ce%b7%cf%82-caseti-%ce%bc%ce%b5-%ce%b4%ce%b9%cf%80%ce%bb%ce%ae-%ce%bb%ce%b5%cf%80%ce%af%ce%b4%ce%b1-%ce%bc%cf%80%ce%bb%ce%b5","status":"publish","type":"product","link":"https:\/\/nicoteam.gr\/tr\/product\/%ce%ba%cf%8c%cf%86%cf%84%ce%b7%cf%82-caseti-%ce%bc%ce%b5-%ce%b4%ce%b9%cf%80%ce%bb%ce%ae-%ce%bb%ce%b5%cf%80%ce%af%ce%b4%ce%b1-%ce%bc%cf%80%ce%bb%ce%b5\/","title":{"rendered":"Caseti \u00c7ift B\u0131\u00e7akl\u0131 Kesici Mavi"},"content":{"rendered":"","protected":false},"excerpt":{"rendered":"<p>Caseti \u00c7ift b\u0131\u00e7akl\u0131 paslanmaz \u00e7elik giyotin kesici.<br \/>\nY\u00fcz\u00fck: 52 gibi<\/p>\n<p>Renk: Mavi<\/p>","protected":false},"featured_media":54134,"template":"","meta":{"_acf_changed":false,"_kadence_starter_templates_imported_post":false,"_kad_post_transparent":"default","_kad_post_title":"","_kad_post_layout":"default","_kad_post_sidebar_id":"","_kad_post_content_style":"default","_kad_post_vertical_padding":"default","_kad_post_feature":"","_kad_post_feature_position":"","_kad_post_header":false,"_kad_post_footer":false},"product_cat":[1338],"product_tag":[],"class_list":{"0":"post-54133","1":"product","2":"type-product","3":"status-publish","4":"has-post-thumbnail","6":"product_cat-caseti","7":"product_shipping_class-mi-kapnika","9":"first","10":"instock","11":"taxable","12":"shipping-taxable","13":"purchasable","14":"product-type-simple","15":"entry","16":"content-bg","17":"loop-entry"},"acf":[],"_links":{"self":[{"href":"https:\/\/nicoteam.gr\/tr\/wp-json\/wp\/v2\/product\/54133","targetHints":{"allow":["GET"]}}],"collection":[{"href":"https:\/\/nicoteam.gr\/tr\/wp-json\/wp\/v2\/product"}],"about":[{"href":"https:\/\/nicoteam.gr\/tr\/wp-json\/wp\/v2\/types\/product"}],"wp:featuredmedia":[{"embeddable":true,"href":"https:\/\/nicoteam.gr\/tr\/wp-json\/wp\/v2\/media\/54134"}],"wp:attachment":[{"href":"https:\/\/nicoteam.gr\/tr\/wp-json\/wp\/v2\/media?parent=54133"}],"wp:term":[{"taxonomy":"product_cat","embeddable":true,"href":"https:\/\/nicoteam.gr\/tr\/wp-json\/wp\/v2\/product_cat?post=54133"},{"taxonomy":"product_tag","embeddable":true,"href":"https:\/\/nicoteam.gr\/tr\/wp-json\/wp\/v2\/product_tag?post=54133"}],"curies":[{"name":"wp","href":"https:\/\/api.w.org\/{rel}","templated":true}]}}