{"id":54065,"date":"2024-02-16T11:39:02","date_gmt":"2024-02-16T09:39:02","guid":{"rendered":"https:\/\/nicoteam.gr\/?post_type=product&#038;p=54065"},"modified":"2026-05-02T11:23:55","modified_gmt":"2026-05-02T09:23:55","slug":"jose-l-piedra-mini-20s","status":"publish","type":"product","link":"https:\/\/nicoteam.gr\/tr\/product\/jose-l-piedra-mini-20s\/","title":{"rendered":"Jose L. Piedra Mini 20&#039;li y\u0131llar"},"content":{"rendered":"","protected":false},"excerpt":{"rendered":"<p><strong>Jose L. Piedra Mini 20&#039;li y\u0131llar<\/strong><\/p>\n<p>Purolar\u00a0<strong>Jos\u00e9 L. Piedra<\/strong>\u00a0tatmin edici bir aroma ile tamamlanan hafif ila orta g\u00f6vdeli olarak bilinirler. Bir \u00f6zellik sunuyorlar\u00a0<em>K\u00fcba<\/em>\u00a0deneyim. D\u00fczenli puro \u00fcretimi ba\u015flad\u0131\u011f\u0131ndan beri\u00a0<strong>Jos\u00e9 L. Piedra<\/strong>\u00a0100 y\u0131l\u0131 a\u015fk\u0131n s\u00fcredir kesintiye u\u011framad\u0131.<\/p>\n<p>Onlar ile karakterize edilir <strong>orta yo\u011funluk<\/strong> onlar ve o<strong> onlar\u0131n g\u00fc\u00e7l\u00fc tad\u0131<\/strong>.Paket \u015funlar\u0131 i\u00e7erir: <strong>20 par\u00e7a.<\/strong><\/p>\n<p><span style=\"font-family: var(--global-body-font-family);\">Teklif edildi<em> i\u00e7in uygun ambalaj <\/em>A<em><strong> ideal g\u00fcnl\u00fck keyif<\/strong> kahveniz i\u00e7in\u2026<\/em><\/span><\/p>\n<p>&nbsp;<\/p>","protected":false},"featured_media":54066,"template":"","meta":{"_acf_changed":false,"_kadence_starter_templates_imported_post":false,"_kad_post_transparent":"default","_kad_post_title":"","_kad_post_layout":"default","_kad_post_sidebar_id":"","_kad_post_content_style":"default","_kad_post_vertical_padding":"default","_kad_post_feature":"","_kad_post_feature_position":"","_kad_post_header":false,"_kad_post_footer":false},"product_cat":[1264,152],"product_tag":[1348,1365],"class_list":{"0":"post-54065","1":"product","2":"type-product","3":"status-publish","4":"has-post-thumbnail","6":"product_cat-jose-l-piedra","7":"product_cat-cigarillos","8":"product_tag-cigarillos","9":"product_tag-jose-l-piedra","10":"product_shipping_class-kapnika","12":"first","13":"instock","14":"purchasable","15":"product-type-simple","16":"entry","17":"content-bg","18":"loop-entry"},"acf":[],"_links":{"self":[{"href":"https:\/\/nicoteam.gr\/tr\/wp-json\/wp\/v2\/product\/54065","targetHints":{"allow":["GET"]}}],"collection":[{"href":"https:\/\/nicoteam.gr\/tr\/wp-json\/wp\/v2\/product"}],"about":[{"href":"https:\/\/nicoteam.gr\/tr\/wp-json\/wp\/v2\/types\/product"}],"wp:featuredmedia":[{"embeddable":true,"href":"https:\/\/nicoteam.gr\/tr\/wp-json\/wp\/v2\/media\/54066"}],"wp:attachment":[{"href":"https:\/\/nicoteam.gr\/tr\/wp-json\/wp\/v2\/media?parent=54065"}],"wp:term":[{"taxonomy":"product_cat","embeddable":true,"href":"https:\/\/nicoteam.gr\/tr\/wp-json\/wp\/v2\/product_cat?post=54065"},{"taxonomy":"product_tag","embeddable":true,"href":"https:\/\/nicoteam.gr\/tr\/wp-json\/wp\/v2\/product_tag?post=54065"}],"curies":[{"name":"wp","href":"https:\/\/api.w.org\/{rel}","templated":true}]}}