{"id":54062,"date":"2024-02-16T11:32:42","date_gmt":"2024-02-16T09:32:42","guid":{"rendered":"https:\/\/nicoteam.gr\/?post_type=product&#038;p=54062"},"modified":"2026-02-27T13:41:25","modified_gmt":"2026-02-27T11:41:25","slug":"montecristo-club-20s","status":"publish","type":"product","link":"https:\/\/nicoteam.gr\/tr\/product\/montecristo-club-20s\/","title":{"rendered":"Montecristo Kul\u00fcb\u00fc 20&#039;li y\u0131llar"},"content":{"rendered":"","protected":false},"excerpt":{"rendered":"<p><strong>Montecristo Kul\u00fcb\u00fc 20&#039;li y\u0131llar<\/strong><\/p>\n<p>Spesifik\u00a0<strong>Montecristo Kul\u00fcb\u00fc <\/strong>onlar\u0131n teklifi <strong>orta yo\u011funluk<\/strong> \u00a0ve zengin aroma. Paket \u015funlar\u0131 i\u00e7erir: <strong>20 par\u00e7a.<\/strong><\/p>\n<p>Teklif edildi<em>\u00a0i\u00e7in uygun ambalaj\u00a0<\/em>A<em><strong>\u00a0ideal g\u00fcnl\u00fck keyif<\/strong>\u00a0kahveniz i\u00e7in\u2026<\/em><\/p>","protected":false},"featured_media":54063,"template":"","meta":{"_acf_changed":false,"_kadence_starter_templates_imported_post":false,"_kad_post_transparent":"default","_kad_post_title":"","_kad_post_layout":"default","_kad_post_sidebar_id":"","_kad_post_content_style":"default","_kad_post_vertical_padding":"default","_kad_post_feature":"","_kad_post_feature_position":"","_kad_post_header":false,"_kad_post_footer":false},"product_cat":[1265,152],"product_tag":[1348,1350,1358],"class_list":{"0":"post-54062","1":"product","2":"type-product","3":"status-publish","4":"has-post-thumbnail","6":"product_cat-montecristo","7":"product_cat-cigarillos","8":"product_tag-cigarillos","9":"product_tag-club","10":"product_tag-montecristo","11":"product_shipping_class-kapnika","13":"first","14":"instock","15":"purchasable","16":"product-type-simple","17":"entry","18":"content-bg","19":"loop-entry"},"acf":[],"_links":{"self":[{"href":"https:\/\/nicoteam.gr\/tr\/wp-json\/wp\/v2\/product\/54062","targetHints":{"allow":["GET"]}}],"collection":[{"href":"https:\/\/nicoteam.gr\/tr\/wp-json\/wp\/v2\/product"}],"about":[{"href":"https:\/\/nicoteam.gr\/tr\/wp-json\/wp\/v2\/types\/product"}],"wp:featuredmedia":[{"embeddable":true,"href":"https:\/\/nicoteam.gr\/tr\/wp-json\/wp\/v2\/media\/54063"}],"wp:attachment":[{"href":"https:\/\/nicoteam.gr\/tr\/wp-json\/wp\/v2\/media?parent=54062"}],"wp:term":[{"taxonomy":"product_cat","embeddable":true,"href":"https:\/\/nicoteam.gr\/tr\/wp-json\/wp\/v2\/product_cat?post=54062"},{"taxonomy":"product_tag","embeddable":true,"href":"https:\/\/nicoteam.gr\/tr\/wp-json\/wp\/v2\/product_tag?post=54062"}],"curies":[{"name":"wp","href":"https:\/\/api.w.org\/{rel}","templated":true}]}}