{"id":53930,"date":"2024-02-08T17:59:24","date_gmt":"2024-02-08T15:59:24","guid":{"rendered":"https:\/\/nicoteam.gr\/?post_type=product&#038;p=53930"},"modified":"2024-02-08T18:00:45","modified_gmt":"2024-02-08T16:00:45","slug":"%cf%80%ce%bf%cf%85%cf%81%ce%bf%ce%b8%ce%ae%ce%ba%ce%b7-%ce%b4%ce%b5%cf%81%ce%bc%ce%ac%cf%84%ce%b9%ce%bd%ce%b7-%cf%83%ce%b5%cf%84-4046-bl","status":"publish","type":"product","link":"https:\/\/nicoteam.gr\/tr\/product\/%cf%80%ce%bf%cf%85%cf%81%ce%bf%ce%b8%ce%ae%ce%ba%ce%b7-%ce%b4%ce%b5%cf%81%ce%bc%ce%ac%cf%84%ce%b9%ce%bd%ce%b7-%cf%83%ce%b5%cf%84-4046-bl\/","title":{"rendered":"Deri Puro K\u0131l\u0131f\u0131 Seti 4046-BL"},"content":{"rendered":"<p>\u03a0\u03bf\u03c5\u03c1\u03bf\u03b8\u03ae\u03ba\u03b7\u00a0\u00a0\u0394\u03b5\u03c1\u03bc\u03ac\u03c4\u03b9\u03bd\u03b7 \u03a3\u03b5\u03c4 \u03bc\u03b5 \u03c5\u03b3\u03c1\u03b1\u03bd\u03c4\u03b9\u03ba\u03cc \u03c3\u03c4\u03bf\u03b9\u03c7\u03b5\u03af\u03bf \u03ba\u03b1\u03b9 \u03b4\u03c5\u03bf \u03c0\u03bf\u03c5\u03c1\u03bf\u03ba\u03cc\u03c6\u03c4\u03b5\u03c2, \u03ad\u03bd\u03b1 \u03bc\u03b5\u03c4\u03b1\u03bb\u03bb\u03b9\u03ba\u03cc \u03b3\u03ba\u03b9\u03bb\u03bf\u03c4\u03af\u03bd\u03b1 \u03ba\u03b1\u03b9 \u03ad\u03bd\u03b1 bullet.<\/p>\n<p>\u03a7\u03c9\u03c1\u03b7\u03c4\u03b9\u03ba\u03cc\u03c4\u03b7\u03c4\u03b1 : 4 \u03c0\u03bf\u03cd\u03c1\u03b1<\/p>\n<p>Siyah renk<\/p>\n<p>\u0394\u03b9\u03b1\u03c3\u03c4\u03ac\u03c3\u03b5\u03b9\u03c2\u00a0 : 13.5 * 6 * 20,50\u00a0cm<\/p>","protected":false},"excerpt":{"rendered":"<p>\u00c7\u0131kar\u0131labilir bir tepsi \u00fczerinde 12 Toro boyutunda t\u00fcp bulunan, mat kaplamal\u0131 ve sedir i\u00e7 astarl\u0131 nemlendirici.<\/p>\n<p>Analog higrometre ve Boveda 69% i\u00e7erir<\/p>\n<p>Do\u011fru kullan\u0131m\u0131na ili\u015fkin talimatlar dahildir.<\/p>\n<p>Kapasite: 12 puro<\/p>\n<p>Boyutlar: 7,5*25,7*6,7 cm<\/p>\n<p>Siyah renk<\/p>","protected":false},"featured_media":53931,"template":"","meta":{"_acf_changed":false,"_kadence_starter_templates_imported_post":false,"_kad_post_transparent":"","_kad_post_title":"","_kad_post_layout":"","_kad_post_sidebar_id":"","_kad_post_content_style":"","_kad_post_vertical_padding":"","_kad_post_feature":"","_kad_post_feature_position":"","_kad_post_header":false,"_kad_post_footer":false},"product_cat":[544],"product_tag":[],"class_list":{"0":"post-53930","1":"product","2":"type-product","3":"status-publish","4":"has-post-thumbnail","6":"product_cat-ygrantires-pouron","7":"product_shipping_class-mi-kapnika","9":"first","10":"instock","11":"taxable","12":"shipping-taxable","13":"purchasable","14":"product-type-simple","15":"entry","16":"content-bg","17":"loop-entry"},"acf":[],"_links":{"self":[{"href":"https:\/\/nicoteam.gr\/tr\/wp-json\/wp\/v2\/product\/53930","targetHints":{"allow":["GET"]}}],"collection":[{"href":"https:\/\/nicoteam.gr\/tr\/wp-json\/wp\/v2\/product"}],"about":[{"href":"https:\/\/nicoteam.gr\/tr\/wp-json\/wp\/v2\/types\/product"}],"wp:featuredmedia":[{"embeddable":true,"href":"https:\/\/nicoteam.gr\/tr\/wp-json\/wp\/v2\/media\/53931"}],"wp:attachment":[{"href":"https:\/\/nicoteam.gr\/tr\/wp-json\/wp\/v2\/media?parent=53930"}],"wp:term":[{"taxonomy":"product_cat","embeddable":true,"href":"https:\/\/nicoteam.gr\/tr\/wp-json\/wp\/v2\/product_cat?post=53930"},{"taxonomy":"product_tag","embeddable":true,"href":"https:\/\/nicoteam.gr\/tr\/wp-json\/wp\/v2\/product_tag?post=53930"}],"curies":[{"name":"wp","href":"https:\/\/api.w.org\/{rel}","templated":true}]}}