{"id":53700,"date":"2024-01-12T12:55:16","date_gmt":"2024-01-12T10:55:16","guid":{"rendered":"https:\/\/nicoteam.gr\/?post_type=product&#038;p=53700"},"modified":"2024-01-12T12:56:31","modified_gmt":"2024-01-12T10:56:31","slug":"1618-%cf%85%ce%b3%cf%81%ce%b1%ce%bd%cf%84%ce%ae%cf%81%ce%b1%cf%82-100-120-%cf%80%ce%bf%cf%8d%cf%81%cf%89%ce%bd-carbon-%ce%bc%ce%b5-3-%cf%83%cf%85%cf%81%cf%84%ce%ac%cf%81%ce%b9%ce%b1","status":"publish","type":"product","link":"https:\/\/nicoteam.gr\/tr\/product\/1618-%cf%85%ce%b3%cf%81%ce%b1%ce%bd%cf%84%ce%ae%cf%81%ce%b1%cf%82-100-120-%cf%80%ce%bf%cf%8d%cf%81%cf%89%ce%bd-carbon-%ce%bc%ce%b5-3-%cf%83%cf%85%cf%81%cf%84%ce%ac%cf%81%ce%b9%ce%b1\/","title":{"rendered":"1618 Humidor 100-120 Karbon Puro 3 \u00c7ekmeceli"},"content":{"rendered":"","protected":false},"excerpt":{"rendered":"<p><strong>Nemlendirici\u00a0<\/strong>100-120 puro kapasiteli, karbon renginde, \u00fc\u00e7 \u00e7ekmeceli, kilitli ve i\u00e7i sedir astarl\u0131.<\/p>\n<p>dijital Higrometre ve nemlendirme elemanlar\u0131 i\u00e7erir.<\/p>\n<p>Kap\u0131n\u0131n iyi kapanmas\u0131 i\u00e7in m\u0131knat\u0131slar vard\u0131r.<\/p>\n<p>Do\u011fru kullan\u0131m\u0131na ili\u015fkin talimatlar dahildir.<\/p>\n<p>Kapasite: 100-120 puro<\/p>\n<p>Renk: karbon<\/p>\n<p>Boyut cm. 30*29.50*39.50 y\u00fckseklik<\/p>\n<p>Sert karton kutunun k\u00f6p\u00fckle paketlenmesi<\/p>","protected":false},"featured_media":53701,"template":"","meta":{"_acf_changed":false,"_kadence_starter_templates_imported_post":false,"_kad_post_transparent":"","_kad_post_title":"","_kad_post_layout":"","_kad_post_sidebar_id":"","_kad_post_content_style":"","_kad_post_vertical_padding":"","_kad_post_feature":"","_kad_post_feature_position":"","_kad_post_header":false,"_kad_post_footer":false},"product_cat":[544],"product_tag":[],"class_list":{"0":"post-53700","1":"product","2":"type-product","3":"status-publish","4":"has-post-thumbnail","6":"product_cat-ygrantires-pouron","7":"product_shipping_class-mi-kapnika","9":"first","10":"instock","11":"taxable","12":"shipping-taxable","13":"purchasable","14":"product-type-simple","15":"entry","16":"content-bg","17":"loop-entry"},"acf":[],"_links":{"self":[{"href":"https:\/\/nicoteam.gr\/tr\/wp-json\/wp\/v2\/product\/53700","targetHints":{"allow":["GET"]}}],"collection":[{"href":"https:\/\/nicoteam.gr\/tr\/wp-json\/wp\/v2\/product"}],"about":[{"href":"https:\/\/nicoteam.gr\/tr\/wp-json\/wp\/v2\/types\/product"}],"wp:featuredmedia":[{"embeddable":true,"href":"https:\/\/nicoteam.gr\/tr\/wp-json\/wp\/v2\/media\/53701"}],"wp:attachment":[{"href":"https:\/\/nicoteam.gr\/tr\/wp-json\/wp\/v2\/media?parent=53700"}],"wp:term":[{"taxonomy":"product_cat","embeddable":true,"href":"https:\/\/nicoteam.gr\/tr\/wp-json\/wp\/v2\/product_cat?post=53700"},{"taxonomy":"product_tag","embeddable":true,"href":"https:\/\/nicoteam.gr\/tr\/wp-json\/wp\/v2\/product_tag?post=53700"}],"curies":[{"name":"wp","href":"https:\/\/api.w.org\/{rel}","templated":true}]}}