{"id":53619,"date":"2023-12-29T18:42:24","date_gmt":"2023-12-29T16:42:24","guid":{"rendered":"https:\/\/nicoteam.gr\/?post_type=product&#038;p=53619"},"modified":"2023-12-29T18:44:49","modified_gmt":"2023-12-29T16:44:49","slug":"talisker-skye-700ml","status":"publish","type":"product","link":"https:\/\/nicoteam.gr\/tr\/product\/talisker-skye-700ml\/","title":{"rendered":"Talisker Skye 700ml"},"content":{"rendered":"","protected":false},"excerpt":{"rendered":"<p><strong><span>Lezzet \u00d6zellikleri<\/span><\/strong><\/p>\n<p><span>Burun parlak turuncu ile ba\u015flar, daha sonra portakal ya\u011f\u0131, esmer \u015feker ve mangoya d\u00f6n\u00fc\u015f\u00fcr. Bunu, elma, ahududu ve okalipt\u00fcs aromalar\u0131yla birle\u015fen d\u00fcnyevi biber notalar\u0131 takip ediyor. Su eklenmesi, aromalar\u0131 etkilemeden onu baharatl\u0131 ve dumanl\u0131 hale getirir. G\u00f6vde orta ve p\u00fcr\u00fczs\u00fcz bir dokuya sahiptir ve tuzlu karameli and\u0131r\u0131r. Biti\u015fi kuru, orta uzunlukta ve hafif turbams\u0131.<\/span><\/p>","protected":false},"featured_media":53620,"template":"","meta":{"_acf_changed":false,"_kadence_starter_templates_imported_post":false,"_kad_post_transparent":"","_kad_post_title":"","_kad_post_layout":"","_kad_post_sidebar_id":"","_kad_post_content_style":"","_kad_post_vertical_padding":"","_kad_post_feature":"","_kad_post_feature_position":"","_kad_post_header":false,"_kad_post_footer":false},"product_cat":[501],"product_tag":[],"class_list":{"0":"post-53619","1":"product","2":"type-product","3":"status-publish","4":"has-post-thumbnail","6":"product_cat-viskey","7":"product_shipping_class-mi-kapnika","9":"first","10":"instock","11":"taxable","12":"shipping-taxable","13":"purchasable","14":"product-type-simple","15":"entry","16":"content-bg","17":"loop-entry"},"acf":[],"_links":{"self":[{"href":"https:\/\/nicoteam.gr\/tr\/wp-json\/wp\/v2\/product\/53619","targetHints":{"allow":["GET"]}}],"collection":[{"href":"https:\/\/nicoteam.gr\/tr\/wp-json\/wp\/v2\/product"}],"about":[{"href":"https:\/\/nicoteam.gr\/tr\/wp-json\/wp\/v2\/types\/product"}],"wp:featuredmedia":[{"embeddable":true,"href":"https:\/\/nicoteam.gr\/tr\/wp-json\/wp\/v2\/media\/53620"}],"wp:attachment":[{"href":"https:\/\/nicoteam.gr\/tr\/wp-json\/wp\/v2\/media?parent=53619"}],"wp:term":[{"taxonomy":"product_cat","embeddable":true,"href":"https:\/\/nicoteam.gr\/tr\/wp-json\/wp\/v2\/product_cat?post=53619"},{"taxonomy":"product_tag","embeddable":true,"href":"https:\/\/nicoteam.gr\/tr\/wp-json\/wp\/v2\/product_tag?post=53619"}],"curies":[{"name":"wp","href":"https:\/\/api.w.org\/{rel}","templated":true}]}}