{"id":53434,"date":"2023-10-17T12:47:25","date_gmt":"2023-10-17T10:47:25","guid":{"rendered":"https:\/\/nicoteam.gr\/?post_type=product&#038;p=53434"},"modified":"2023-12-17T12:47:52","modified_gmt":"2023-12-17T10:47:52","slug":"legendario-aguardiente-natural-70cl-40","status":"publish","type":"product","link":"https:\/\/nicoteam.gr\/tr\/product\/legendario-aguardiente-natural-70cl-40\/","title":{"rendered":"Legendario Aguardiente Do\u011fal 70cl \/ 40%"},"content":{"rendered":"","protected":false},"excerpt":{"rendered":"<p>Legendario Aguardiente Natural bize do\u011frudan K\u00fcba&#039;dan geliyor. Orada yeti\u015fen y\u00fcksek kaliteli \u015feker kam\u0131\u015f\u0131ndan yap\u0131lan konyak. Saf karakterini ortaya \u00e7\u0131karan ola\u011fan\u00fcst\u00fc netli\u011fe sahip \u015feffaf renk. Aromalar hafif ve ayn\u0131 zamanda derindir. Damakta ho\u015f ve p\u00fcr\u00fczs\u00fcz. K\u00fcba&#039;dan size sevgilerle!<\/p>","protected":false},"featured_media":53435,"template":"","meta":{"_acf_changed":false,"_kadence_starter_templates_imported_post":false,"_kad_post_transparent":"","_kad_post_title":"","_kad_post_layout":"","_kad_post_sidebar_id":"","_kad_post_content_style":"","_kad_post_vertical_padding":"","_kad_post_feature":"","_kad_post_feature_position":"","_kad_post_header":false,"_kad_post_footer":false},"product_cat":[503],"product_tag":[],"class_list":{"0":"post-53434","1":"product","2":"type-product","3":"status-publish","4":"has-post-thumbnail","6":"product_cat-roumi","8":"first","9":"instock","10":"taxable","11":"shipping-taxable","12":"purchasable","13":"product-type-simple","14":"entry","15":"content-bg","16":"loop-entry"},"acf":[],"_links":{"self":[{"href":"https:\/\/nicoteam.gr\/tr\/wp-json\/wp\/v2\/product\/53434","targetHints":{"allow":["GET"]}}],"collection":[{"href":"https:\/\/nicoteam.gr\/tr\/wp-json\/wp\/v2\/product"}],"about":[{"href":"https:\/\/nicoteam.gr\/tr\/wp-json\/wp\/v2\/types\/product"}],"wp:featuredmedia":[{"embeddable":true,"href":"https:\/\/nicoteam.gr\/tr\/wp-json\/wp\/v2\/media\/53435"}],"wp:attachment":[{"href":"https:\/\/nicoteam.gr\/tr\/wp-json\/wp\/v2\/media?parent=53434"}],"wp:term":[{"taxonomy":"product_cat","embeddable":true,"href":"https:\/\/nicoteam.gr\/tr\/wp-json\/wp\/v2\/product_cat?post=53434"},{"taxonomy":"product_tag","embeddable":true,"href":"https:\/\/nicoteam.gr\/tr\/wp-json\/wp\/v2\/product_tag?post=53434"}],"curies":[{"name":"wp","href":"https:\/\/api.w.org\/{rel}","templated":true}]}}