{"id":53407,"date":"2023-12-16T12:15:30","date_gmt":"2023-12-16T10:15:30","guid":{"rendered":"https:\/\/nicoteam.gr\/?post_type=product&#038;p=53407"},"modified":"2023-12-16T12:18:41","modified_gmt":"2023-12-16T10:18:41","slug":"eurojet-%ce%b1%ce%bd%ce%b1%cf%80%cf%84%ce%b7%cf%81%ce%b1%cf%82-double-jet-flame-with-punch-256126","status":"publish","type":"product","link":"https:\/\/nicoteam.gr\/tr\/product\/eurojet-%ce%b1%ce%bd%ce%b1%cf%80%cf%84%ce%b7%cf%81%ce%b1%cf%82-double-jet-flame-with-punch-256126\/","title":{"rendered":"EuroJet \u00c7akmak \u00e7ift jet alevli z\u0131mbal\u0131 256126"},"content":{"rendered":"","protected":false},"excerpt":{"rendered":"","protected":false},"featured_media":53408,"template":"","meta":{"_acf_changed":false,"_kadence_starter_templates_imported_post":false,"_kad_post_transparent":"","_kad_post_title":"","_kad_post_layout":"","_kad_post_sidebar_id":"","_kad_post_content_style":"","_kad_post_vertical_padding":"","_kad_post_feature":"","_kad_post_feature_position":"","_kad_post_header":false,"_kad_post_footer":false},"product_cat":[1323],"product_tag":[],"class_list":{"0":"post-53407","1":"product","2":"type-product","3":"status-publish","4":"has-post-thumbnail","6":"product_cat-jet-flame","8":"first","9":"instock","10":"taxable","11":"shipping-taxable","12":"purchasable","13":"product-type-simple","14":"entry","15":"content-bg","16":"loop-entry"},"acf":[],"_links":{"self":[{"href":"https:\/\/nicoteam.gr\/tr\/wp-json\/wp\/v2\/product\/53407","targetHints":{"allow":["GET"]}}],"collection":[{"href":"https:\/\/nicoteam.gr\/tr\/wp-json\/wp\/v2\/product"}],"about":[{"href":"https:\/\/nicoteam.gr\/tr\/wp-json\/wp\/v2\/types\/product"}],"wp:featuredmedia":[{"embeddable":true,"href":"https:\/\/nicoteam.gr\/tr\/wp-json\/wp\/v2\/media\/53408"}],"wp:attachment":[{"href":"https:\/\/nicoteam.gr\/tr\/wp-json\/wp\/v2\/media?parent=53407"}],"wp:term":[{"taxonomy":"product_cat","embeddable":true,"href":"https:\/\/nicoteam.gr\/tr\/wp-json\/wp\/v2\/product_cat?post=53407"},{"taxonomy":"product_tag","embeddable":true,"href":"https:\/\/nicoteam.gr\/tr\/wp-json\/wp\/v2\/product_tag?post=53407"}],"curies":[{"name":"wp","href":"https:\/\/api.w.org\/{rel}","templated":true}]}}