{"id":53256,"date":"2023-12-15T17:50:23","date_gmt":"2023-12-15T15:50:23","guid":{"rendered":"https:\/\/nicoteam.gr\/?post_type=product&#038;p=53256"},"modified":"2025-07-15T19:16:17","modified_gmt":"2025-07-15T17:16:17","slug":"h-upmann-half-corona-5s","status":"publish","type":"product","link":"https:\/\/nicoteam.gr\/tr\/product\/h-upmann-half-corona-5s\/","title":{"rendered":"H. Upmann Yar\u0131m Corona 5&#039;ler"},"content":{"rendered":"","protected":false},"excerpt":{"rendered":"<p><em><strong>H.Upmann Yar\u0131m Corona 5&#039;ler<\/strong><\/em><\/p>\n<p class=\"blockquote\">THE <strong>Herman Upmann<\/strong> K\u00fcba purolar\u0131n\u0131 o kadar \u00e7ok seven Alman bir bankac\u0131yd\u0131 ki 1844&#039;te Havana&#039;ya ta\u015f\u0131nd\u0131 ve hem bankac\u0131 hem de puro \u00fcreticisi olarak kendini kan\u0131tlad\u0131. Bankas\u0131 1920&#039;lerin ba\u015f\u0131nda kapand\u0131 ama purolar\u0131 zarif ve zarif bir puro \u00f6rne\u011fi olarak ya\u015famaya devam ediyor. <strong>hafif ila orta derecede Habano aromas\u0131. <\/strong>Paket \u015funlar\u0131 i\u00e7erir: <strong><em>5 par\u00e7a.<\/em><\/strong><\/p>\n<p><em>Puro \u00f6zellikleri<strong> H. Upmann Yar\u0131 Corona<br \/>\n<\/strong><\/em><\/p>\n<ul>\n<li><em>Uzunluk: <strong>9 cm<\/strong><\/em><\/li>\n<li><em>Y\u00fcz\u00fck:\u00a0<strong>44<\/strong><\/em><\/li>\n<li><em>Men\u015fei:\u00a0<strong>K\u00fcba<\/strong><\/em><\/li>\n<li><em>Geleneksel el yap\u0131m\u0131\u00a0<strong>K\u00fcba purosu\u00a0<\/strong><\/em><\/li>\n<li><em>T\u00fct\u00fcn yeti\u015ftirme alan\u0131:\u00a0<strong>Vuelta Abajo<\/strong><\/em><\/li>\n<li><em>Yo\u011funluk: <strong>Hafif ila Orta<\/strong><\/em><\/li>\n<\/ul>","protected":false},"featured_media":53257,"template":"","meta":{"_acf_changed":false,"_kadence_starter_templates_imported_post":false,"_kad_post_transparent":"default","_kad_post_title":"","_kad_post_layout":"default","_kad_post_sidebar_id":"","_kad_post_content_style":"default","_kad_post_vertical_padding":"default","_kad_post_feature":"","_kad_post_feature_position":"","_kad_post_header":false,"_kad_post_footer":false},"product_cat":[1261,598],"product_tag":[],"class_list":{"0":"post-53256","1":"product","2":"type-product","3":"status-publish","4":"has-post-thumbnail","6":"product_cat-h-upman","7":"product_cat-cuba-cigars","8":"product_shipping_class-kapnika","10":"first","11":"outofstock","12":"purchasable","13":"product-type-simple","14":"entry","15":"content-bg","16":"loop-entry"},"acf":[],"_links":{"self":[{"href":"https:\/\/nicoteam.gr\/tr\/wp-json\/wp\/v2\/product\/53256","targetHints":{"allow":["GET"]}}],"collection":[{"href":"https:\/\/nicoteam.gr\/tr\/wp-json\/wp\/v2\/product"}],"about":[{"href":"https:\/\/nicoteam.gr\/tr\/wp-json\/wp\/v2\/types\/product"}],"wp:featuredmedia":[{"embeddable":true,"href":"https:\/\/nicoteam.gr\/tr\/wp-json\/wp\/v2\/media\/53257"}],"wp:attachment":[{"href":"https:\/\/nicoteam.gr\/tr\/wp-json\/wp\/v2\/media?parent=53256"}],"wp:term":[{"taxonomy":"product_cat","embeddable":true,"href":"https:\/\/nicoteam.gr\/tr\/wp-json\/wp\/v2\/product_cat?post=53256"},{"taxonomy":"product_tag","embeddable":true,"href":"https:\/\/nicoteam.gr\/tr\/wp-json\/wp\/v2\/product_tag?post=53256"}],"curies":[{"name":"wp","href":"https:\/\/api.w.org\/{rel}","templated":true}]}}