{"id":52416,"date":"2023-11-30T14:22:38","date_gmt":"2023-11-30T12:22:38","guid":{"rendered":"https:\/\/nicoteam.gr\/?post_type=product&#038;p=52416"},"modified":"2023-11-30T14:23:26","modified_gmt":"2023-11-30T12:23:26","slug":"xo-havana-daisy-20mg-2ml","status":"publish","type":"product","link":"https:\/\/nicoteam.gr\/tr\/product\/xo-havana-daisy-20mg-2ml\/","title":{"rendered":"XO Havana Papatya 20mg 2ml"},"content":{"rendered":"","protected":false},"excerpt":{"rendered":"<p>Taze puro aromas\u0131yla hafif puro aromas\u0131\u00a0<span lang=\"EN-US\">yaban mersini.<\/span><\/p>\n<p>XO HAVANA, geleneksel purolardan otantik tatlar i\u00e7eren bir dizi tek kullan\u0131ml\u0131k cihaz sunuyor. Bunu ba\u015farmak i\u00e7in K\u00fcba, Honduras, Dominik Cumhuriyeti, Veracruz ve Meksika&#039;daki en iyi puro \u00fcreticileriyle i\u015fbirli\u011fi yaparak e\u015fsiz ve \u00f6zg\u00fcn tatlar geli\u015ftirdiler.<\/p>\n<p><span lang=\"EN-US\">\u00a0Bu i\u015fbirli\u011fi sayesinde, aromal\u0131 purolarda kullan\u0131lan aromalar\u0131n (vanilya ve kahve gibi) ayn\u0131 aromalar\u0131n elektronik sigara aromalar\u0131nda da bulunabilece\u011fini ke\u015ffettiler. Bu puro bazl\u0131 aromalar\u0131 ek aromalarla kar\u0131\u015ft\u0131rarak, geleneksel puroya m\u00fcmk\u00fcn oldu\u011funca yak\u0131n, tek kullan\u0131ml\u0131k bir cihaz yaratt\u0131lar.<\/span><\/p>","protected":false},"featured_media":52417,"template":"","meta":{"_acf_changed":false,"_kadence_starter_templates_imported_post":false,"_kad_post_transparent":"","_kad_post_title":"","_kad_post_layout":"","_kad_post_sidebar_id":"","_kad_post_content_style":"","_kad_post_vertical_padding":"","_kad_post_feature":"","_kad_post_feature_position":"","_kad_post_header":false,"_kad_post_footer":false},"product_cat":[1103],"product_tag":[],"class_list":{"0":"post-52416","1":"product","2":"type-product","3":"status-publish","4":"has-post-thumbnail","6":"product_cat-disposable","8":"first","9":"instock","10":"taxable","11":"shipping-taxable","12":"purchasable","13":"product-type-simple","14":"entry","15":"content-bg","16":"loop-entry"},"acf":[],"_links":{"self":[{"href":"https:\/\/nicoteam.gr\/tr\/wp-json\/wp\/v2\/product\/52416","targetHints":{"allow":["GET"]}}],"collection":[{"href":"https:\/\/nicoteam.gr\/tr\/wp-json\/wp\/v2\/product"}],"about":[{"href":"https:\/\/nicoteam.gr\/tr\/wp-json\/wp\/v2\/types\/product"}],"wp:featuredmedia":[{"embeddable":true,"href":"https:\/\/nicoteam.gr\/tr\/wp-json\/wp\/v2\/media\/52417"}],"wp:attachment":[{"href":"https:\/\/nicoteam.gr\/tr\/wp-json\/wp\/v2\/media?parent=52416"}],"wp:term":[{"taxonomy":"product_cat","embeddable":true,"href":"https:\/\/nicoteam.gr\/tr\/wp-json\/wp\/v2\/product_cat?post=52416"},{"taxonomy":"product_tag","embeddable":true,"href":"https:\/\/nicoteam.gr\/tr\/wp-json\/wp\/v2\/product_tag?post=52416"}],"curies":[{"name":"wp","href":"https:\/\/api.w.org\/{rel}","templated":true}]}}