{"id":52338,"date":"2023-11-17T11:29:40","date_gmt":"2023-11-17T09:29:40","guid":{"rendered":"https:\/\/nicoteam.gr\/?post_type=product&#038;p=52338"},"modified":"2026-05-12T10:08:03","modified_gmt":"2026-05-12T08:08:03","slug":"cuaba-exclusivos","status":"publish","type":"product","link":"https:\/\/nicoteam.gr\/tr\/product\/cuaba-exclusivos\/","title":{"rendered":"K\u00fcba&#039;ya \u00d6zel"},"content":{"rendered":"","protected":false},"excerpt":{"rendered":"<p>Cuaba purolar\u0131, Figurados olarak da bilinen \u00f6zel puro \u015fekilleriyle \u00fcnl\u00fcd\u00fcr. G\u00fc\u00e7l\u00fc yo\u011funlukta \u00f6zel bir \u015feyler tatmak isteyenler i\u00e7in tavsiye edilir.<\/p>","protected":false},"featured_media":52339,"template":"","meta":{"_acf_changed":false,"_kadence_starter_templates_imported_post":false,"_kad_post_transparent":"","_kad_post_title":"","_kad_post_layout":"","_kad_post_sidebar_id":"","_kad_post_content_style":"","_kad_post_vertical_padding":"","_kad_post_feature":"","_kad_post_feature_position":"","_kad_post_header":false,"_kad_post_footer":false},"product_cat":[1258,598],"product_tag":[],"class_list":{"0":"post-52338","1":"product","2":"type-product","3":"status-publish","4":"has-post-thumbnail","6":"product_cat-cuaba","7":"product_cat-cuba-cigars","8":"product_shipping_class-kapnika","10":"first","11":"instock","12":"purchasable","13":"product-type-simple","14":"entry","15":"content-bg","16":"loop-entry"},"acf":[],"_links":{"self":[{"href":"https:\/\/nicoteam.gr\/tr\/wp-json\/wp\/v2\/product\/52338","targetHints":{"allow":["GET"]}}],"collection":[{"href":"https:\/\/nicoteam.gr\/tr\/wp-json\/wp\/v2\/product"}],"about":[{"href":"https:\/\/nicoteam.gr\/tr\/wp-json\/wp\/v2\/types\/product"}],"wp:featuredmedia":[{"embeddable":true,"href":"https:\/\/nicoteam.gr\/tr\/wp-json\/wp\/v2\/media\/52339"}],"wp:attachment":[{"href":"https:\/\/nicoteam.gr\/tr\/wp-json\/wp\/v2\/media?parent=52338"}],"wp:term":[{"taxonomy":"product_cat","embeddable":true,"href":"https:\/\/nicoteam.gr\/tr\/wp-json\/wp\/v2\/product_cat?post=52338"},{"taxonomy":"product_tag","embeddable":true,"href":"https:\/\/nicoteam.gr\/tr\/wp-json\/wp\/v2\/product_tag?post=52338"}],"curies":[{"name":"wp","href":"https:\/\/api.w.org\/{rel}","templated":true}]}}