{"id":52262,"date":"2023-11-03T11:00:25","date_gmt":"2023-11-03T09:00:25","guid":{"rendered":"https:\/\/nicoteam.gr\/?post_type=product&#038;p=52262"},"modified":"2023-11-03T11:07:29","modified_gmt":"2023-11-03T09:07:29","slug":"scallywag-chocolate-edition-2023","status":"publish","type":"product","link":"https:\/\/nicoteam.gr\/tr\/product\/scallywag-chocolate-edition-2023\/","title":{"rendered":"Cehennem veya Y\u00fcksek Su Rezervi 40"},"content":{"rendered":"","protected":false},"excerpt":{"rendered":"<p><span>Cehennem veya Y\u00fcksek Su Rezervi, Karayiplerin d\u00f6rt b\u00f6lgesinden gelen pekmez romlar\u0131n\u0131n bir kar\u0131\u015f\u0131m\u0131d\u0131r. 10 y\u0131ld\u0131r rom sekt\u00f6r\u00fcnde faaliyet g\u00f6steren ba\u011f\u0131ms\u0131z \u015firket One Eyed Spirits&#039;in yeni markas\u0131d\u0131r.<\/span><\/p>\n<p><span>Dam\u0131tma ve imbiklerde dam\u0131t\u0131lan romlar Barbados, Trinidad, Guyana ve Jamaika&#039;dan se\u00e7iliyor. Daha \u00f6nce burbon i\u00e7eren Amerikan me\u015fe f\u0131\u00e7\u0131lar\u0131nda 8 y\u0131la kadar ya\u015fland\u0131r\u0131l\u0131yorlar. Bu romlar Hollanda&#039;da \u00f6zenle harmanlan\u0131p \u015fi\u015feleniyor.<\/span><\/p>","protected":false},"featured_media":52266,"template":"","meta":{"_acf_changed":false,"_kadence_starter_templates_imported_post":false,"_kad_post_transparent":"","_kad_post_title":"","_kad_post_layout":"","_kad_post_sidebar_id":"","_kad_post_content_style":"","_kad_post_vertical_padding":"","_kad_post_feature":"","_kad_post_feature_position":"","_kad_post_header":false,"_kad_post_footer":false},"product_cat":[503],"product_tag":[],"class_list":{"0":"post-52262","1":"product","2":"type-product","3":"status-publish","4":"has-post-thumbnail","6":"product_cat-roumi","7":"product_shipping_class-mi-kapnika","9":"first","10":"instock","11":"taxable","12":"shipping-taxable","13":"purchasable","14":"product-type-simple","15":"entry","16":"content-bg","17":"loop-entry"},"acf":[],"_links":{"self":[{"href":"https:\/\/nicoteam.gr\/tr\/wp-json\/wp\/v2\/product\/52262","targetHints":{"allow":["GET"]}}],"collection":[{"href":"https:\/\/nicoteam.gr\/tr\/wp-json\/wp\/v2\/product"}],"about":[{"href":"https:\/\/nicoteam.gr\/tr\/wp-json\/wp\/v2\/types\/product"}],"wp:featuredmedia":[{"embeddable":true,"href":"https:\/\/nicoteam.gr\/tr\/wp-json\/wp\/v2\/media\/52266"}],"wp:attachment":[{"href":"https:\/\/nicoteam.gr\/tr\/wp-json\/wp\/v2\/media?parent=52262"}],"wp:term":[{"taxonomy":"product_cat","embeddable":true,"href":"https:\/\/nicoteam.gr\/tr\/wp-json\/wp\/v2\/product_cat?post=52262"},{"taxonomy":"product_tag","embeddable":true,"href":"https:\/\/nicoteam.gr\/tr\/wp-json\/wp\/v2\/product_tag?post=52262"}],"curies":[{"name":"wp","href":"https:\/\/api.w.org\/{rel}","templated":true}]}}