{"id":52238,"date":"2023-11-03T10:15:26","date_gmt":"2023-11-03T08:15:26","guid":{"rendered":"https:\/\/nicoteam.gr\/?post_type=product&#038;p=52238"},"modified":"2023-11-03T10:45:41","modified_gmt":"2023-11-03T08:45:41","slug":"jagermeister-manifest-herbal-liqueur-1-lt","status":"publish","type":"product","link":"https:\/\/nicoteam.gr\/tr\/product\/jagermeister-manifest-herbal-liqueur-1-lt\/","title":{"rendered":"Jagermeister Manifest Bitkisel Lik\u00f6r 1 LT"},"content":{"rendered":"","protected":false},"excerpt":{"rendered":"<p><span style=\"font-family: Tahoma;\">Jagermeister Manifest lezzetiyle, karakteriyle, \u00fcretim s\u00fcreciyle \u00f6n plana \u00e7\u0131k\u0131yor ve ba\u015fl\u0131 ba\u015f\u0131na bir kategoride yer al\u0131yor. Enfes tad\u0131, kaliteli i\u00e7kileri takdir eden se\u00e7ici uzmanlar\u0131 etkileyecek. Jagermeister Manifest, zengin ve dengeli bir lezzet kar\u0131\u015f\u0131m\u0131d\u0131r. Anason ve kurutulmu\u015f meyvelerin hafif tatl\u0131 notalar\u0131 yerini hafif baharatl\u0131 ve aromatik ac\u0131lara b\u0131rak\u0131yor ve vanilyan\u0131n lezzetli me\u015fe f\u0131\u00e7\u0131 notalar\u0131yla &quot;evlili\u011fi&quot; ile sonu\u00e7lan\u0131yor. Hafif\u00e7e so\u011futulmu\u015f, buzlu veya buzsuz i\u00e7ilir.\u00a0<\/span><\/p>\n<p><span style=\"font-family: Tahoma;\"><b>alc. 38%<\/b><\/span><\/p>","protected":false},"featured_media":52239,"template":"","meta":{"_acf_changed":false,"_kadence_starter_templates_imported_post":false,"_kad_post_transparent":"","_kad_post_title":"","_kad_post_layout":"","_kad_post_sidebar_id":"","_kad_post_content_style":"","_kad_post_vertical_padding":"","_kad_post_feature":"","_kad_post_feature_position":"","_kad_post_header":false,"_kad_post_footer":false},"product_cat":[506],"product_tag":[],"class_list":{"0":"post-52238","1":"product","2":"type-product","3":"status-publish","4":"has-post-thumbnail","6":"product_cat-liker","7":"product_shipping_class-mi-kapnika","9":"first","10":"instock","11":"taxable","12":"shipping-taxable","13":"purchasable","14":"product-type-simple","15":"entry","16":"content-bg","17":"loop-entry"},"acf":[],"_links":{"self":[{"href":"https:\/\/nicoteam.gr\/tr\/wp-json\/wp\/v2\/product\/52238","targetHints":{"allow":["GET"]}}],"collection":[{"href":"https:\/\/nicoteam.gr\/tr\/wp-json\/wp\/v2\/product"}],"about":[{"href":"https:\/\/nicoteam.gr\/tr\/wp-json\/wp\/v2\/types\/product"}],"wp:featuredmedia":[{"embeddable":true,"href":"https:\/\/nicoteam.gr\/tr\/wp-json\/wp\/v2\/media\/52239"}],"wp:attachment":[{"href":"https:\/\/nicoteam.gr\/tr\/wp-json\/wp\/v2\/media?parent=52238"}],"wp:term":[{"taxonomy":"product_cat","embeddable":true,"href":"https:\/\/nicoteam.gr\/tr\/wp-json\/wp\/v2\/product_cat?post=52238"},{"taxonomy":"product_tag","embeddable":true,"href":"https:\/\/nicoteam.gr\/tr\/wp-json\/wp\/v2\/product_tag?post=52238"}],"curies":[{"name":"wp","href":"https:\/\/api.w.org\/{rel}","templated":true}]}}