{"id":52171,"date":"2023-10-23T11:06:25","date_gmt":"2023-10-23T09:06:25","guid":{"rendered":"https:\/\/nicoteam.gr\/?post_type=product&#038;p=52171"},"modified":"2023-10-23T11:07:33","modified_gmt":"2023-10-23T09:07:33","slug":"veo-scarlet-click-tobacco-free-designed-for-glo","status":"publish","type":"product","link":"https:\/\/nicoteam.gr\/tr\/product\/veo-scarlet-click-tobacco-free-designed-for-glo\/","title":{"rendered":"veo\u2122 Scarlet Click Tobacco Free, glo i\u00e7in tasarland\u0131"},"content":{"rendered":"<ul>\n<li>Yeni Yar\u0131 \u0130nce Format<\/li>\n<li>T\u00fcp filtresi<\/li>\n<li>Her pakette 20 adet bar bulunmaktad\u0131r<\/li>\n<li>En kaliteli Rooibos yapraklar\u0131<\/li>\n<li>Normal sigara gibi yakmay\u0131n<\/li>\n<li>onlar\u0131 g\u00f6r\u00fcyorum<sup>TM<\/sup>\u00a0t\u00fcm cihazlarla uyumludur\u00a0<a href=\"https:\/\/www.discoverglo.gr\/agorase-to-glotm\/glo-syskeyes\">glo<sup>TM<\/sup><\/a><\/li>\n<\/ul>","protected":false},"excerpt":{"rendered":"<div class=\"f2fwkol mgz-element mgz-child mgz-element-heading mgz-hidden-sm mgz-hidden-xs\">\n<div class=\"mgz-element-inner f2fwkol-s\">\n<h2 class=\"mgz-element-heading-text\" data-inline-fontsize=\"true\" data-fontsize=\"32px\">veo ile tan\u0131\u015f\u0131n<sup>TM<\/sup><\/h2>\n<\/div>\n<\/div>\n<div class=\"bb6qn3g mgz-element mgz-child mgz-element-text mgz-hidden-sm mgz-hidden-xs\">\n<div class=\"mgz-element-inner bb6qn3g-s\">\n<p>veo \u00e7ubuklar\u0131<sup>TM<\/sup>\u00a0Glo cihazlar\u0131 i\u00e7in<sup>TM\u00a0<\/sup>tasarland\u0131<br \/>\nyeni, yenilik\u00e7i dumans\u0131z teknolojiyle*<br \/>\nRooibos yapraklar\u0131ndan yap\u0131l\u0131r.<\/p>\n<\/div>\n<\/div>\n<div class=\"gcgtblw mgz-element mgz-child mgz-element-heading\">\n<div class=\"mgz-element-inner gcgtblw-s\">\n<h2 class=\"mgz-element-heading-text\" data-inline-fontsize=\"true\" data-fontsize=\"10px\">*Bu \u00fcr\u00fcn Rooibos bitkisinden ba\u011f\u0131ml\u0131l\u0131k yap\u0131c\u0131 bir madde olan nikotin ilavesiyle \u00fcretilmi\u015ftir.<br \/>\nYaln\u0131zca glo\u2122 \u0131s\u0131t\u0131c\u0131larla kullan\u0131lmak \u00fczere tasarlanm\u0131\u015ft\u0131r. Bu \u00fcr\u00fcn zarars\u0131z de\u011fildir.<\/h2>\n<\/div>\n<\/div>\n<div class=\"l42l3x5 mgz-element mgz-child mgz-element-heading\">\n<div class=\"mgz-element-inner l42l3x5-s\">\n<h2 class=\"mgz-element-heading-text\" data-inline-fontsize=\"true\" data-fontsize=\"32px\">ROOIBOS B\u0130TK\u0130S\u0130 NED\u0130R?<\/h2>\n<\/div>\n<\/div>\n<div class=\"nyeaom8 mgz-element mgz-child mgz-element-text\">\n<div class=\"mgz-element-inner nyeaom8-s\">\n<p>Rooibos, veo&#039;nun yap\u0131ld\u0131\u011f\u0131 G\u00fcney Afrika&#039;ya \u00f6zg\u00fc bir bitkidir.<sup>TM<\/sup>\u00a0y\u00fcksek kaliteli sayfalar kullanma.<\/p>\n<p>N\u00f6tr bir tada sahiptir, \u0131s\u0131t\u0131ld\u0131\u011f\u0131nda ise veo&#039;nun zengin tatlar\u0131n\u0131n ortaya \u00e7\u0131kmas\u0131n\u0131 sa\u011flar.<sup>TM<\/sup>\u00a0\u00f6ne \u00e7\u0131kmak ve \u00f6ne \u00e7\u0131kmak, kullan\u0131c\u0131ya benzersiz bir deneyim sunmak.<\/p>\n<div class=\"v740qyq mgz-element mgz-child mgz-element-heading\">\n<div class=\"mgz-element-inner v740qyq-s\">\n<h2 class=\"mgz-element-heading-text\" data-inline-fontsize=\"true\" data-fontsize=\"32px\">DAYANMAZ LEZZET,<br \/>\nKAPS\u00dcL \u0130LE GEL\u0130\u015eT\u0130R\u0130LD\u0130<\/h2>\n<\/div>\n<\/div>\n<div class=\"hhpe7e5 mgz-element mgz-child mgz-element-text\">\n<div class=\"mgz-element-inner hhpe7e5-s\">\n<p>veo \u00e7ubuklar\u0131<sup>TM<\/sup>\u00a0\u00fcr\u00fcn\u00fcn y\u00fcksek kalitesini garanti eden bilimle bir m\u00fcttefik olarak haz\u0131rlan\u0131rlar. Her \u00e7ubuk, bast\u0131\u011f\u0131n\u0131z anda etkinle\u015fen ve tat deneyimini geli\u015ftiren bir kaps\u00fcl i\u00e7erir.<\/p>\n<\/div>\n<\/div>\n<\/div>\n<\/div>","protected":false},"featured_media":52172,"template":"","meta":{"_acf_changed":false,"_kadence_starter_templates_imported_post":false,"_kad_post_transparent":"","_kad_post_title":"","_kad_post_layout":"","_kad_post_sidebar_id":"","_kad_post_content_style":"","_kad_post_vertical_padding":"","_kad_post_feature":"","_kad_post_feature_position":"","_kad_post_header":false,"_kad_post_footer":false},"product_cat":[1055],"product_tag":[],"class_list":{"0":"post-52171","1":"product","2":"type-product","3":"status-publish","4":"has-post-thumbnail","6":"product_cat-1055","7":"product_shipping_class-kapnika","9":"first","10":"instock","11":"purchasable","12":"product-type-simple","13":"entry","14":"content-bg","15":"loop-entry"},"acf":[],"_links":{"self":[{"href":"https:\/\/nicoteam.gr\/tr\/wp-json\/wp\/v2\/product\/52171","targetHints":{"allow":["GET"]}}],"collection":[{"href":"https:\/\/nicoteam.gr\/tr\/wp-json\/wp\/v2\/product"}],"about":[{"href":"https:\/\/nicoteam.gr\/tr\/wp-json\/wp\/v2\/types\/product"}],"wp:featuredmedia":[{"embeddable":true,"href":"https:\/\/nicoteam.gr\/tr\/wp-json\/wp\/v2\/media\/52172"}],"wp:attachment":[{"href":"https:\/\/nicoteam.gr\/tr\/wp-json\/wp\/v2\/media?parent=52171"}],"wp:term":[{"taxonomy":"product_cat","embeddable":true,"href":"https:\/\/nicoteam.gr\/tr\/wp-json\/wp\/v2\/product_cat?post=52171"},{"taxonomy":"product_tag","embeddable":true,"href":"https:\/\/nicoteam.gr\/tr\/wp-json\/wp\/v2\/product_tag?post=52171"}],"curies":[{"name":"wp","href":"https:\/\/api.w.org\/{rel}","templated":true}]}}