{"id":52152,"date":"2023-06-18T10:31:55","date_gmt":"2023-06-18T08:31:55","guid":{"rendered":"https:\/\/nicoteam.gr\/?post_type=product&#038;p=52152"},"modified":"2025-09-20T13:35:29","modified_gmt":"2025-09-20T11:35:29","slug":"lubinski-hygrometer-yja-13014","status":"publish","type":"product","link":"https:\/\/nicoteam.gr\/tr\/product\/lubinski-hygrometer-yja-13014\/","title":{"rendered":"Lubinski higrometre YJA-13014"},"content":{"rendered":"","protected":false},"excerpt":{"rendered":"<p>Higrometre, havan\u0131n veya ba\u015fka bir gaz\u0131n nemini, yani ne kadar su buhar\u0131 i\u00e7erdi\u011fini \u00f6l\u00e7en bir ara\u00e7t\u0131r.<\/p>","protected":false},"featured_media":52153,"template":"","meta":{"_acf_changed":false,"_kadence_starter_templates_imported_post":false,"_kad_post_transparent":"default","_kad_post_title":"","_kad_post_layout":"default","_kad_post_sidebar_id":"","_kad_post_content_style":"default","_kad_post_vertical_padding":"default","_kad_post_feature":"","_kad_post_feature_position":"","_kad_post_header":false,"_kad_post_footer":false},"product_cat":[151,545],"product_tag":[],"class_list":{"0":"post-52152","1":"product","2":"type-product","3":"status-publish","4":"has-post-thumbnail","6":"product_cat-axesouar-pouron","7":"product_cat-irometra-kai-igrantika","9":"first","10":"instock","11":"taxable","12":"shipping-taxable","13":"purchasable","14":"product-type-simple","15":"entry","16":"content-bg","17":"loop-entry"},"acf":[],"_links":{"self":[{"href":"https:\/\/nicoteam.gr\/tr\/wp-json\/wp\/v2\/product\/52152","targetHints":{"allow":["GET"]}}],"collection":[{"href":"https:\/\/nicoteam.gr\/tr\/wp-json\/wp\/v2\/product"}],"about":[{"href":"https:\/\/nicoteam.gr\/tr\/wp-json\/wp\/v2\/types\/product"}],"wp:featuredmedia":[{"embeddable":true,"href":"https:\/\/nicoteam.gr\/tr\/wp-json\/wp\/v2\/media\/52153"}],"wp:attachment":[{"href":"https:\/\/nicoteam.gr\/tr\/wp-json\/wp\/v2\/media?parent=52152"}],"wp:term":[{"taxonomy":"product_cat","embeddable":true,"href":"https:\/\/nicoteam.gr\/tr\/wp-json\/wp\/v2\/product_cat?post=52152"},{"taxonomy":"product_tag","embeddable":true,"href":"https:\/\/nicoteam.gr\/tr\/wp-json\/wp\/v2\/product_tag?post=52152"}],"curies":[{"name":"wp","href":"https:\/\/api.w.org\/{rel}","templated":true}]}}