{"id":51152,"date":"2023-08-29T10:27:50","date_gmt":"2023-08-29T08:27:50","guid":{"rendered":"https:\/\/nicoteam.gr\/?post_type=product&#038;p=51152"},"modified":"2025-10-20T10:28:07","modified_gmt":"2025-10-20T08:28:07","slug":"davidoff-zino-nicaragua-gordo","status":"publish","type":"product","link":"https:\/\/nicoteam.gr\/tr\/product\/davidoff-zino-nicaragua-gordo\/","title":{"rendered":"Davidoff Zino Nicaragua Gordo (Box of 4s)"},"content":{"rendered":"","protected":false},"excerpt":{"rendered":"<p>THE<b>\u00a0<\/b>onun yeni dizisi\u00a0<strong>Davidoff, Zino Nikaragua<\/strong>, yeni deneyimler arayan, basit ve monoton g\u00fcnl\u00fck ya\u015famla yetinmeyenlere hitap ediyor. Bu nedenle Davidoff, Nikaragua, Honduras ve Dominik Cumhuriyeti&#039;nden gelen t\u00fct\u00fcnlerin \u00e7e\u015fitli bir kar\u0131\u015f\u0131m\u0131n\u0131 olu\u015fturan ve y\u00fcksek kaliteyle birle\u015ferek g\u00fcn\u00fcn her saati ve durumu i\u00e7in ideal, yumu\u015fak, lezzetli ve uygun fiyatl\u0131 bir puro sunan Zino serisini yeniden tan\u0131ml\u0131yor.<\/p>","protected":false},"featured_media":51153,"template":"","meta":{"_acf_changed":false,"_kadence_starter_templates_imported_post":false,"_kad_post_transparent":"","_kad_post_title":"","_kad_post_layout":"","_kad_post_sidebar_id":"","_kad_post_content_style":"","_kad_post_vertical_padding":"","_kad_post_feature":"","_kad_post_feature_position":"","_kad_post_header":false,"_kad_post_footer":false},"product_cat":[1281,693,595],"product_tag":[],"class_list":{"0":"post-51152","1":"product","2":"type-product","3":"status-publish","4":"has-post-thumbnail","6":"product_cat-davidoff","7":"product_cat-davidoff-cigar","8":"product_cat-nicaragua-cigar","9":"product_shipping_class-kapnika","11":"first","12":"instock","13":"purchasable","14":"product-type-simple","15":"entry","16":"content-bg","17":"loop-entry"},"acf":[],"_links":{"self":[{"href":"https:\/\/nicoteam.gr\/tr\/wp-json\/wp\/v2\/product\/51152","targetHints":{"allow":["GET"]}}],"collection":[{"href":"https:\/\/nicoteam.gr\/tr\/wp-json\/wp\/v2\/product"}],"about":[{"href":"https:\/\/nicoteam.gr\/tr\/wp-json\/wp\/v2\/types\/product"}],"wp:featuredmedia":[{"embeddable":true,"href":"https:\/\/nicoteam.gr\/tr\/wp-json\/wp\/v2\/media\/51153"}],"wp:attachment":[{"href":"https:\/\/nicoteam.gr\/tr\/wp-json\/wp\/v2\/media?parent=51152"}],"wp:term":[{"taxonomy":"product_cat","embeddable":true,"href":"https:\/\/nicoteam.gr\/tr\/wp-json\/wp\/v2\/product_cat?post=51152"},{"taxonomy":"product_tag","embeddable":true,"href":"https:\/\/nicoteam.gr\/tr\/wp-json\/wp\/v2\/product_tag?post=51152"}],"curies":[{"name":"wp","href":"https:\/\/api.w.org\/{rel}","templated":true}]}}