{"id":48167,"date":"2023-08-19T12:07:42","date_gmt":"2023-08-19T10:07:42","guid":{"rendered":"https:\/\/nicoteam.gr\/?post_type=product&#038;p=48167"},"modified":"2024-08-10T10:08:27","modified_gmt":"2024-08-10T08:08:27","slug":"%cf%86%ce%b1%ce%ba%ce%b5%ce%bb%ce%ac%ce%ba%ce%b9%ce%b1-%ce%bd%ce%b9%ce%ba%ce%bf%cf%84%ce%af%ce%bd%ce%b7%cf%82-bagz-fizzy-orange-16mg","status":"publish","type":"product","link":"https:\/\/nicoteam.gr\/tr\/product\/%cf%86%ce%b1%ce%ba%ce%b5%ce%bb%ce%ac%ce%ba%ce%b9%ce%b1-%ce%bd%ce%b9%ce%ba%ce%bf%cf%84%ce%af%ce%bd%ce%b7%cf%82-bagz-fizzy-orange-16mg\/","title":{"rendered":"Nikotin po\u015fetleri BAGZ Fizzy Orange 16mg"},"content":{"rendered":"","protected":false},"excerpt":{"rendered":"<p><strong><span>Nikotin po\u015fetleri BAGZ Fizzy Orange STRONG 16 mg<\/span><\/strong><span>\u00a0Kullanabilirsiniz<\/span><br \/>\n<span>nikotin po\u015fetleri\u00a0<\/span><strong><span>BAGZ nerede olursan\u0131z olun, istedi\u011finiz zaman.<\/span><\/strong><br \/>\n<span>Onlar sayesinde nikotin arzusunu h\u0131zl\u0131 ve gizli bir \u015fekilde tatmin edebilirsiniz.<\/span><br \/>\n<span>Sadece keseyi tak\u0131n\u00a0<\/span><strong><span>BA\u011eZ<\/span><\/strong><span>\u00a0\u00fcst duda\u011f\u0131n\u0131z\u0131n alt\u0131na uygulay\u0131n ve birka\u00e7 ila 30 dakika bekletin.<\/span><\/p>\n<p><span>16 mg nikotin konsantrasyonuna sahip STRONG BAGZ, yo\u011fun nikotin deneyimi arayan ki\u015filere \u00f6zeldir.<\/span><\/p>\n<p><span>Aroma: parlak turuncu<\/span><br \/>\n<span>Nikotin i\u00e7eri\u011fi: 16mg\/g<\/span><br \/>\n<span>Porsiyon ba\u015f\u0131na nikotin: 9,6 mg<\/span><br \/>\n<span>Paket ba\u015f\u0131na po\u015fet say\u0131s\u0131: 22<\/span><\/p>","protected":false},"featured_media":48168,"template":"","meta":{"_acf_changed":false,"_kadence_starter_templates_imported_post":false,"_kad_post_transparent":"","_kad_post_title":"","_kad_post_layout":"","_kad_post_sidebar_id":"","_kad_post_content_style":"","_kad_post_vertical_padding":"","_kad_post_feature":"","_kad_post_feature_position":"","_kad_post_header":false,"_kad_post_footer":false},"product_cat":[1147],"product_tag":[],"class_list":{"0":"post-48167","1":"product","2":"type-product","3":"status-publish","4":"has-post-thumbnail","6":"product_cat-1147","7":"product_shipping_class-mi-kapnika","9":"first","10":"instock","11":"taxable","12":"shipping-taxable","13":"purchasable","14":"product-type-simple","15":"entry","16":"content-bg","17":"loop-entry"},"acf":[],"_links":{"self":[{"href":"https:\/\/nicoteam.gr\/tr\/wp-json\/wp\/v2\/product\/48167","targetHints":{"allow":["GET"]}}],"collection":[{"href":"https:\/\/nicoteam.gr\/tr\/wp-json\/wp\/v2\/product"}],"about":[{"href":"https:\/\/nicoteam.gr\/tr\/wp-json\/wp\/v2\/types\/product"}],"wp:featuredmedia":[{"embeddable":true,"href":"https:\/\/nicoteam.gr\/tr\/wp-json\/wp\/v2\/media\/48168"}],"wp:attachment":[{"href":"https:\/\/nicoteam.gr\/tr\/wp-json\/wp\/v2\/media?parent=48167"}],"wp:term":[{"taxonomy":"product_cat","embeddable":true,"href":"https:\/\/nicoteam.gr\/tr\/wp-json\/wp\/v2\/product_cat?post=48167"},{"taxonomy":"product_tag","embeddable":true,"href":"https:\/\/nicoteam.gr\/tr\/wp-json\/wp\/v2\/product_tag?post=48167"}],"curies":[{"name":"wp","href":"https:\/\/api.w.org\/{rel}","templated":true}]}}