{"id":19308,"date":"2023-07-01T08:47:49","date_gmt":"2023-07-01T06:47:49","guid":{"rendered":"https:\/\/nicoteam.gr\/?post_type=product&#038;p=19308"},"modified":"2024-08-03T13:20:50","modified_gmt":"2024-08-03T11:20:50","slug":"montecristo-open-master","status":"publish","type":"product","link":"https:\/\/nicoteam.gr\/tr\/product\/montecristo-open-master\/","title":{"rendered":"Montecristo Open Master Tubos (Box of 3) (PTE-NOV-23)"},"content":{"rendered":"<p>Montecristo&#039;nun Open serisi, karma\u015f\u0131k tatlardan olu\u015fan bir deneyim sunarak hem deneyimli hem de acemi sigara i\u00e7icilerinin ilgisini \u00e7ekmeye devam ederek markaya ba\u015fka bir boyut kazand\u0131rd\u0131.<\/p>\n<p>&nbsp;<\/p>\n<p>\u03a4\u03bf Open Master \u03b5\u03af\u03bd\u03b1\u03b9 \u03ad\u03bd\u03b1 \u03c0\u03bf\u03cd\u03c1\u03bf \u03bc\u03b5\u03b3\u03ad\u03b8\u03bf\u03c5\u03c2 Robusto \u03b9\u03b4\u03b1\u03bd\u03b9\u03ba\u03cc \u03b5\u03af\u03c4\u03b5 \u03b3\u03b9\u03b1 \u03bb\u03ac\u03c4\u03c1\u03b5\u03b9\u03c2 \u03b5\u03af\u03c4\u03b5 \u03b3\u03b9\u03b1 \u03b5\u03c1\u03b1\u03c3\u03b9\u03c4\u03ad\u03c7\u03bd\u03b5\u03c2. \u039f\u03b9 \u03b5\u03bb\u03b1\u03c6\u03c1\u03b9\u03ad\u03c2, \u03c0\u03bf\u03c4\u03ad \u03b2\u03b1\u03c1\u03b9\u03ad\u03c2, \u03bd\u03cc\u03c4\u03b5\u03c2 \u03c0\u03bf\u03c5 \u03b1\u03c0\u03b5\u03bb\u03b5\u03c5\u03b8\u03b5\u03c1\u03ce\u03bd\u03bf\u03bd\u03c4\u03b1\u03b9 \u03b8\u03b1 \u03c3\u03b1\u03c2 \u03c4\u03b1\u03be\u03b9\u03b4\u03ad\u03c8\u03bf\u03c5\u03bd. \u0391\u03bd\u03ac\u03b2\u03b5\u03b9 \u03b5\u03cd\u03ba\u03bf\u03bb\u03b1 \u03ba\u03b1\u03b9 \u03ba\u03b1\u03b8\u03ce\u03c2 \u03c0\u03c1\u03bf\u03c7\u03c9\u03c1\u03ac\u03b5\u03b9 \u03c4\u03bf \u03ba\u03ac\u03c0\u03bd\u03b9\u03c3\u03bc\u03b1 \u03b7 \u03b3\u03b5\u03cd\u03c3\u03b7 \u03c4\u03bf\u03c5 \u03b3\u03af\u03bd\u03b5\u03c4\u03b1\u03b9 \u03c0\u03b9\u03bf \u03c0\u03bb\u03bf\u03cd\u03c3\u03b9\u03b1 \u03bc\u03b5 \u03c0\u03bb\u03b7\u03b8\u03ce\u03c1\u03b1 \u03b1\u03c1\u03c9\u03bc\u03ac\u03c4\u03c9\u03bd. \u039a\u03b1\u03c4\u03ac\u03bb\u03bb\u03b7\u03bb\u03b7 \u03b5\u03c0\u03b9\u03bb\u03bf\u03b3\u03ae \u03b3\u03b9\u03b1 \u03cc\u03c3\u03bf\u03c5\u03c2 \u03b5\u03c0\u03b9\u03b8\u03c5\u03bc\u03bf\u03cd\u03bd \u03ad\u03bd\u03b1 \u03c0\u03bf\u03cd\u03c1\u03bf \u03bc\u03b5\u03c3\u03b1\u03af\u03bf\u03c5 \u03c3\u03ce\u03bc\u03b1\u03c4\u03bf\u03c2.<\/p>","protected":false},"excerpt":{"rendered":"<p>Montecristo markas\u0131, K\u00fcba&#039;da t\u00fcm zamanlar\u0131n en kaliteli \u00fcretimine sahip olmas\u0131 nedeniyle K\u00fcba&#039;n\u0131n amiral gemisi konumundad\u0131r. Bir markay\u0131 bu kadar tan\u0131nabilir ve ba\u015far\u0131l\u0131 k\u0131lan sadece pazarlama de\u011fildir. \u00d6te yandan Montecristo purolar\u0131, ister deneyimli ister acemi olsun, her sigara i\u00e7icisinin damak zevkini tatmin edebilir. \u015e\u00f6hreti ondan \u00f6nce gelir, ancak deneyim en zorlu olan\u0131 bile hakl\u0131 \u00e7\u0131kar\u0131r!<\/p>","protected":false},"featured_media":19309,"template":"","meta":{"_acf_changed":false,"_kadence_starter_templates_imported_post":false,"_kad_post_transparent":"default","_kad_post_title":"","_kad_post_layout":"default","_kad_post_sidebar_id":"","_kad_post_content_style":"default","_kad_post_vertical_padding":"default","_kad_post_feature":"","_kad_post_feature_position":"","_kad_post_header":false,"_kad_post_footer":false},"product_cat":[1265,598],"product_tag":[],"class_list":{"0":"post-19308","1":"product","2":"type-product","3":"status-publish","4":"has-post-thumbnail","6":"product_cat-montecristo","7":"product_cat-cuba-cigars","8":"product_shipping_class-kapnika","10":"first","11":"outofstock","12":"purchasable","13":"product-type-simple","14":"entry","15":"content-bg","16":"loop-entry"},"acf":[],"_links":{"self":[{"href":"https:\/\/nicoteam.gr\/tr\/wp-json\/wp\/v2\/product\/19308","targetHints":{"allow":["GET"]}}],"collection":[{"href":"https:\/\/nicoteam.gr\/tr\/wp-json\/wp\/v2\/product"}],"about":[{"href":"https:\/\/nicoteam.gr\/tr\/wp-json\/wp\/v2\/types\/product"}],"wp:featuredmedia":[{"embeddable":true,"href":"https:\/\/nicoteam.gr\/tr\/wp-json\/wp\/v2\/media\/19309"}],"wp:attachment":[{"href":"https:\/\/nicoteam.gr\/tr\/wp-json\/wp\/v2\/media?parent=19308"}],"wp:term":[{"taxonomy":"product_cat","embeddable":true,"href":"https:\/\/nicoteam.gr\/tr\/wp-json\/wp\/v2\/product_cat?post=19308"},{"taxonomy":"product_tag","embeddable":true,"href":"https:\/\/nicoteam.gr\/tr\/wp-json\/wp\/v2\/product_tag?post=19308"}],"curies":[{"name":"wp","href":"https:\/\/api.w.org\/{rel}","templated":true}]}}